{"id":202062,"date":"2025-03-21T14:37:53","date_gmt":"2025-03-21T14:37:53","guid":{"rendered":"https:\/\/aromasentia.com\/product\/back-to-the-bazaar-bag-yellow-orange\/"},"modified":"2025-06-22T03:42:26","modified_gmt":"2025-06-22T03:42:26","slug":"back-to-the-bazaar-taske-gul-og-orange","status":"publish","type":"product","link":"https:\/\/aromasentia.com\/da\/back-to-the-bazaar-taske-gul-og-orange\/","title":{"rendered":"Back To The Bazaar-Taske &#8211; Gul Og Orange"},"content":{"rendered":"<p>Denne smukke Bazaar-taske kan indeholde alt fra dagligvarer til strandh\u00e5ndkl\u00e6der, hvilket g\u00f8r den til den ideelle hverdagstaske! Den har en lille lomme indeni, to skulderstropper og lynl\u00e5slukning \u00f8verst for at holde dine ejendele sikre.<\/p>\n<ul style=\"padding: 0px; color: rgb(114, 114, 114); font-family: Ubuntu, sans-serif; font-size: 16px; font-style: normal; font-variant-ligatures: normal; font-variant-caps: normal; font-weight: 400; letter-spacing: normal; orphans: 2; text-align: start; text-indent: 0px; text-transform: none; white-space: normal; widows: 2; word-spacing: 0px; -webkit-text-stroke-width: 0px; text-decoration-thickness: initial; text-decoration-style: initial; text-decoration-color: initial; background-color: rgb(255, 255, 255);\">\n<li>M\u00e5l: 45 x 13,5 x 41,5 cm<\/li>\n<li>Reml\u00e6ngde: 35 cm<\/li>\n<li>Holdbart design<\/li>\n<\/ul>\n","protected":false},"excerpt":{"rendered":"<p>Denne smukke Bazaar-taske kan indeholde alt fra dagligvarer til strandh\u00e5ndkl\u00e6der, hvilket g\u00f8r den til den ideelle hverdagstaske! Den har en lille lomme indeni, to skulderstropper og lynl\u00e5slukning \u00f8verst for at holde dine ejendele sikre. M\u00e5l: 45 x 13,5 x 41,5 cm Reml\u00e6ngde: 35 cm Holdbart design<\/p>\n","protected":false},"featured_media":317891,"comment_status":"closed","ping_status":"open","template":"","meta":[],"product_brand":[],"product_cat":[7860,7861],"product_tag":[],"class_list":{"0":"post-202062","1":"product","2":"type-product","3":"status-publish","4":"has-post-thumbnail","6":"product_cat-oekologiske-tasker","7":"product_cat-tasker-og-rygsaekke","8":"pa_made-in-kina","10":"first","11":"outofstock","12":"purchasable","13":"product-type-simple"},"supplier_id":null,"supplier_sku":"BAZ-01","barcode":null,"atum_controlled":true,"out_stock_date":"2025-10-09 12:35:48","out_stock_threshold":null,"inheritable":false,"inbound_stock":null,"stock_on_hold":0,"sold_today":0,"sales_last_days":0,"reserved_stock":null,"customer_returns":null,"warehouse_damage":null,"lost_in_post":null,"other_logs":null,"out_stock_days":112,"lost_sales":0,"has_location":null,"update_date":"2026-01-30T01:25:10","atum_locations":[],"atum_stock_status":"outofstock","restock_status":false,"low_stock_amount":"","sales_update_date":"2026-01-30T01:25:10","calc_backorders":null,"_links":{"self":[{"href":"https:\/\/aromasentia.com\/da\/wp-json\/wp\/v2\/product\/202062","targetHints":{"allow":["GET"]}}],"collection":[{"href":"https:\/\/aromasentia.com\/da\/wp-json\/wp\/v2\/product"}],"about":[{"href":"https:\/\/aromasentia.com\/da\/wp-json\/wp\/v2\/types\/product"}],"replies":[{"embeddable":true,"href":"https:\/\/aromasentia.com\/da\/wp-json\/wp\/v2\/comments?post=202062"}],"version-history":[{"count":0,"href":"https:\/\/aromasentia.com\/da\/wp-json\/wp\/v2\/product\/202062\/revisions"}],"wp:featuredmedia":[{"embeddable":true,"href":"https:\/\/aromasentia.com\/da\/wp-json\/wp\/v2\/media\/317891"}],"wp:attachment":[{"href":"https:\/\/aromasentia.com\/da\/wp-json\/wp\/v2\/media?parent=202062"}],"wp:term":[{"taxonomy":"product_brand","embeddable":true,"href":"https:\/\/aromasentia.com\/da\/wp-json\/wp\/v2\/product_brand?post=202062"},{"taxonomy":"product_cat","embeddable":true,"href":"https:\/\/aromasentia.com\/da\/wp-json\/wp\/v2\/product_cat?post=202062"},{"taxonomy":"product_tag","embeddable":true,"href":"https:\/\/aromasentia.com\/da\/wp-json\/wp\/v2\/product_tag?post=202062"}],"curies":[{"name":"wp","href":"https:\/\/api.w.org\/{rel}","templated":true}]}}