{"id":202058,"date":"2025-03-21T14:37:53","date_gmt":"2025-03-21T14:37:53","guid":{"rendered":"https:\/\/aromasentia.com\/product\/s-m-hop-hare-bamboo-socks-low-36-40-dreamcatcher\/"},"modified":"2025-06-22T03:42:23","modified_gmt":"2025-06-22T03:42:23","slug":"s-m-hop-hare-bambus-stroemper-lav-36-40-droemmefangere","status":"publish","type":"product","link":"https:\/\/aromasentia.com\/da\/s-m-hop-hare-bambus-stroemper-lav-36-40-droemmefangere\/","title":{"rendered":"S\/M Hop Hare Bambus Str\u00f8mper Lav (36-40) &#8211; Dr\u00f8mmefangere"},"content":{"rendered":"<p><strong>Hop Hare &nbsp;Bamboo Socks Low &#8211; Dreamcatcher&nbsp;<\/strong>&#8211; &nbsp;f\u00e6ngslende design m\u00f8der enest\u00e5ende komfort. Disse sokker er en smuk repr\u00e6sentation af mystik, tro, traditioner og dr\u00f8mmenes kraft og tilbyder en fusion af stil og \u00e5ndelig betydning.&nbsp;<\/p>\n<p>Lavet af bambusgarn af h\u00f8j kvalitet. Fordelene ved <strong>bambusfibre<\/strong>, s\u00e5som fremragende fugtabsorption og ventilation, hj\u00e6lper med at holde f\u00f8dderne k\u00f8lige, t\u00f8rre og lugtfri. Bambusmaterialet giver ogs\u00e5 et silkebl\u00f8dt touch, hvilket g\u00f8r disse str\u00f8mper til en forn\u00f8jelse at have p\u00e5.<\/p>\n<p>Design inspireret af <strong>Dr\u00f8mmefangeren<\/strong>. M\u00f8nstrene og detaljerne i dr\u00f8mmefangerens design fremkalder en f\u00f8lelse af beskyttelse, positiv energi og troen p\u00e5, at man kan fange og filtrere negative dr\u00f8mme fra. Designet fungerer som et symbol p\u00e5 h\u00e5b, spiritualitet og str\u00e6ben efter at opfylde dr\u00f8mme. &nbsp;<\/p>\n<p>Det lavtsk\u00e5rne design sikrer et alsidigt og moderigtigt look, der passer godt sammen med forskellige skostilarter, fra sneakers til loafers.<\/p>\n<p>Hop Hare-sokkerne f\u00e5s i to st\u00f8rrelser: 3,5-6,5 UK (36-40 EU) og 7,5-11,5 UK (41-46 EU).&nbsp;<\/p>\n<p><em>Fremstillet i Tyrkiet. Sammens\u00e6tning: 70% bambus, 28,5% polyamid, 1,5% elastan.<\/em><\/p>\n<p><strong>Hvorfor bambusstr\u00f8mper?<\/strong><\/p>\n<p>&#8211; \u00e5ndbare<\/p>\n<p>&#8211; antibakterielle<\/p>\n<p>&#8211; termoregulerende<\/p>\n<p>&#8211; fugttransporterende<\/p>\n<p>&#8211; glat t\u00e5s\u00f8m<\/p>\n<p>&#8211; milj\u00f8venlige bambusfibre<\/p>\n<p><strong>Bestil nu, og giv dine kunder komfort og stil, der respekterer planeten.<\/strong><\/p>\n","protected":false},"excerpt":{"rendered":"<p>Hop Hare &nbsp;Bamboo Socks Low &#8211; Dreamcatcher&nbsp;&#8211; &nbsp;f\u00e6ngslende design m\u00f8der enest\u00e5ende komfort. Disse sokker er en smuk repr\u00e6sentation af mystik, tro, traditioner og dr\u00f8mmenes kraft og tilbyder en fusion af stil og \u00e5ndelig betydning.&nbsp; Lavet af bambusgarn af h\u00f8j kvalitet. Fordelene ved bambusfibre, s\u00e5som fremragende fugtabsorption og ventilation, hj\u00e6lper med at holde f\u00f8dderne k\u00f8lige, t\u00f8rre [&hellip;]<\/p>\n","protected":false},"featured_media":317727,"comment_status":"closed","ping_status":"open","template":"","meta":{"_angie_page":false},"product_brand":[27111],"product_cat":[26600,25831],"product_tag":[],"class_list":{"0":"post-202058","1":"product","2":"type-product","3":"status-publish","4":"has-post-thumbnail","6":"product_brand-hop-hare","7":"product_cat-sokker-og-stromper","8":"product_cat-toj","9":"pa_collection-hop-hore-bamboo-low-trainer-socks-da","10":"pa_made-in-tyrkiet","12":"first","13":"instock","14":"purchasable","15":"product-type-simple"},"supplier_id":null,"supplier_sku":"BamSL-17F","barcode":null,"atum_controlled":true,"out_stock_date":null,"out_stock_threshold":null,"inheritable":false,"inbound_stock":null,"stock_on_hold":0,"sold_today":0,"sales_last_days":0,"reserved_stock":null,"customer_returns":null,"warehouse_damage":null,"lost_in_post":null,"other_logs":null,"out_stock_days":0,"lost_sales":0,"has_location":null,"update_date":"2026-05-08T05:04:56","atum_locations":[],"atum_stock_status":"instock","restock_status":false,"low_stock_amount":"","sales_update_date":"2026-01-20T05:13:13","calc_backorders":null,"_links":{"self":[{"href":"https:\/\/aromasentia.com\/da\/wp-json\/wp\/v2\/product\/202058","targetHints":{"allow":["GET"]}}],"collection":[{"href":"https:\/\/aromasentia.com\/da\/wp-json\/wp\/v2\/product"}],"about":[{"href":"https:\/\/aromasentia.com\/da\/wp-json\/wp\/v2\/types\/product"}],"replies":[{"embeddable":true,"href":"https:\/\/aromasentia.com\/da\/wp-json\/wp\/v2\/comments?post=202058"}],"version-history":[{"count":0,"href":"https:\/\/aromasentia.com\/da\/wp-json\/wp\/v2\/product\/202058\/revisions"}],"wp:featuredmedia":[{"embeddable":true,"href":"https:\/\/aromasentia.com\/da\/wp-json\/wp\/v2\/media\/317727"}],"wp:attachment":[{"href":"https:\/\/aromasentia.com\/da\/wp-json\/wp\/v2\/media?parent=202058"}],"wp:term":[{"taxonomy":"product_brand","embeddable":true,"href":"https:\/\/aromasentia.com\/da\/wp-json\/wp\/v2\/product_brand?post=202058"},{"taxonomy":"product_cat","embeddable":true,"href":"https:\/\/aromasentia.com\/da\/wp-json\/wp\/v2\/product_cat?post=202058"},{"taxonomy":"product_tag","embeddable":true,"href":"https:\/\/aromasentia.com\/da\/wp-json\/wp\/v2\/product_tag?post=202058"}],"curies":[{"name":"wp","href":"https:\/\/api.w.org\/{rel}","templated":true}]}}