{"id":202047,"date":"2025-03-21T14:37:57","date_gmt":"2025-03-21T14:37:57","guid":{"rendered":"https:\/\/aromasentia.com\/product\/1x-bali-celtic-sarongs-yin-yang-4-assorted-colours\/"},"modified":"2025-06-22T03:42:19","modified_gmt":"2025-06-22T03:42:19","slug":"1x-bali-celtic-sarongs-yin-yang-4-assorterede-farver","status":"publish","type":"product","link":"https:\/\/aromasentia.com\/da\/1x-bali-celtic-sarongs-yin-yang-4-assorterede-farver\/","title":{"rendered":"1X Bali Celtic Sarongs &#8211; Yin &#038; Yang (4 Assorterede Farver)"},"content":{"rendered":"<p style=\"text-align: justify;\"><span style=\"color: rgb(75, 80, 88);\">Tag et kig p\u00e5 det nye udvalg af <strong>Bali Sarongs<\/strong>.<br \/>Disse <strong>Bali&nbsp;<\/strong><strong>keltisk inspirerede saronger &#8211; Yin &#038; Yang (4 assorterede farver)<\/strong> har den ideelle st\u00f8rrelse til at vikle rundt om taljen, kan ogs\u00e5 v\u00e6re b\u00e5de sporty og elegante, perfekte til enhver lejlighed, is\u00e6r som strandtilbeh\u00f8r.<\/span><\/p>\n<p style=\"text-align: justify;\"><span style=\"color: rgb(75, 80, 88);\">Lette, b\u00e6rbare, moderigtige og alligevel funktionelle, disse saronger vil helt sikkert s\u00e6lge med sommeren der n\u00e6rmer sig (og ikke kun da).<\/span><\/p>\n<p style=\"text-align: justify;\"><span style=\"color: rgb(75, 80, 88);\">F\u00e5s i tre forskellige designvariationer, hver variant kommer med fire dejlige levende farvedesigns. &nbsp;<\/span><\/p>\n<p style=\"text-align: justify;\"><span style=\"color: rgb(141, 186, 216);\"><strong>BEM\u00c6RK: Angiv venligst i en note, hvilken variant du er interesseret i, ellers vil der blive valgt et tilf\u00e6ldigt design.&nbsp;<\/strong><\/span><\/p>\n<p style=\"text-align: justify;\"><span style=\"color: rgb(75, 80, 88);\">&nbsp;Lavet af 100% rayon.<\/span><\/p>\n<p style=\"text-align: justify;\"><strong><span style=\"color: rgb(141, 186, 216);\">Bestil nu, og se dem fylde din e-shops indk\u00f8bskurv.<\/span><\/strong><\/p>\n","protected":false},"excerpt":{"rendered":"<p>Tag et kig p\u00e5 det nye udvalg af Bali Sarongs.Disse Bali&nbsp;keltisk inspirerede saronger &#8211; Yin &#038; Yang (4 assorterede farver) har den ideelle st\u00f8rrelse til at vikle rundt om taljen, kan ogs\u00e5 v\u00e6re b\u00e5de sporty og elegante, perfekte til enhver lejlighed, is\u00e6r som strandtilbeh\u00f8r. Lette, b\u00e6rbare, moderigtige og alligevel funktionelle, disse saronger vil helt sikkert [&hellip;]<\/p>\n","protected":false},"featured_media":643602,"comment_status":"closed","ping_status":"open","template":"","meta":{"_angie_page":false},"product_brand":[],"product_cat":[26599,25831],"product_tag":[],"class_list":{"0":"post-202047","1":"product","2":"type-product","3":"status-publish","4":"has-post-thumbnail","6":"product_cat-saronger","7":"product_cat-toj","8":"pa_collection-bali-cool-celtic-inspired-sarongs-da","9":"pa_made-in-indonesien","11":"first","12":"outofstock","13":"purchasable","14":"product-type-simple"},"supplier_id":null,"supplier_sku":"BCS-03DS","barcode":null,"atum_controlled":true,"out_stock_date":"2026-02-12 05:51:05","out_stock_threshold":null,"inheritable":false,"inbound_stock":null,"stock_on_hold":0,"sold_today":0,"sales_last_days":0,"reserved_stock":null,"customer_returns":null,"warehouse_damage":null,"lost_in_post":null,"other_logs":null,"out_stock_days":0,"lost_sales":0,"has_location":null,"update_date":"2026-04-27T06:54:36","atum_locations":[],"atum_stock_status":"outofstock","restock_status":false,"low_stock_amount":"","sales_update_date":"2026-01-30T01:25:40","calc_backorders":null,"_links":{"self":[{"href":"https:\/\/aromasentia.com\/da\/wp-json\/wp\/v2\/product\/202047","targetHints":{"allow":["GET"]}}],"collection":[{"href":"https:\/\/aromasentia.com\/da\/wp-json\/wp\/v2\/product"}],"about":[{"href":"https:\/\/aromasentia.com\/da\/wp-json\/wp\/v2\/types\/product"}],"replies":[{"embeddable":true,"href":"https:\/\/aromasentia.com\/da\/wp-json\/wp\/v2\/comments?post=202047"}],"version-history":[{"count":0,"href":"https:\/\/aromasentia.com\/da\/wp-json\/wp\/v2\/product\/202047\/revisions"}],"wp:featuredmedia":[{"embeddable":true,"href":"https:\/\/aromasentia.com\/da\/wp-json\/wp\/v2\/media\/643602"}],"wp:attachment":[{"href":"https:\/\/aromasentia.com\/da\/wp-json\/wp\/v2\/media?parent=202047"}],"wp:term":[{"taxonomy":"product_brand","embeddable":true,"href":"https:\/\/aromasentia.com\/da\/wp-json\/wp\/v2\/product_brand?post=202047"},{"taxonomy":"product_cat","embeddable":true,"href":"https:\/\/aromasentia.com\/da\/wp-json\/wp\/v2\/product_cat?post=202047"},{"taxonomy":"product_tag","embeddable":true,"href":"https:\/\/aromasentia.com\/da\/wp-json\/wp\/v2\/product_tag?post=202047"}],"curies":[{"name":"wp","href":"https:\/\/api.w.org\/{rel}","templated":true}]}}