{"id":202043,"date":"2025-03-21T14:37:57","date_gmt":"2025-03-21T14:37:57","guid":{"rendered":"https:\/\/aromasentia.com\/product\/body-cross-bag-natural-cotton-tan-navy\/"},"modified":"2025-06-22T03:42:17","modified_gmt":"2025-06-22T03:42:17","slug":"body-cross-bag-i-naturlig-bomuld-tan-navy","status":"publish","type":"product","link":"https:\/\/aromasentia.com\/da\/body-cross-bag-i-naturlig-bomuld-tan-navy\/","title":{"rendered":"Body Cross Bag I Naturlig Bomuld &#8211; Tan &#038; Navy"},"content":{"rendered":"<p><span style=\"color: rgb(75, 80, 88);\"><strong>Opdag vores crossbody-taske i naturlig bomuld i brun og marinebl\u00e5<\/strong>: stilfuld, b\u00e6redygtig og funktionel. Lavet af fin naturlig bomuld med justerbare stropper og sikre lommer.<\/span><\/p>\n<p><span style=\"color: rgb(75, 80, 88);\"><strong>Perfekt til enhver lejlighed, disse milj\u00f8venlige tasker er et must-have!<\/strong><\/span><\/p>\n<p><span style=\"color: rgb(75, 80, 88);\"><strong>Materiale:<\/strong> Naturlig bomuld<\/span><\/p>\n<p><span style=\"color: rgb(75, 80, 88);\"><strong>M\u00e5l:<\/strong> 34 x 18 x 5 cm (13,4 x 7,1 x 2 tommer)<\/span><\/p>\n<p><span style=\"color: rgb(75, 80, 88);\"><strong>Stroppl\u00e6ngde:<\/strong> justerbar 51 &#8211; 96 cm (20,1 x 37,8 tommer)<\/span><\/p>\n<p><span style=\"color: rgb(75, 80, 88);\"><strong>Justerbar lukning:<\/strong>To lynl\u00e5slommer, en trykknaplukning<\/span><\/p>\n<p><span style=\"color: rgb(75, 80, 88);\"><strong>Plejeanvisning:<\/strong>Anbefales kun til h\u00e5ndvask<\/span><\/p>\n","protected":false},"excerpt":{"rendered":"<p>Opdag vores crossbody-taske i naturlig bomuld i brun og marinebl\u00e5: stilfuld, b\u00e6redygtig og funktionel. Lavet af fin naturlig bomuld med justerbare stropper og sikre lommer. Perfekt til enhver lejlighed, disse milj\u00f8venlige tasker er et must-have! Materiale: Naturlig bomuld M\u00e5l: 34 x 18 x 5 cm (13,4 x 7,1 x 2 tommer) Stroppl\u00e6ngde: justerbar 51 &#8211; [&hellip;]<\/p>\n","protected":false},"featured_media":318229,"comment_status":"closed","ping_status":"open","template":"","meta":{"_angie_page":false},"product_brand":[],"product_cat":[7860,7861],"product_tag":[],"class_list":{"0":"post-202043","1":"product","2":"type-product","3":"status-publish","4":"has-post-thumbnail","6":"product_cat-oekologiske-tasker","7":"product_cat-tasker-og-rygsaekke","8":"pa_collection-natural-cotton-cross-body-bags-da","9":"pa_made-in-indien","11":"first","12":"instock","13":"purchasable","14":"product-type-simple"},"supplier_id":null,"supplier_sku":"BCrB-03","barcode":null,"atum_controlled":true,"out_stock_date":null,"out_stock_threshold":null,"inheritable":false,"inbound_stock":null,"stock_on_hold":0,"sold_today":0,"sales_last_days":0,"reserved_stock":null,"customer_returns":null,"warehouse_damage":null,"lost_in_post":null,"other_logs":null,"out_stock_days":0,"lost_sales":0,"has_location":null,"update_date":"2026-04-29T06:53:02","atum_locations":[],"atum_stock_status":"instock","restock_status":false,"low_stock_amount":"","sales_update_date":"2026-01-30T01:25:23","calc_backorders":null,"_links":{"self":[{"href":"https:\/\/aromasentia.com\/da\/wp-json\/wp\/v2\/product\/202043","targetHints":{"allow":["GET"]}}],"collection":[{"href":"https:\/\/aromasentia.com\/da\/wp-json\/wp\/v2\/product"}],"about":[{"href":"https:\/\/aromasentia.com\/da\/wp-json\/wp\/v2\/types\/product"}],"replies":[{"embeddable":true,"href":"https:\/\/aromasentia.com\/da\/wp-json\/wp\/v2\/comments?post=202043"}],"version-history":[{"count":0,"href":"https:\/\/aromasentia.com\/da\/wp-json\/wp\/v2\/product\/202043\/revisions"}],"wp:featuredmedia":[{"embeddable":true,"href":"https:\/\/aromasentia.com\/da\/wp-json\/wp\/v2\/media\/318229"}],"wp:attachment":[{"href":"https:\/\/aromasentia.com\/da\/wp-json\/wp\/v2\/media?parent=202043"}],"wp:term":[{"taxonomy":"product_brand","embeddable":true,"href":"https:\/\/aromasentia.com\/da\/wp-json\/wp\/v2\/product_brand?post=202043"},{"taxonomy":"product_cat","embeddable":true,"href":"https:\/\/aromasentia.com\/da\/wp-json\/wp\/v2\/product_cat?post=202043"},{"taxonomy":"product_tag","embeddable":true,"href":"https:\/\/aromasentia.com\/da\/wp-json\/wp\/v2\/product_tag?post=202043"}],"curies":[{"name":"wp","href":"https:\/\/api.w.org\/{rel}","templated":true}]}}