{"id":202036,"date":"2025-03-21T14:38:01","date_gmt":"2025-03-21T14:38:01","guid":{"rendered":"https:\/\/aromasentia.com\/product\/all-over-design-4-designs\/"},"modified":"2025-06-22T03:42:12","modified_gmt":"2025-06-22T03:42:12","slug":"all-over-design-4-designs","status":"publish","type":"product","link":"https:\/\/aromasentia.com\/da\/all-over-design-4-designs\/","title":{"rendered":"All Over Design &#8211; (4 Designs)"},"content":{"rendered":"<p>Bomuldsposer er st\u00e6rke og praktiske og f\u00e5s i forskellige st\u00f8rrelser og farver, der passer til dine behov. Disse poser er bygget til at holde og kan bruges igen og igen.<\/p>\n<p>Forestil dig det gode, du g\u00f8r for vores planet ved at erstatte plastikposerne med en bomuldspose.<\/p>\n<p><span style=\"color: rgb(75, 80, 88);\"><strong>* Bem\u00e6rk venligst, at poser kan f\u00e5s i 4 assorterede farver. Angiv venligst, hvilken farve du foretr\u00e6kker, ved kassen. Hvis der ikke er angivet nogen farve, v\u00e6lges en tilf\u00e6ldig farve.<\/strong><\/span><\/p>\n","protected":false},"excerpt":{"rendered":"<p>Bomuldsposer er st\u00e6rke og praktiske og f\u00e5s i forskellige st\u00f8rrelser og farver, der passer til dine behov. Disse poser er bygget til at holde og kan bruges igen og igen. Forestil dig det gode, du g\u00f8r for vores planet ved at erstatte plastikposerne med en bomuldspose. * Bem\u00e6rk venligst, at poser kan f\u00e5s i 4 [&hellip;]<\/p>\n","protected":false},"featured_media":319286,"comment_status":"closed","ping_status":"open","template":"","meta":{"_angie_page":false},"product_brand":[],"product_cat":[7860,7861],"product_tag":[],"class_list":{"0":"post-202036","1":"product","2":"type-product","3":"status-publish","4":"has-post-thumbnail","6":"product_cat-oekologiske-tasker","7":"product_cat-tasker-og-rygsaekke","8":"pa_collection-eco-cotton-bags-da","9":"pa_made-in-indien","11":"first","12":"instock","13":"purchasable","14":"product-type-simple"},"supplier_id":null,"supplier_sku":"EcoC-04","barcode":null,"atum_controlled":true,"out_stock_date":null,"out_stock_threshold":null,"inheritable":false,"inbound_stock":null,"stock_on_hold":0,"sold_today":0,"sales_last_days":0,"reserved_stock":null,"customer_returns":null,"warehouse_damage":null,"lost_in_post":null,"other_logs":null,"out_stock_days":0,"lost_sales":0,"has_location":null,"update_date":"2026-04-27T06:59:59","atum_locations":[],"atum_stock_status":"instock","restock_status":false,"low_stock_amount":"","sales_update_date":"2026-01-30T01:25:46","calc_backorders":null,"_links":{"self":[{"href":"https:\/\/aromasentia.com\/da\/wp-json\/wp\/v2\/product\/202036","targetHints":{"allow":["GET"]}}],"collection":[{"href":"https:\/\/aromasentia.com\/da\/wp-json\/wp\/v2\/product"}],"about":[{"href":"https:\/\/aromasentia.com\/da\/wp-json\/wp\/v2\/types\/product"}],"replies":[{"embeddable":true,"href":"https:\/\/aromasentia.com\/da\/wp-json\/wp\/v2\/comments?post=202036"}],"version-history":[{"count":0,"href":"https:\/\/aromasentia.com\/da\/wp-json\/wp\/v2\/product\/202036\/revisions"}],"wp:featuredmedia":[{"embeddable":true,"href":"https:\/\/aromasentia.com\/da\/wp-json\/wp\/v2\/media\/319286"}],"wp:attachment":[{"href":"https:\/\/aromasentia.com\/da\/wp-json\/wp\/v2\/media?parent=202036"}],"wp:term":[{"taxonomy":"product_brand","embeddable":true,"href":"https:\/\/aromasentia.com\/da\/wp-json\/wp\/v2\/product_brand?post=202036"},{"taxonomy":"product_cat","embeddable":true,"href":"https:\/\/aromasentia.com\/da\/wp-json\/wp\/v2\/product_cat?post=202036"},{"taxonomy":"product_tag","embeddable":true,"href":"https:\/\/aromasentia.com\/da\/wp-json\/wp\/v2\/product_tag?post=202036"}],"curies":[{"name":"wp","href":"https:\/\/api.w.org\/{rel}","templated":true}]}}