{"id":202029,"date":"2025-03-21T14:38:01","date_gmt":"2025-03-21T14:38:01","guid":{"rendered":"https:\/\/aromasentia.com\/product\/two-tone-cotton-bag-38x42x12cm-green-black-10oz\/"},"modified":"2025-06-22T03:42:09","modified_gmt":"2025-06-22T03:42:09","slug":"tofarvet-bomuldstaske-38x42x12cm-groen-og-sort-10oz","status":"publish","type":"product","link":"https:\/\/aromasentia.com\/da\/tofarvet-bomuldstaske-38x42x12cm-groen-og-sort-10oz\/","title":{"rendered":"Tofarvet Bomuldstaske &#8211; 38X42X12cm &#8211; Gr\u00f8n Og Sort &#8211; 10Oz"},"content":{"rendered":"<p>Lav et statement med denne Two Tone Cotton Bag &#8211; Green &#038; Black. Tasken m\u00e5ler 38x42x12 cm, er fremstillet af robust 10 oz bomuld og har et sl\u00e5ende gr\u00f8nt og sort farveblokdesign. De kontrasterende toner giver et moderne og stilfuldt look, mens den gener\u00f8se st\u00f8rrelse og kile g\u00f8r den perfekt til at b\u00e6re indk\u00f8b, b\u00f8ger eller daglige forn\u00f8denheder. Et milj\u00f8venligt og moderigtigt valg, der kombinerer det praktiske med en dristig \u00e6stetik til hverdagsbrug.<\/p>\n","protected":false},"excerpt":{"rendered":"<p>Lav et statement med denne Two Tone Cotton Bag &#8211; Green &#038; Black. Tasken m\u00e5ler 38x42x12 cm, er fremstillet af robust 10 oz bomuld og har et sl\u00e5ende gr\u00f8nt og sort farveblokdesign. De kontrasterende toner giver et moderne og stilfuldt look, mens den gener\u00f8se st\u00f8rrelse og kile g\u00f8r den perfekt til at b\u00e6re indk\u00f8b, b\u00f8ger [&hellip;]<\/p>\n","protected":false},"featured_media":319047,"comment_status":"closed","ping_status":"open","template":"","meta":{"_angie_page":false},"product_brand":[],"product_cat":[7878,7860,7861],"product_tag":[],"class_list":{"0":"post-202029","1":"product","2":"type-product","3":"status-publish","4":"has-post-thumbnail","6":"product_cat-bomuldstasker-og-skuldertasker-nepal","7":"product_cat-oekologiske-tasker","8":"product_cat-tasker-og-rygsaekke","9":"pa_collection-very-simple-eco-cotton-bags-da","10":"pa_made-in-indien","12":"first","13":"instock","14":"purchasable","15":"product-type-simple"},"supplier_id":null,"supplier_sku":"COTT-13","barcode":null,"atum_controlled":true,"out_stock_date":null,"out_stock_threshold":null,"inheritable":false,"inbound_stock":null,"stock_on_hold":0,"sold_today":0,"sales_last_days":0,"reserved_stock":null,"customer_returns":null,"warehouse_damage":null,"lost_in_post":null,"other_logs":null,"out_stock_days":0,"lost_sales":0,"has_location":null,"update_date":"2026-04-27T06:58:16","atum_locations":[],"atum_stock_status":"instock","restock_status":false,"low_stock_amount":"","sales_update_date":"2025-10-09T03:28:28","calc_backorders":null,"_links":{"self":[{"href":"https:\/\/aromasentia.com\/da\/wp-json\/wp\/v2\/product\/202029","targetHints":{"allow":["GET"]}}],"collection":[{"href":"https:\/\/aromasentia.com\/da\/wp-json\/wp\/v2\/product"}],"about":[{"href":"https:\/\/aromasentia.com\/da\/wp-json\/wp\/v2\/types\/product"}],"replies":[{"embeddable":true,"href":"https:\/\/aromasentia.com\/da\/wp-json\/wp\/v2\/comments?post=202029"}],"version-history":[{"count":0,"href":"https:\/\/aromasentia.com\/da\/wp-json\/wp\/v2\/product\/202029\/revisions"}],"wp:featuredmedia":[{"embeddable":true,"href":"https:\/\/aromasentia.com\/da\/wp-json\/wp\/v2\/media\/319047"}],"wp:attachment":[{"href":"https:\/\/aromasentia.com\/da\/wp-json\/wp\/v2\/media?parent=202029"}],"wp:term":[{"taxonomy":"product_brand","embeddable":true,"href":"https:\/\/aromasentia.com\/da\/wp-json\/wp\/v2\/product_brand?post=202029"},{"taxonomy":"product_cat","embeddable":true,"href":"https:\/\/aromasentia.com\/da\/wp-json\/wp\/v2\/product_cat?post=202029"},{"taxonomy":"product_tag","embeddable":true,"href":"https:\/\/aromasentia.com\/da\/wp-json\/wp\/v2\/product_tag?post=202029"}],"curies":[{"name":"wp","href":"https:\/\/api.w.org\/{rel}","templated":true}]}}