{"id":202027,"date":"2025-03-21T14:38:01","date_gmt":"2025-03-21T14:38:01","guid":{"rendered":"https:\/\/aromasentia.com\/product\/big-cotton-shopping-bag-38x42cm-sea-life-10oz\/"},"modified":"2025-06-22T03:42:09","modified_gmt":"2025-06-22T03:42:09","slug":"stor-indkoebspose-i-bomuld-38x42cm-sea-life-10oz","status":"publish","type":"product","link":"https:\/\/aromasentia.com\/da\/stor-indkoebspose-i-bomuld-38x42cm-sea-life-10oz\/","title":{"rendered":"Stor Indk\u00f8bspose I Bomuld &#8211; 38X42cm &#8211; Sea Life &#8211; 10Oz"},"content":{"rendered":"<p>Ancient Wisdom har et stort udvalg af engros indk\u00f8bsposer i \u00f8ko-bomuld, som f\u00e5s i klassisk bomuldsl\u00e6rred eller med tryk.&nbsp;<\/p>\n<p>Big Cotton Shopping Bag &#8211; Sea Life er trykt med et smukt havm\u00f8nster.<\/p>\n<p><em>st\u00f8rrelse: 38&#215;42 cm<\/em><\/p>\n<p>Bomuldsposer er hurtigt blevet en af vores bestsellere, de er ideelle at bruge til kampagner, events, g\u00e5rdbutikker og dagligvarebutikker. Disse poser har ogs\u00e5 et perfekt trykomr\u00e5de til salgsfremmende form\u00e5l, de kan f.eks. bruges til at trykke firmalogoer p\u00e5, de er st\u00e6rke og praktiske og f\u00e5s i forskellige st\u00f8rrelser, s\u00e5 de passer til dine kunders behov, vores poser er bygget til at holde og kan bruges igen og igen. <\/p>\n<p>.<\/p>\n","protected":false},"excerpt":{"rendered":"<p>Ancient Wisdom har et stort udvalg af engros indk\u00f8bsposer i \u00f8ko-bomuld, som f\u00e5s i klassisk bomuldsl\u00e6rred eller med tryk.&nbsp; Big Cotton Shopping Bag &#8211; Sea Life er trykt med et smukt havm\u00f8nster. st\u00f8rrelse: 38&#215;42 cm Bomuldsposer er hurtigt blevet en af vores bestsellere, de er ideelle at bruge til kampagner, events, g\u00e5rdbutikker og dagligvarebutikker. Disse [&hellip;]<\/p>\n","protected":false},"featured_media":318973,"comment_status":"closed","ping_status":"open","template":"","meta":{"_angie_page":false},"product_brand":[],"product_cat":[7860,7861],"product_tag":[],"class_list":{"0":"post-202027","1":"product","2":"type-product","3":"status-publish","4":"has-post-thumbnail","6":"product_cat-oekologiske-tasker","7":"product_cat-tasker-og-rygsaekke","8":"pa_collection-very-simple-eco-cotton-bags-da","9":"pa_made-in-indien","11":"first","12":"instock","13":"purchasable","14":"product-type-simple"},"supplier_id":null,"supplier_sku":"COTT-11","barcode":null,"atum_controlled":true,"out_stock_date":null,"out_stock_threshold":null,"inheritable":false,"inbound_stock":null,"stock_on_hold":0,"sold_today":0,"sales_last_days":0,"reserved_stock":null,"customer_returns":null,"warehouse_damage":null,"lost_in_post":null,"other_logs":null,"out_stock_days":0,"lost_sales":0,"has_location":null,"update_date":"2026-04-27T06:58:16","atum_locations":[],"atum_stock_status":"instock","restock_status":false,"low_stock_amount":"","sales_update_date":"2026-01-20T05:13:27","calc_backorders":null,"_links":{"self":[{"href":"https:\/\/aromasentia.com\/da\/wp-json\/wp\/v2\/product\/202027","targetHints":{"allow":["GET"]}}],"collection":[{"href":"https:\/\/aromasentia.com\/da\/wp-json\/wp\/v2\/product"}],"about":[{"href":"https:\/\/aromasentia.com\/da\/wp-json\/wp\/v2\/types\/product"}],"replies":[{"embeddable":true,"href":"https:\/\/aromasentia.com\/da\/wp-json\/wp\/v2\/comments?post=202027"}],"version-history":[{"count":0,"href":"https:\/\/aromasentia.com\/da\/wp-json\/wp\/v2\/product\/202027\/revisions"}],"wp:featuredmedia":[{"embeddable":true,"href":"https:\/\/aromasentia.com\/da\/wp-json\/wp\/v2\/media\/318973"}],"wp:attachment":[{"href":"https:\/\/aromasentia.com\/da\/wp-json\/wp\/v2\/media?parent=202027"}],"wp:term":[{"taxonomy":"product_brand","embeddable":true,"href":"https:\/\/aromasentia.com\/da\/wp-json\/wp\/v2\/product_brand?post=202027"},{"taxonomy":"product_cat","embeddable":true,"href":"https:\/\/aromasentia.com\/da\/wp-json\/wp\/v2\/product_cat?post=202027"},{"taxonomy":"product_tag","embeddable":true,"href":"https:\/\/aromasentia.com\/da\/wp-json\/wp\/v2\/product_tag?post=202027"}],"curies":[{"name":"wp","href":"https:\/\/api.w.org\/{rel}","templated":true}]}}