{"id":202021,"date":"2025-03-21T14:38:01","date_gmt":"2025-03-21T14:38:01","guid":{"rendered":"https:\/\/aromasentia.com\/product\/lrg-natural-6oz-cotton-bag-38x42cm\/"},"modified":"2025-06-22T03:42:05","modified_gmt":"2025-06-22T03:42:05","slug":"stor-natural-6oz-bomuldspose-38x42cm","status":"publish","type":"product","link":"https:\/\/aromasentia.com\/da\/stor-natural-6oz-bomuldspose-38x42cm\/","title":{"rendered":"Stor Natural 6Oz Bomuldspose 38X42cm"},"content":{"rendered":"<p>Bomuldsposer er ideelle at bruge til g\u00e5rdbutikker og dagligvarebutikker. Disse poser har ogs\u00e5 et perfekt trykomr\u00e5de til reklameform\u00e5l, kan f.eks. bruges til at trykke firmalogoer, de er st\u00e6rke og praktiske og f\u00e5s i forskellige st\u00f8rrelser og farver, der passer til dine behov, og de kan bruges igen og igen.<\/p>\n","protected":false},"excerpt":{"rendered":"<p>Bomuldsposer er ideelle at bruge til g\u00e5rdbutikker og dagligvarebutikker. Disse poser har ogs\u00e5 et perfekt trykomr\u00e5de til reklameform\u00e5l, kan f.eks. bruges til at trykke firmalogoer, de er st\u00e6rke og praktiske og f\u00e5s i forskellige st\u00f8rrelser og farver, der passer til dine behov, og de kan bruges igen og igen.<\/p>\n","protected":false},"featured_media":318815,"comment_status":"closed","ping_status":"open","template":"","meta":{"_angie_page":false},"product_brand":[],"product_cat":[7878,7860,7861],"product_tag":[],"class_list":{"0":"post-202021","1":"product","2":"type-product","3":"status-publish","4":"has-post-thumbnail","6":"product_cat-bomuldstasker-og-skuldertasker-nepal","7":"product_cat-oekologiske-tasker","8":"product_cat-tasker-og-rygsaekke","9":"pa_collection-cotton-tote-bags-100-natural-cotton-da","10":"pa_made-in-indien","12":"first","13":"instock","14":"purchasable","15":"product-type-simple"},"supplier_id":null,"supplier_sku":"CCOTT-13","barcode":null,"atum_controlled":true,"out_stock_date":null,"out_stock_threshold":null,"inheritable":false,"inbound_stock":null,"stock_on_hold":0,"sold_today":0,"sales_last_days":0,"reserved_stock":null,"customer_returns":null,"warehouse_damage":null,"lost_in_post":null,"other_logs":null,"out_stock_days":0,"lost_sales":0,"has_location":null,"update_date":"2026-04-27T06:56:18","atum_locations":[],"atum_stock_status":"instock","restock_status":false,"low_stock_amount":"","sales_update_date":"2026-01-30T01:26:13","calc_backorders":null,"_links":{"self":[{"href":"https:\/\/aromasentia.com\/da\/wp-json\/wp\/v2\/product\/202021","targetHints":{"allow":["GET"]}}],"collection":[{"href":"https:\/\/aromasentia.com\/da\/wp-json\/wp\/v2\/product"}],"about":[{"href":"https:\/\/aromasentia.com\/da\/wp-json\/wp\/v2\/types\/product"}],"replies":[{"embeddable":true,"href":"https:\/\/aromasentia.com\/da\/wp-json\/wp\/v2\/comments?post=202021"}],"version-history":[{"count":0,"href":"https:\/\/aromasentia.com\/da\/wp-json\/wp\/v2\/product\/202021\/revisions"}],"wp:featuredmedia":[{"embeddable":true,"href":"https:\/\/aromasentia.com\/da\/wp-json\/wp\/v2\/media\/318815"}],"wp:attachment":[{"href":"https:\/\/aromasentia.com\/da\/wp-json\/wp\/v2\/media?parent=202021"}],"wp:term":[{"taxonomy":"product_brand","embeddable":true,"href":"https:\/\/aromasentia.com\/da\/wp-json\/wp\/v2\/product_brand?post=202021"},{"taxonomy":"product_cat","embeddable":true,"href":"https:\/\/aromasentia.com\/da\/wp-json\/wp\/v2\/product_cat?post=202021"},{"taxonomy":"product_tag","embeddable":true,"href":"https:\/\/aromasentia.com\/da\/wp-json\/wp\/v2\/product_tag?post=202021"}],"curies":[{"name":"wp","href":"https:\/\/api.w.org\/{rel}","templated":true}]}}