{"id":202015,"date":"2025-03-21T14:38:06","date_gmt":"2025-03-21T14:38:06","guid":{"rendered":"https:\/\/aromasentia.com\/product\/fab-fringe-bag-pineapple-print\/"},"modified":"2025-06-22T03:42:02","modified_gmt":"2025-06-22T03:42:02","slug":"fab-fringe-taske-ananasprint","status":"publish","type":"product","link":"https:\/\/aromasentia.com\/da\/fab-fringe-taske-ananasprint\/","title":{"rendered":"Fab Fringe-Taske &#8211; Ananasprint"},"content":{"rendered":"<p>Enkle, men fantastiske tasker. Afslappede designs p\u00e5 bl\u00f8dvasket jute med trendy serigrafi eller broderede designs. <strong>Disse Aroma Sentia-ping Fab Fringe-tasker<\/strong> er meget fint broderet i h\u00e5nden. Smuk gave til alle, der elsker tasker. <strong><\/p>\n<p>F\u00e6rdiggjort med en kvalitets (PVC) l\u00e6derrem (112 cm), kan dine kunder virkelig f\u00e5 det fantastiske, naturlige look. Lavet p\u00e5 Bali af en familieejet virksomhed.<\/p>\n<p>Taskest\u00f8rrelse: H:24 cm x L:20 cm. V\u00e6gt: 120 g.<\/p>\n<p>Skab lidt ekstra forretning med disse friske, unikke tasker.<\/p>\n","protected":false},"excerpt":{"rendered":"<p>Enkle, men fantastiske tasker. Afslappede designs p\u00e5 bl\u00f8dvasket jute med trendy serigrafi eller broderede designs. Disse Aroma Sentia-ping Fab Fringe-tasker er meget fint broderet i h\u00e5nden. Smuk gave til alle, der elsker tasker. F\u00e6rdiggjort med en kvalitets (PVC) l\u00e6derrem (112 cm), kan dine kunder virkelig f\u00e5 det fantastiske, naturlige look. Lavet p\u00e5 Bali af en [&hellip;]<\/p>\n","protected":false},"featured_media":319929,"comment_status":"closed","ping_status":"open","template":"","meta":{"_angie_page":false},"product_brand":[],"product_cat":[7860,7861],"product_tag":[],"class_list":{"0":"post-202015","1":"product","2":"type-product","3":"status-publish","4":"has-post-thumbnail","6":"product_cat-oekologiske-tasker","7":"product_cat-tasker-og-rygsaekke","8":"pa_collection-fab-fringe-bags-da","9":"pa_made-in-indonesien","11":"first","12":"instock","13":"purchasable","14":"product-type-simple"},"supplier_id":null,"supplier_sku":"FFB-07","barcode":null,"atum_controlled":true,"out_stock_date":null,"out_stock_threshold":null,"inheritable":false,"inbound_stock":null,"stock_on_hold":0,"sold_today":0,"sales_last_days":0,"reserved_stock":null,"customer_returns":null,"warehouse_damage":null,"lost_in_post":null,"other_logs":null,"out_stock_days":0,"lost_sales":0,"has_location":null,"update_date":"2026-04-27T19:09:48","atum_locations":[],"atum_stock_status":"instock","restock_status":false,"low_stock_amount":"","sales_update_date":"2025-09-05T00:22:40","calc_backorders":null,"_links":{"self":[{"href":"https:\/\/aromasentia.com\/da\/wp-json\/wp\/v2\/product\/202015","targetHints":{"allow":["GET"]}}],"collection":[{"href":"https:\/\/aromasentia.com\/da\/wp-json\/wp\/v2\/product"}],"about":[{"href":"https:\/\/aromasentia.com\/da\/wp-json\/wp\/v2\/types\/product"}],"replies":[{"embeddable":true,"href":"https:\/\/aromasentia.com\/da\/wp-json\/wp\/v2\/comments?post=202015"}],"version-history":[{"count":0,"href":"https:\/\/aromasentia.com\/da\/wp-json\/wp\/v2\/product\/202015\/revisions"}],"wp:featuredmedia":[{"embeddable":true,"href":"https:\/\/aromasentia.com\/da\/wp-json\/wp\/v2\/media\/319929"}],"wp:attachment":[{"href":"https:\/\/aromasentia.com\/da\/wp-json\/wp\/v2\/media?parent=202015"}],"wp:term":[{"taxonomy":"product_brand","embeddable":true,"href":"https:\/\/aromasentia.com\/da\/wp-json\/wp\/v2\/product_brand?post=202015"},{"taxonomy":"product_cat","embeddable":true,"href":"https:\/\/aromasentia.com\/da\/wp-json\/wp\/v2\/product_cat?post=202015"},{"taxonomy":"product_tag","embeddable":true,"href":"https:\/\/aromasentia.com\/da\/wp-json\/wp\/v2\/product_tag?post=202015"}],"curies":[{"name":"wp","href":"https:\/\/api.w.org\/{rel}","templated":true}]}}