{"id":202005,"date":"2025-03-21T14:38:06","date_gmt":"2025-03-21T14:38:06","guid":{"rendered":"https:\/\/aromasentia.com\/product\/ethnic-sling-bag-purple-spiral\/"},"modified":"2025-06-22T03:41:57","modified_gmt":"2025-06-22T03:41:57","slug":"etnisk-slyngetaske-lilla-spiral","status":"publish","type":"product","link":"https:\/\/aromasentia.com\/da\/etnisk-slyngetaske-lilla-spiral\/","title":{"rendered":"Etnisk Slyngetaske &#8211; Lilla \/ Spiral"},"content":{"rendered":"<p>Denne etniske slingtaske er vidunderligt stilfuld og praktisk. Den har en fantastisk kvalitet og et fantastisk design.<\/p>\n<p>Ikke nok med det, den har ogs\u00e5 masser af plads og en behagelig rem (ca. 46 cm), s\u00e5 den er perfekt til nemt at b\u00e6re mange ting rundt. Is\u00e6r nyttig for shoppere og studerende.<\/p>\n<p>Alle har brug for en taske hele \u00e5ret rundt!<\/p>\n","protected":false},"excerpt":{"rendered":"<p>Denne etniske slingtaske er vidunderligt stilfuld og praktisk. Den har en fantastisk kvalitet og et fantastisk design. Ikke nok med det, den har ogs\u00e5 masser af plads og en behagelig rem (ca. 46 cm), s\u00e5 den er perfekt til nemt at b\u00e6re mange ting rundt. Is\u00e6r nyttig for shoppere og studerende. Alle har brug for [&hellip;]<\/p>\n","protected":false},"featured_media":319583,"comment_status":"closed","ping_status":"open","template":"","meta":{"_angie_page":false},"product_brand":[],"product_cat":[7878,25830,7861],"product_tag":[],"class_list":{"0":"post-202005","1":"product","2":"type-product","3":"status-publish","4":"has-post-thumbnail","6":"product_cat-bomuldstasker-og-skuldertasker-nepal","7":"product_cat-sling-bags","8":"product_cat-tasker-og-rygsaekke","9":"pa_collection-ethnic-sling-bags-da","10":"pa_made-in-indien","12":"first","13":"instock","14":"purchasable","15":"product-type-simple"},"supplier_id":null,"supplier_sku":"ETB-01","barcode":null,"atum_controlled":true,"out_stock_date":null,"out_stock_threshold":null,"inheritable":false,"inbound_stock":null,"stock_on_hold":0,"sold_today":0,"sales_last_days":0,"reserved_stock":null,"customer_returns":null,"warehouse_damage":null,"lost_in_post":null,"other_logs":null,"out_stock_days":0,"lost_sales":0,"has_location":null,"update_date":"2026-04-27T07:02:07","atum_locations":[],"atum_stock_status":"instock","restock_status":false,"low_stock_amount":"","sales_update_date":"2026-02-06T00:02:23","calc_backorders":null,"_links":{"self":[{"href":"https:\/\/aromasentia.com\/da\/wp-json\/wp\/v2\/product\/202005","targetHints":{"allow":["GET"]}}],"collection":[{"href":"https:\/\/aromasentia.com\/da\/wp-json\/wp\/v2\/product"}],"about":[{"href":"https:\/\/aromasentia.com\/da\/wp-json\/wp\/v2\/types\/product"}],"replies":[{"embeddable":true,"href":"https:\/\/aromasentia.com\/da\/wp-json\/wp\/v2\/comments?post=202005"}],"version-history":[{"count":0,"href":"https:\/\/aromasentia.com\/da\/wp-json\/wp\/v2\/product\/202005\/revisions"}],"wp:featuredmedia":[{"embeddable":true,"href":"https:\/\/aromasentia.com\/da\/wp-json\/wp\/v2\/media\/319583"}],"wp:attachment":[{"href":"https:\/\/aromasentia.com\/da\/wp-json\/wp\/v2\/media?parent=202005"}],"wp:term":[{"taxonomy":"product_brand","embeddable":true,"href":"https:\/\/aromasentia.com\/da\/wp-json\/wp\/v2\/product_brand?post=202005"},{"taxonomy":"product_cat","embeddable":true,"href":"https:\/\/aromasentia.com\/da\/wp-json\/wp\/v2\/product_cat?post=202005"},{"taxonomy":"product_tag","embeddable":true,"href":"https:\/\/aromasentia.com\/da\/wp-json\/wp\/v2\/product_tag?post=202005"}],"curies":[{"name":"wp","href":"https:\/\/api.w.org\/{rel}","templated":true}]}}