{"id":202004,"date":"2025-03-21T14:38:06","date_gmt":"2025-03-21T14:38:06","guid":{"rendered":"https:\/\/aromasentia.com\/product\/blank-design-2\/"},"modified":"2025-06-22T03:41:57","modified_gmt":"2025-06-22T03:41:57","slug":"blankt-design-2","status":"publish","type":"product","link":"https:\/\/aromasentia.com\/da\/blankt-design-2\/","title":{"rendered":"Blankt Design"},"content":{"rendered":"<p>Nu er det tid til at skifte plastikposer ud med milj\u00f8venlige juteposer. Denne store indk\u00f8bspose er perfekt til supermarkedet eller til generel brug. Bl\u00f8de bomuldsh\u00e5ndtag, lynl\u00e5s for sikkerhed, bomuldsfor med lommer og et cool og funky design.<\/p>\n<p>Utrykt pose til din egen personalisering.<\/p>\n","protected":false},"excerpt":{"rendered":"<p>Nu er det tid til at skifte plastikposer ud med milj\u00f8venlige juteposer. Denne store indk\u00f8bspose er perfekt til supermarkedet eller til generel brug. Bl\u00f8de bomuldsh\u00e5ndtag, lynl\u00e5s for sikkerhed, bomuldsfor med lommer og et cool og funky design. Utrykt pose til din egen personalisering.<\/p>\n","protected":false},"featured_media":319401,"comment_status":"closed","ping_status":"open","template":"","meta":{"_angie_page":false},"product_brand":[],"product_cat":[7870,7861],"product_tag":[],"class_list":{"0":"post-202004","1":"product","2":"type-product","3":"status-publish","4":"has-post-thumbnail","6":"product_cat-jutetasker-og-kurve","7":"product_cat-tasker-og-rygsaekke","8":"pa_collection-eco-jute-bags-da","9":"pa_made-in-indien","11":"first","12":"instock","13":"purchasable","14":"product-type-simple"},"supplier_id":null,"supplier_sku":"EcoJt-07","barcode":null,"atum_controlled":true,"out_stock_date":null,"out_stock_threshold":null,"inheritable":false,"inbound_stock":null,"stock_on_hold":0,"sold_today":0,"sales_last_days":0,"reserved_stock":null,"customer_returns":null,"warehouse_damage":null,"lost_in_post":null,"other_logs":null,"out_stock_days":0,"lost_sales":0,"has_location":null,"update_date":"2026-04-27T07:00:10","atum_locations":[],"atum_stock_status":"instock","restock_status":false,"low_stock_amount":"","sales_update_date":"2026-01-30T01:25:39","calc_backorders":null,"_links":{"self":[{"href":"https:\/\/aromasentia.com\/da\/wp-json\/wp\/v2\/product\/202004","targetHints":{"allow":["GET"]}}],"collection":[{"href":"https:\/\/aromasentia.com\/da\/wp-json\/wp\/v2\/product"}],"about":[{"href":"https:\/\/aromasentia.com\/da\/wp-json\/wp\/v2\/types\/product"}],"replies":[{"embeddable":true,"href":"https:\/\/aromasentia.com\/da\/wp-json\/wp\/v2\/comments?post=202004"}],"version-history":[{"count":0,"href":"https:\/\/aromasentia.com\/da\/wp-json\/wp\/v2\/product\/202004\/revisions"}],"wp:featuredmedia":[{"embeddable":true,"href":"https:\/\/aromasentia.com\/da\/wp-json\/wp\/v2\/media\/319401"}],"wp:attachment":[{"href":"https:\/\/aromasentia.com\/da\/wp-json\/wp\/v2\/media?parent=202004"}],"wp:term":[{"taxonomy":"product_brand","embeddable":true,"href":"https:\/\/aromasentia.com\/da\/wp-json\/wp\/v2\/product_brand?post=202004"},{"taxonomy":"product_cat","embeddable":true,"href":"https:\/\/aromasentia.com\/da\/wp-json\/wp\/v2\/product_cat?post=202004"},{"taxonomy":"product_tag","embeddable":true,"href":"https:\/\/aromasentia.com\/da\/wp-json\/wp\/v2\/product_tag?post=202004"}],"curies":[{"name":"wp","href":"https:\/\/api.w.org\/{rel}","templated":true}]}}