{"id":201975,"date":"2025-03-21T14:43:57","date_gmt":"2025-03-21T14:43:57","guid":{"rendered":"https:\/\/aromasentia.com\/product\/dont-quit-gym-bag-cherry-pink-219c\/"},"modified":"2025-06-22T03:41:42","modified_gmt":"2025-06-22T03:41:42","slug":"dont-quit-gymnastikpose-kirsebaerrosa-219c","status":"publish","type":"product","link":"https:\/\/aromasentia.com\/da\/dont-quit-gymnastikpose-kirsebaerrosa-219c\/","title":{"rendered":"Don&#8217;T Quit Gymnastikpose &#8211; Kirseb\u00e6rrosa (219C)"},"content":{"rendered":"<p><span style=\"color: rgb(75, 80, 88);\"><strong>Don&#8217;t Quit Gym Bag \u2013 Kirseb\u00e6rrosa med beige h\u00e5ndtag | Premium bomuld<\/strong><\/span><\/p>\n<p><span style=\"color: rgb(75, 80, 88);\">Denne stilfulde og milj\u00f8venlige gymnastiktaske er fremstillet af 100% indisk bomuld og er perfekt til tr\u00e6ning, rejser og daglig brug.<\/span><\/p>\n<p><span style=\"color: rgb(75, 80, 88);\">\u2705 Rummeligt lynl\u00e5srum til de vigtigste ting<\/span><\/p>\n<p><span style=\"color: rgb(75, 80, 88);\">\u2705 Forst\u00e6rkede h\u00e5ndtag &amp; Justerbar rem for nem b\u00e6ring<\/span><\/p>\n<p><span style=\"color: rgb(75, 80, 88);\">\u2705 Livligt kirseb\u00e6rrosa design med beige accenter<\/span><\/p>\n<p><span style=\"color: rgb(141, 186, 216);\"><strong>Et must-have for fitnessentusiaster og en livsstil p\u00e5 farten!<\/strong><\/span><\/p>\n","protected":false},"excerpt":{"rendered":"<p>Don&#8217;t Quit Gym Bag \u2013 Kirseb\u00e6rrosa med beige h\u00e5ndtag | Premium bomuld Denne stilfulde og milj\u00f8venlige gymnastiktaske er fremstillet af 100% indisk bomuld og er perfekt til tr\u00e6ning, rejser og daglig brug. \u2705 Rummeligt lynl\u00e5srum til de vigtigste ting \u2705 Forst\u00e6rkede h\u00e5ndtag &amp; Justerbar rem for nem b\u00e6ring \u2705 Livligt kirseb\u00e6rrosa design med beige accenter [&hellip;]<\/p>\n","protected":false},"featured_media":320961,"comment_status":"closed","ping_status":"open","template":"","meta":{"_angie_page":false},"product_brand":[],"product_cat":[7860,7861],"product_tag":[],"class_list":{"0":"post-201975","1":"product","2":"type-product","3":"status-publish","4":"has-post-thumbnail","6":"product_cat-oekologiske-tasker","7":"product_cat-tasker-og-rygsaekke","8":"pa_collection-gym-bags-da","9":"pa_made-in-indien","11":"first","12":"instock","13":"purchasable","14":"product-type-simple"},"supplier_id":null,"supplier_sku":"GymB-01","barcode":null,"atum_controlled":true,"out_stock_date":null,"out_stock_threshold":null,"inheritable":false,"inbound_stock":null,"stock_on_hold":0,"sold_today":0,"sales_last_days":0,"reserved_stock":null,"customer_returns":null,"warehouse_damage":null,"lost_in_post":null,"other_logs":null,"out_stock_days":0,"lost_sales":0,"has_location":null,"update_date":"2026-04-27T07:06:31","atum_locations":[],"atum_stock_status":"instock","restock_status":false,"low_stock_amount":"","sales_update_date":"2026-01-30T01:24:35","calc_backorders":null,"_links":{"self":[{"href":"https:\/\/aromasentia.com\/da\/wp-json\/wp\/v2\/product\/201975","targetHints":{"allow":["GET"]}}],"collection":[{"href":"https:\/\/aromasentia.com\/da\/wp-json\/wp\/v2\/product"}],"about":[{"href":"https:\/\/aromasentia.com\/da\/wp-json\/wp\/v2\/types\/product"}],"replies":[{"embeddable":true,"href":"https:\/\/aromasentia.com\/da\/wp-json\/wp\/v2\/comments?post=201975"}],"version-history":[{"count":0,"href":"https:\/\/aromasentia.com\/da\/wp-json\/wp\/v2\/product\/201975\/revisions"}],"wp:featuredmedia":[{"embeddable":true,"href":"https:\/\/aromasentia.com\/da\/wp-json\/wp\/v2\/media\/320961"}],"wp:attachment":[{"href":"https:\/\/aromasentia.com\/da\/wp-json\/wp\/v2\/media?parent=201975"}],"wp:term":[{"taxonomy":"product_brand","embeddable":true,"href":"https:\/\/aromasentia.com\/da\/wp-json\/wp\/v2\/product_brand?post=201975"},{"taxonomy":"product_cat","embeddable":true,"href":"https:\/\/aromasentia.com\/da\/wp-json\/wp\/v2\/product_cat?post=201975"},{"taxonomy":"product_tag","embeddable":true,"href":"https:\/\/aromasentia.com\/da\/wp-json\/wp\/v2\/product_tag?post=201975"}],"curies":[{"name":"wp","href":"https:\/\/api.w.org\/{rel}","templated":true}]}}