{"id":201972,"date":"2025-03-21T14:43:57","date_gmt":"2025-03-21T14:43:57","guid":{"rendered":"https:\/\/aromasentia.com\/product\/reusable-fashion-face-covering-awgifts-adult\/"},"modified":"2025-06-22T03:41:41","modified_gmt":"2025-06-22T03:41:41","slug":"genanvendelig-modeansigtsbeklaedning-awgifts-voksen","status":"publish","type":"product","link":"https:\/\/aromasentia.com\/da\/genanvendelig-modeansigtsbeklaedning-awgifts-voksen\/","title":{"rendered":"Genanvendelig modeansigtsbekl\u00e6dning &#8211; Awgifts (Voksen)"},"content":{"rendered":"<p>Hold dig sikker og stilfuld med dette genanvendelige fashion-ansigtsovertr\u00e6k fra AWGifts til voksne. Ansigtsovertr\u00e6kket er designet til behagelig hverdagsbrug og er et genanvendeligt og vaskbart alternativ til engangsmasker. Selvom det specifikke design ikke er detaljeret, har det til form\u00e5l at give et moderigtigt element til dit beskyttelsest\u00f8j. Den er lavet med tanke p\u00e5 voksenst\u00f8rrelser og hj\u00e6lper dig med at overholde sundhedsretningslinjerne, samtidig med at du udtrykker et strejf af personlig stil i det offentlige rum.<\/p>\n","protected":false},"excerpt":{"rendered":"<p>Hold dig sikker og stilfuld med dette genanvendelige fashion-ansigtsovertr\u00e6k fra AWGifts til voksne. Ansigtsovertr\u00e6kket er designet til behagelig hverdagsbrug og er et genanvendeligt og vaskbart alternativ til engangsmasker. Selvom det specifikke design ikke er detaljeret, har det til form\u00e5l at give et moderigtigt element til dit beskyttelsest\u00f8j. Den er lavet med tanke p\u00e5 voksenst\u00f8rrelser og [&hellip;]<\/p>\n","protected":false},"featured_media":320902,"comment_status":"closed","ping_status":"open","template":"","meta":{"_angie_page":false},"product_brand":[],"product_cat":[25831],"product_tag":[],"class_list":{"0":"post-201972","1":"product","2":"type-product","3":"status-publish","4":"has-post-thumbnail","6":"product_cat-toj","7":"pa_made-in-kina","9":"first","10":"instock","11":"purchasable","12":"product-type-simple"},"supplier_id":null,"supplier_sku":"FFM-39","barcode":null,"atum_controlled":true,"out_stock_date":null,"out_stock_threshold":null,"inheritable":false,"inbound_stock":null,"stock_on_hold":0,"sold_today":0,"sales_last_days":0,"reserved_stock":null,"customer_returns":null,"warehouse_damage":null,"lost_in_post":null,"other_logs":null,"out_stock_days":0,"lost_sales":0,"has_location":null,"update_date":"2026-02-11T18:08:25","atum_locations":[],"atum_stock_status":"instock","restock_status":false,"low_stock_amount":"","sales_update_date":"2025-09-05T00:22:52","calc_backorders":null,"_links":{"self":[{"href":"https:\/\/aromasentia.com\/da\/wp-json\/wp\/v2\/product\/201972","targetHints":{"allow":["GET"]}}],"collection":[{"href":"https:\/\/aromasentia.com\/da\/wp-json\/wp\/v2\/product"}],"about":[{"href":"https:\/\/aromasentia.com\/da\/wp-json\/wp\/v2\/types\/product"}],"replies":[{"embeddable":true,"href":"https:\/\/aromasentia.com\/da\/wp-json\/wp\/v2\/comments?post=201972"}],"version-history":[{"count":0,"href":"https:\/\/aromasentia.com\/da\/wp-json\/wp\/v2\/product\/201972\/revisions"}],"wp:featuredmedia":[{"embeddable":true,"href":"https:\/\/aromasentia.com\/da\/wp-json\/wp\/v2\/media\/320902"}],"wp:attachment":[{"href":"https:\/\/aromasentia.com\/da\/wp-json\/wp\/v2\/media?parent=201972"}],"wp:term":[{"taxonomy":"product_brand","embeddable":true,"href":"https:\/\/aromasentia.com\/da\/wp-json\/wp\/v2\/product_brand?post=201972"},{"taxonomy":"product_cat","embeddable":true,"href":"https:\/\/aromasentia.com\/da\/wp-json\/wp\/v2\/product_cat?post=201972"},{"taxonomy":"product_tag","embeddable":true,"href":"https:\/\/aromasentia.com\/da\/wp-json\/wp\/v2\/product_tag?post=201972"}],"curies":[{"name":"wp","href":"https:\/\/api.w.org\/{rel}","templated":true}]}}