{"id":201970,"date":"2025-03-21T14:43:57","date_gmt":"2025-03-21T14:43:57","guid":{"rendered":"https:\/\/aromasentia.com\/product\/reusable-fashion-face-covering-fbi-adult\/"},"modified":"2025-06-22T03:41:40","modified_gmt":"2025-06-22T03:41:40","slug":"genanvendeligt-mundbind-fbi-voksen","status":"publish","type":"product","link":"https:\/\/aromasentia.com\/da\/genanvendeligt-mundbind-fbi-voksen\/","title":{"rendered":"Genanvendeligt Mundbind &#8211; Fbi (Voksen)"},"content":{"rendered":"<p>Lavet af h\u00f8jkvalitets bomuld og polyestermateriale i en r\u00e6kke forskellige m\u00f8nstre, hvilket g\u00f8r det bl\u00f8dt og behageligt mod dit ansigt, meget ubesv\u00e6ret \u00e5ndbart at have p\u00e5.<\/p>\n<p>Vores lette masker er lavet af materialer, der transporterer fugt v\u00e6k. Du vil v\u00e6re komfortabel med at have en p\u00e5 hele dagen lang. Vores farverige, moderigtige ansigtsmasker er vaskbare og genanvendelige. De kan hj\u00e6lpe med at give beskyttelse og ro i sindet, n\u00e5r du bruger offentlig transport, handler i supermarkedet eller andre offentlige steder, hvor social distancering ikke er mulig. Disse \u00e5ndbare poly-bomuldsmasker er designet med justerbare elastiske b\u00f8jler for en behagelig pasform.<\/p>\n<p>Hver masker har to lag stof, der skaber en lomme med et PM2.5-filter, som kan fjernes, n\u00e5r masken vaskes. Refill-filtre kan k\u00f8bes og udskiftes mellem brug. Vi tilbyder en r\u00e6kke forskellige designs til voksne og 5 sjove designs til b\u00f8rn, inklusive \u00e9t filter.<\/p>\n","protected":false},"excerpt":{"rendered":"<p>Lavet af h\u00f8jkvalitets bomuld og polyestermateriale i en r\u00e6kke forskellige m\u00f8nstre, hvilket g\u00f8r det bl\u00f8dt og behageligt mod dit ansigt, meget ubesv\u00e6ret \u00e5ndbart at have p\u00e5. Vores lette masker er lavet af materialer, der transporterer fugt v\u00e6k. Du vil v\u00e6re komfortabel med at have en p\u00e5 hele dagen lang. Vores farverige, moderigtige ansigtsmasker er vaskbare [&hellip;]<\/p>\n","protected":false},"featured_media":320868,"comment_status":"closed","ping_status":"open","template":"","meta":{"_angie_page":false},"product_brand":[],"product_cat":[25831],"product_tag":[],"class_list":{"0":"post-201970","1":"product","2":"type-product","3":"status-publish","4":"has-post-thumbnail","6":"product_cat-toj","7":"pa_made-in-kina","9":"first","10":"instock","11":"purchasable","12":"product-type-simple"},"supplier_id":null,"supplier_sku":"FFM-34","barcode":null,"atum_controlled":true,"out_stock_date":null,"out_stock_threshold":null,"inheritable":false,"inbound_stock":null,"stock_on_hold":0,"sold_today":0,"sales_last_days":0,"reserved_stock":null,"customer_returns":null,"warehouse_damage":null,"lost_in_post":null,"other_logs":null,"out_stock_days":0,"lost_sales":0,"has_location":null,"update_date":"2026-02-11T09:37:07","atum_locations":[],"atum_stock_status":"instock","restock_status":false,"low_stock_amount":"","sales_update_date":"2025-09-05T00:22:51","calc_backorders":null,"_links":{"self":[{"href":"https:\/\/aromasentia.com\/da\/wp-json\/wp\/v2\/product\/201970","targetHints":{"allow":["GET"]}}],"collection":[{"href":"https:\/\/aromasentia.com\/da\/wp-json\/wp\/v2\/product"}],"about":[{"href":"https:\/\/aromasentia.com\/da\/wp-json\/wp\/v2\/types\/product"}],"replies":[{"embeddable":true,"href":"https:\/\/aromasentia.com\/da\/wp-json\/wp\/v2\/comments?post=201970"}],"version-history":[{"count":0,"href":"https:\/\/aromasentia.com\/da\/wp-json\/wp\/v2\/product\/201970\/revisions"}],"wp:featuredmedia":[{"embeddable":true,"href":"https:\/\/aromasentia.com\/da\/wp-json\/wp\/v2\/media\/320868"}],"wp:attachment":[{"href":"https:\/\/aromasentia.com\/da\/wp-json\/wp\/v2\/media?parent=201970"}],"wp:term":[{"taxonomy":"product_brand","embeddable":true,"href":"https:\/\/aromasentia.com\/da\/wp-json\/wp\/v2\/product_brand?post=201970"},{"taxonomy":"product_cat","embeddable":true,"href":"https:\/\/aromasentia.com\/da\/wp-json\/wp\/v2\/product_cat?post=201970"},{"taxonomy":"product_tag","embeddable":true,"href":"https:\/\/aromasentia.com\/da\/wp-json\/wp\/v2\/product_tag?post=201970"}],"curies":[{"name":"wp","href":"https:\/\/api.w.org\/{rel}","templated":true}]}}