{"id":201957,"date":"2025-03-21T14:43:57","date_gmt":"2025-03-21T14:43:57","guid":{"rendered":"https:\/\/aromasentia.com\/product\/pm2-5-face-covering-filter-insert-adult\/"},"modified":"2025-06-22T03:41:33","modified_gmt":"2025-06-22T03:41:33","slug":"pm2-5-ansigtsdaekkende-filterindsats-voksen","status":"publish","type":"product","link":"https:\/\/aromasentia.com\/da\/pm2-5-ansigtsdaekkende-filterindsats-voksen\/","title":{"rendered":"Pm2.5 Ansigtsd\u00e6kkende Filterindsats (Voksen)"},"content":{"rendered":"<p>Avanceret filtreringsteknologi: Filterelementet i denne maske har 5 lag beskyttelse, hvilket giver dig en sikker vejrtr\u00e6kningsoplevelse.<\/p>\n<p>Varme tips: Maskens udskiftningsfiltre, engangsartikler kan ikke vaskes. Anbefales udskiftning 1-2 gange om ugen.<\/p>\n<p>Sikker vejrtr\u00e6kning: Med 5 lag beskyttelse kan den give dig en sikker vejrtr\u00e6kningsoplevelse.<\/p>\n<p>Unikt ventilationsdesign: Fremragende permeabilitet, der nemt kan fordobles for ekstra beskyttelse. Velegnet til at forhindre t\u00e5ge, dis, udst\u00f8dning fra k\u00f8ret\u00f8jer, passiv rygning osv.<\/p>\n<p>Genanvendeligt materiale: Lavet af aktivt kulfilter, det kan ikke reng\u00f8res. Derfor anbefales det at udskifte det en gang om ugen. Maske mod luftforurening.<\/p>\n<p>(1 pakke = 4 filtre)<\/p>\n","protected":false},"excerpt":{"rendered":"<p>Avanceret filtreringsteknologi: Filterelementet i denne maske har 5 lag beskyttelse, hvilket giver dig en sikker vejrtr\u00e6kningsoplevelse. Varme tips: Maskens udskiftningsfiltre, engangsartikler kan ikke vaskes. Anbefales udskiftning 1-2 gange om ugen. Sikker vejrtr\u00e6kning: Med 5 lag beskyttelse kan den give dig en sikker vejrtr\u00e6kningsoplevelse. Unikt ventilationsdesign: Fremragende permeabilitet, der nemt kan fordobles for ekstra beskyttelse. Velegnet [&hellip;]<\/p>\n","protected":false},"featured_media":320495,"comment_status":"closed","ping_status":"open","template":"","meta":{"_angie_page":false},"product_brand":[],"product_cat":[25831],"product_tag":[],"class_list":{"0":"post-201957","1":"product","2":"type-product","3":"status-publish","4":"has-post-thumbnail","6":"product_cat-toj","7":"pa_made-in-kina","9":"first","10":"instock","11":"purchasable","12":"product-type-simple"},"supplier_id":null,"supplier_sku":"FFM-22","barcode":null,"atum_controlled":true,"out_stock_date":null,"out_stock_threshold":null,"inheritable":false,"inbound_stock":null,"stock_on_hold":0,"sold_today":0,"sales_last_days":0,"reserved_stock":null,"customer_returns":null,"warehouse_damage":null,"lost_in_post":null,"other_logs":null,"out_stock_days":0,"lost_sales":0,"has_location":null,"update_date":"2026-05-08T05:08:30","atum_locations":[],"atum_stock_status":"instock","restock_status":false,"low_stock_amount":"","sales_update_date":"2025-09-05T00:22:45","calc_backorders":null,"_links":{"self":[{"href":"https:\/\/aromasentia.com\/da\/wp-json\/wp\/v2\/product\/201957","targetHints":{"allow":["GET"]}}],"collection":[{"href":"https:\/\/aromasentia.com\/da\/wp-json\/wp\/v2\/product"}],"about":[{"href":"https:\/\/aromasentia.com\/da\/wp-json\/wp\/v2\/types\/product"}],"replies":[{"embeddable":true,"href":"https:\/\/aromasentia.com\/da\/wp-json\/wp\/v2\/comments?post=201957"}],"version-history":[{"count":0,"href":"https:\/\/aromasentia.com\/da\/wp-json\/wp\/v2\/product\/201957\/revisions"}],"wp:featuredmedia":[{"embeddable":true,"href":"https:\/\/aromasentia.com\/da\/wp-json\/wp\/v2\/media\/320495"}],"wp:attachment":[{"href":"https:\/\/aromasentia.com\/da\/wp-json\/wp\/v2\/media?parent=201957"}],"wp:term":[{"taxonomy":"product_brand","embeddable":true,"href":"https:\/\/aromasentia.com\/da\/wp-json\/wp\/v2\/product_brand?post=201957"},{"taxonomy":"product_cat","embeddable":true,"href":"https:\/\/aromasentia.com\/da\/wp-json\/wp\/v2\/product_cat?post=201957"},{"taxonomy":"product_tag","embeddable":true,"href":"https:\/\/aromasentia.com\/da\/wp-json\/wp\/v2\/product_tag?post=201957"}],"curies":[{"name":"wp","href":"https:\/\/api.w.org\/{rel}","templated":true}]}}