{"id":201950,"date":"2025-03-21T14:44:03","date_gmt":"2025-03-21T14:44:03","guid":{"rendered":"https:\/\/aromasentia.com\/product\/laptop-backpack-hemp-cotton\/"},"modified":"2025-06-22T03:41:30","modified_gmt":"2025-06-22T03:41:30","slug":"rygsaek-til-baerbar-computer-hamp-og-bomuld","status":"publish","type":"product","link":"https:\/\/aromasentia.com\/da\/rygsaek-til-baerbar-computer-hamp-og-bomuld\/","title":{"rendered":"Rygs\u00e6k Til B\u00e6rbar Computer &#8211; Hamp Og Bomuld"},"content":{"rendered":"<p>Lavet i Kathmandu, Nepal med en blanding af bomuld og ren hamp, er disse tasker trendy, moderigtige, veldesignede og &#8230; ja &#8230; helt fantastiske. Hvad er der ikke at elske, praktiske og st\u00e6rke med milj\u00f8venlig hamp og bomuld. Alle taskerne har masser af lommer. De er designet til det virkelige liv &#8211; dine kunder vil elske kvaliteten og f\u00f8lelsen. Bare rolig, hampmateriale vil ikke g\u00f8re dig h\u00f8j, bortset fra m\u00e5ske op ad et bjerg \ud83d\ude42 Hvad der dog meget vel kan v\u00e6re h\u00f8jt, er dit salg &#8230; fyld op i dag for at tjene penge p\u00e5 boomet for alt inden for hamp. Se hver enkelt produktside for st\u00f8rrelser og v\u00e6gte.<\/p>\n","protected":false},"excerpt":{"rendered":"<p>Lavet i Kathmandu, Nepal med en blanding af bomuld og ren hamp, er disse tasker trendy, moderigtige, veldesignede og &#8230; ja &#8230; helt fantastiske. Hvad er der ikke at elske, praktiske og st\u00e6rke med milj\u00f8venlig hamp og bomuld. Alle taskerne har masser af lommer. De er designet til det virkelige liv &#8211; dine kunder vil [&hellip;]<\/p>\n","protected":false},"featured_media":322056,"comment_status":"closed","ping_status":"open","template":"","meta":{"_angie_page":false},"product_brand":[],"product_cat":[7878,25823,7861],"product_tag":[],"class_list":{"0":"post-201950","1":"product","2":"type-product","3":"status-publish","4":"has-post-thumbnail","6":"product_cat-bomuldstasker-og-skuldertasker-nepal","7":"product_cat-rygsaekke","8":"product_cat-tasker-og-rygsaekke","9":"pa_collection-pure-hemp-and-cotton-bags-da","10":"pa_made-in-nepal","12":"first","13":"instock","14":"purchasable","15":"product-type-simple"},"supplier_id":null,"supplier_sku":"HempB-20","barcode":null,"atum_controlled":true,"out_stock_date":null,"out_stock_threshold":null,"inheritable":false,"inbound_stock":null,"stock_on_hold":0,"sold_today":0,"sales_last_days":0,"reserved_stock":null,"customer_returns":null,"warehouse_damage":null,"lost_in_post":null,"other_logs":null,"out_stock_days":0,"lost_sales":0,"has_location":null,"update_date":"2026-04-27T07:07:42","atum_locations":[],"atum_stock_status":"instock","restock_status":false,"low_stock_amount":"","sales_update_date":"2026-01-30T01:25:29","calc_backorders":null,"_links":{"self":[{"href":"https:\/\/aromasentia.com\/da\/wp-json\/wp\/v2\/product\/201950","targetHints":{"allow":["GET"]}}],"collection":[{"href":"https:\/\/aromasentia.com\/da\/wp-json\/wp\/v2\/product"}],"about":[{"href":"https:\/\/aromasentia.com\/da\/wp-json\/wp\/v2\/types\/product"}],"replies":[{"embeddable":true,"href":"https:\/\/aromasentia.com\/da\/wp-json\/wp\/v2\/comments?post=201950"}],"version-history":[{"count":0,"href":"https:\/\/aromasentia.com\/da\/wp-json\/wp\/v2\/product\/201950\/revisions"}],"wp:featuredmedia":[{"embeddable":true,"href":"https:\/\/aromasentia.com\/da\/wp-json\/wp\/v2\/media\/322056"}],"wp:attachment":[{"href":"https:\/\/aromasentia.com\/da\/wp-json\/wp\/v2\/media?parent=201950"}],"wp:term":[{"taxonomy":"product_brand","embeddable":true,"href":"https:\/\/aromasentia.com\/da\/wp-json\/wp\/v2\/product_brand?post=201950"},{"taxonomy":"product_cat","embeddable":true,"href":"https:\/\/aromasentia.com\/da\/wp-json\/wp\/v2\/product_cat?post=201950"},{"taxonomy":"product_tag","embeddable":true,"href":"https:\/\/aromasentia.com\/da\/wp-json\/wp\/v2\/product_tag?post=201950"}],"curies":[{"name":"wp","href":"https:\/\/api.w.org\/{rel}","templated":true}]}}