{"id":201937,"date":"2025-03-21T14:44:03","date_gmt":"2025-03-21T14:44:03","guid":{"rendered":"https:\/\/aromasentia.com\/product\/dont-quit-gym-bag-black-cherry-pink-handle\/"},"modified":"2025-06-22T03:41:23","modified_gmt":"2025-06-22T03:41:23","slug":"dont-quit-gym-bag-sort-kirsebaerrosa-haandtag","status":"publish","type":"product","link":"https:\/\/aromasentia.com\/da\/dont-quit-gym-bag-sort-kirsebaerrosa-haandtag\/","title":{"rendered":"Don&#8217;T Quit Gym Bag &#8211; Sort &#8211; Kirseb\u00e6rrosa H\u00e5ndtag"},"content":{"rendered":"<p><strong><span style=\"color: rgb(75, 80, 88);\">Don&#8217;t Quit Gym Bag \u2013 Sort med kirseb\u00e6rrosa h\u00e5ndtag | Premium bomuld<\/span><\/strong><\/p>\n<p><span style=\"color: rgb(75, 80, 88);\">Denne slidst\u00e6rke og milj\u00f8venlige gymnastiktaske er lavet af 100% indisk bomuld og er perfekt til tr\u00e6ning, rejser og daglig brug.<\/span><\/p>\n<p><span style=\"color: rgb(75, 80, 88);\">\u2705 Rummeligt lynl\u00e5srum til de vigtigste ting<\/span><\/p>\n<p><span style=\"color: rgb(75, 80, 88);\">\u2705 Forst\u00e6rkede h\u00e5ndtag &amp; Justerbar rem for komfort<\/span><\/p>\n<p><span style=\"color: rgb(75, 80, 88);\">\u2705 Stilfuldt sort design med kirseb\u00e6rrosa accenter<\/span><\/p>\n<p><span style=\"color: rgb(141, 186, 216);\"><strong>Hold dig aktiv med stil \u2013 ideel til fitnessg\u00e6ster og rejsende!<\/strong><\/span><\/p>\n","protected":false},"excerpt":{"rendered":"<p>Don&#8217;t Quit Gym Bag \u2013 Sort med kirseb\u00e6rrosa h\u00e5ndtag | Premium bomuld Denne slidst\u00e6rke og milj\u00f8venlige gymnastiktaske er lavet af 100% indisk bomuld og er perfekt til tr\u00e6ning, rejser og daglig brug. \u2705 Rummeligt lynl\u00e5srum til de vigtigste ting \u2705 Forst\u00e6rkede h\u00e5ndtag &amp; Justerbar rem for komfort \u2705 Stilfuldt sort design med kirseb\u00e6rrosa accenter Hold [&hellip;]<\/p>\n","protected":false},"featured_media":321043,"comment_status":"closed","ping_status":"open","template":"","meta":{"_angie_page":false},"product_brand":[],"product_cat":[7860,7861],"product_tag":[],"class_list":{"0":"post-201937","1":"product","2":"type-product","3":"status-publish","4":"has-post-thumbnail","6":"product_cat-oekologiske-tasker","7":"product_cat-tasker-og-rygsaekke","8":"pa_collection-gym-bags-da","9":"pa_made-in-indien","11":"first","12":"instock","13":"purchasable","14":"product-type-simple"},"supplier_id":null,"supplier_sku":"GymB-03","barcode":null,"atum_controlled":true,"out_stock_date":null,"out_stock_threshold":null,"inheritable":false,"inbound_stock":null,"stock_on_hold":0,"sold_today":0,"sales_last_days":0,"reserved_stock":null,"customer_returns":null,"warehouse_damage":null,"lost_in_post":null,"other_logs":null,"out_stock_days":0,"lost_sales":0,"has_location":null,"update_date":"2026-04-27T07:06:31","atum_locations":[],"atum_stock_status":"instock","restock_status":false,"low_stock_amount":"","sales_update_date":"2026-01-30T01:24:33","calc_backorders":null,"_links":{"self":[{"href":"https:\/\/aromasentia.com\/da\/wp-json\/wp\/v2\/product\/201937","targetHints":{"allow":["GET"]}}],"collection":[{"href":"https:\/\/aromasentia.com\/da\/wp-json\/wp\/v2\/product"}],"about":[{"href":"https:\/\/aromasentia.com\/da\/wp-json\/wp\/v2\/types\/product"}],"replies":[{"embeddable":true,"href":"https:\/\/aromasentia.com\/da\/wp-json\/wp\/v2\/comments?post=201937"}],"version-history":[{"count":0,"href":"https:\/\/aromasentia.com\/da\/wp-json\/wp\/v2\/product\/201937\/revisions"}],"wp:featuredmedia":[{"embeddable":true,"href":"https:\/\/aromasentia.com\/da\/wp-json\/wp\/v2\/media\/321043"}],"wp:attachment":[{"href":"https:\/\/aromasentia.com\/da\/wp-json\/wp\/v2\/media?parent=201937"}],"wp:term":[{"taxonomy":"product_brand","embeddable":true,"href":"https:\/\/aromasentia.com\/da\/wp-json\/wp\/v2\/product_brand?post=201937"},{"taxonomy":"product_cat","embeddable":true,"href":"https:\/\/aromasentia.com\/da\/wp-json\/wp\/v2\/product_cat?post=201937"},{"taxonomy":"product_tag","embeddable":true,"href":"https:\/\/aromasentia.com\/da\/wp-json\/wp\/v2\/product_tag?post=201937"}],"curies":[{"name":"wp","href":"https:\/\/api.w.org\/{rel}","templated":true}]}}