{"id":201936,"date":"2025-03-21T14:44:08","date_gmt":"2025-03-21T14:44:08","guid":{"rendered":"https:\/\/aromasentia.com\/product\/hemp-phone-tobacoo-anything-wrap-pouch-assorted\/"},"modified":"2025-06-22T03:41:23","modified_gmt":"2025-06-22T03:41:23","slug":"hemp-phone-tobacoo-anything-wrap-pouch-assorteret","status":"publish","type":"product","link":"https:\/\/aromasentia.com\/da\/hemp-phone-tobacoo-anything-wrap-pouch-assorteret\/","title":{"rendered":"Hemp Phone\/Tobacoo\/Anything Wrap Pouch (Assorteret)"},"content":{"rendered":"<p>Beskyt dine sm\u00e5ting p\u00e5 en naturlig m\u00e5de med denne Hemp Phone\/Tobacco\/Anything Wrap Pouch (assorteret). Denne smart designede pung er lavet af b\u00e6redygtig hamp og har en wrap-around-lukning, som giver en unik og sikker m\u00e5de at opbevare din telefon, tobak eller andre sm\u00e5 v\u00e6rdigenstande p\u00e5. Hver pose f\u00e5s i forskellige stilarter og kombinerer det praktiske med en milj\u00f8bevidst, rustik charme. En perfekt lille f\u00f8lgesvend til at holde dine vigtigste ting sikre og stilfulde, n\u00e5r du er p\u00e5 farten.<\/p>\n","protected":false},"excerpt":{"rendered":"<p>Beskyt dine sm\u00e5ting p\u00e5 en naturlig m\u00e5de med denne Hemp Phone\/Tobacco\/Anything Wrap Pouch (assorteret). Denne smart designede pung er lavet af b\u00e6redygtig hamp og har en wrap-around-lukning, som giver en unik og sikker m\u00e5de at opbevare din telefon, tobak eller andre sm\u00e5 v\u00e6rdigenstande p\u00e5. Hver pose f\u00e5s i forskellige stilarter og kombinerer det praktiske med [&hellip;]<\/p>\n","protected":false},"featured_media":322874,"comment_status":"closed","ping_status":"open","template":"","meta":{"_angie_page":false},"product_brand":[],"product_cat":[7878,7861],"product_tag":[],"class_list":{"0":"post-201936","1":"product","2":"type-product","3":"status-publish","4":"has-post-thumbnail","6":"product_cat-bomuldstasker-og-skuldertasker-nepal","7":"product_cat-tasker-og-rygsaekke","8":"pa_collection-pure-hemp-and-cotton-bags-da","9":"pa_made-in-nepal","11":"first","12":"instock","13":"purchasable","14":"product-type-simple"},"supplier_id":null,"supplier_sku":"HempB-45","barcode":null,"atum_controlled":true,"out_stock_date":null,"out_stock_threshold":null,"inheritable":false,"inbound_stock":null,"stock_on_hold":0,"sold_today":0,"sales_last_days":0,"reserved_stock":null,"customer_returns":null,"warehouse_damage":null,"lost_in_post":null,"other_logs":null,"out_stock_days":0,"lost_sales":0,"has_location":null,"update_date":"2026-04-27T07:07:04","atum_locations":[],"atum_stock_status":"instock","restock_status":false,"low_stock_amount":"","sales_update_date":"2026-01-30T01:25:56","calc_backorders":null,"_links":{"self":[{"href":"https:\/\/aromasentia.com\/da\/wp-json\/wp\/v2\/product\/201936","targetHints":{"allow":["GET"]}}],"collection":[{"href":"https:\/\/aromasentia.com\/da\/wp-json\/wp\/v2\/product"}],"about":[{"href":"https:\/\/aromasentia.com\/da\/wp-json\/wp\/v2\/types\/product"}],"replies":[{"embeddable":true,"href":"https:\/\/aromasentia.com\/da\/wp-json\/wp\/v2\/comments?post=201936"}],"version-history":[{"count":0,"href":"https:\/\/aromasentia.com\/da\/wp-json\/wp\/v2\/product\/201936\/revisions"}],"wp:featuredmedia":[{"embeddable":true,"href":"https:\/\/aromasentia.com\/da\/wp-json\/wp\/v2\/media\/322874"}],"wp:attachment":[{"href":"https:\/\/aromasentia.com\/da\/wp-json\/wp\/v2\/media?parent=201936"}],"wp:term":[{"taxonomy":"product_brand","embeddable":true,"href":"https:\/\/aromasentia.com\/da\/wp-json\/wp\/v2\/product_brand?post=201936"},{"taxonomy":"product_cat","embeddable":true,"href":"https:\/\/aromasentia.com\/da\/wp-json\/wp\/v2\/product_cat?post=201936"},{"taxonomy":"product_tag","embeddable":true,"href":"https:\/\/aromasentia.com\/da\/wp-json\/wp\/v2\/product_tag?post=201936"}],"curies":[{"name":"wp","href":"https:\/\/api.w.org\/{rel}","templated":true}]}}