{"id":201932,"date":"2025-03-21T14:44:08","date_gmt":"2025-03-21T14:44:08","guid":{"rendered":"https:\/\/aromasentia.com\/product\/hemp-laptop-messenger-bag-triangle\/"},"modified":"2025-06-22T03:41:21","modified_gmt":"2025-06-22T03:41:21","slug":"hemp-laptop-messenger-bag-triangle","status":"publish","type":"product","link":"https:\/\/aromasentia.com\/da\/hemp-laptop-messenger-bag-triangle\/","title":{"rendered":"Hemp Laptop messenger Bag &#8211; Triangle"},"content":{"rendered":"<p>V\u00e6lg moderne, milj\u00f8venlig teknologitransport med Hemp Laptop Messenger Bag &#8211; Triangle. Denne stilfulde messenger-taske er lavet af robust hampestof og er perfekt til at transportere din b\u00e6rbare computer og daglige forn\u00f8denheder. &#8220;Triangle&#8221;-designet kan hentyde til et geometrisk m\u00f8nster eller en unik konstruktionsdetalje, som giver en moderne kant. Det er en holdbar, b\u00e6redygtig og moderigtig l\u00f8sning til at beskytte din teknologi, n\u00e5r du er p\u00e5 farten, og den er ideel til arbejdet eller campuslivet.<\/p>\n","protected":false},"excerpt":{"rendered":"<p>V\u00e6lg moderne, milj\u00f8venlig teknologitransport med Hemp Laptop Messenger Bag &#8211; Triangle. Denne stilfulde messenger-taske er lavet af robust hampestof og er perfekt til at transportere din b\u00e6rbare computer og daglige forn\u00f8denheder. &#8220;Triangle&#8221;-designet kan hentyde til et geometrisk m\u00f8nster eller en unik konstruktionsdetalje, som giver en moderne kant. Det er en holdbar, b\u00e6redygtig og moderigtig l\u00f8sning [&hellip;]<\/p>\n","protected":false},"featured_media":322766,"comment_status":"closed","ping_status":"open","template":"","meta":{"_angie_page":false},"product_brand":[],"product_cat":[7878,7861],"product_tag":[],"class_list":{"0":"post-201932","1":"product","2":"type-product","3":"status-publish","4":"has-post-thumbnail","6":"product_cat-bomuldstasker-og-skuldertasker-nepal","7":"product_cat-tasker-og-rygsaekke","8":"pa_collection-pure-hemp-and-cotton-bags-da","9":"pa_made-in-nepal","11":"first","12":"instock","13":"purchasable","14":"product-type-simple"},"supplier_id":null,"supplier_sku":"HempB-41","barcode":null,"atum_controlled":true,"out_stock_date":null,"out_stock_threshold":null,"inheritable":false,"inbound_stock":null,"stock_on_hold":0,"sold_today":0,"sales_last_days":0,"reserved_stock":null,"customer_returns":null,"warehouse_damage":null,"lost_in_post":null,"other_logs":null,"out_stock_days":0,"lost_sales":0,"has_location":null,"update_date":"2026-04-27T07:07:04","atum_locations":[],"atum_stock_status":"instock","restock_status":false,"low_stock_amount":"","sales_update_date":"2026-01-30T01:24:55","calc_backorders":null,"_links":{"self":[{"href":"https:\/\/aromasentia.com\/da\/wp-json\/wp\/v2\/product\/201932","targetHints":{"allow":["GET"]}}],"collection":[{"href":"https:\/\/aromasentia.com\/da\/wp-json\/wp\/v2\/product"}],"about":[{"href":"https:\/\/aromasentia.com\/da\/wp-json\/wp\/v2\/types\/product"}],"replies":[{"embeddable":true,"href":"https:\/\/aromasentia.com\/da\/wp-json\/wp\/v2\/comments?post=201932"}],"version-history":[{"count":0,"href":"https:\/\/aromasentia.com\/da\/wp-json\/wp\/v2\/product\/201932\/revisions"}],"wp:featuredmedia":[{"embeddable":true,"href":"https:\/\/aromasentia.com\/da\/wp-json\/wp\/v2\/media\/322766"}],"wp:attachment":[{"href":"https:\/\/aromasentia.com\/da\/wp-json\/wp\/v2\/media?parent=201932"}],"wp:term":[{"taxonomy":"product_brand","embeddable":true,"href":"https:\/\/aromasentia.com\/da\/wp-json\/wp\/v2\/product_brand?post=201932"},{"taxonomy":"product_cat","embeddable":true,"href":"https:\/\/aromasentia.com\/da\/wp-json\/wp\/v2\/product_cat?post=201932"},{"taxonomy":"product_tag","embeddable":true,"href":"https:\/\/aromasentia.com\/da\/wp-json\/wp\/v2\/product_tag?post=201932"}],"curies":[{"name":"wp","href":"https:\/\/api.w.org\/{rel}","templated":true}]}}