{"id":201931,"date":"2025-03-21T14:44:08","date_gmt":"2025-03-21T14:44:08","guid":{"rendered":"https:\/\/aromasentia.com\/product\/hemp-laptop-messenger-bag-curves\/"},"modified":"2025-06-22T03:41:21","modified_gmt":"2025-06-22T03:41:21","slug":"hemp-laptop-messenger-bag-curves","status":"publish","type":"product","link":"https:\/\/aromasentia.com\/da\/hemp-laptop-messenger-bag-curves\/","title":{"rendered":"Hemp Laptop messenger Bag &#8211; Curves"},"content":{"rendered":"<p>B\u00e6r din teknologi med stil med Hemp Laptop Messenger Bag &#8211; Curves. Denne elegante messenger-taske er designet til sikker transport af din b\u00e6rbare computer og andre vigtige ting og er fremstillet af slidst\u00e6rk og milj\u00f8venlig hamp. &#8220;Curves&#8221;-designet henviser sandsynligvis til den bl\u00f8de, moderne silhuet eller et dekorativt m\u00f8nster. Det er en behagelig, praktisk og b\u00e6redygtig m\u00e5de at b\u00e6re sit arbejds- eller studieudstyr p\u00e5, som kombinerer moderne \u00e6stetik med naturlige materialer til den bevidste professionelle eller studerende.<\/p>\n","protected":false},"excerpt":{"rendered":"<p>B\u00e6r din teknologi med stil med Hemp Laptop Messenger Bag &#8211; Curves. Denne elegante messenger-taske er designet til sikker transport af din b\u00e6rbare computer og andre vigtige ting og er fremstillet af slidst\u00e6rk og milj\u00f8venlig hamp. &#8220;Curves&#8221;-designet henviser sandsynligvis til den bl\u00f8de, moderne silhuet eller et dekorativt m\u00f8nster. Det er en behagelig, praktisk og b\u00e6redygtig [&hellip;]<\/p>\n","protected":false},"featured_media":322717,"comment_status":"closed","ping_status":"open","template":"","meta":{"_angie_page":false},"product_brand":[],"product_cat":[7878,7861],"product_tag":[],"class_list":{"0":"post-201931","1":"product","2":"type-product","3":"status-publish","4":"has-post-thumbnail","6":"product_cat-bomuldstasker-og-skuldertasker-nepal","7":"product_cat-tasker-og-rygsaekke","8":"pa_collection-pure-hemp-and-cotton-bags-da","9":"pa_made-in-nepal","11":"first","12":"instock","13":"purchasable","14":"product-type-simple"},"supplier_id":null,"supplier_sku":"HempB-40","barcode":null,"atum_controlled":true,"out_stock_date":null,"out_stock_threshold":null,"inheritable":false,"inbound_stock":null,"stock_on_hold":0,"sold_today":0,"sales_last_days":0,"reserved_stock":null,"customer_returns":null,"warehouse_damage":null,"lost_in_post":null,"other_logs":null,"out_stock_days":0,"lost_sales":0,"has_location":null,"update_date":"2026-04-27T07:07:04","atum_locations":[],"atum_stock_status":"instock","restock_status":false,"low_stock_amount":"","sales_update_date":"2026-01-30T01:24:58","calc_backorders":null,"_links":{"self":[{"href":"https:\/\/aromasentia.com\/da\/wp-json\/wp\/v2\/product\/201931","targetHints":{"allow":["GET"]}}],"collection":[{"href":"https:\/\/aromasentia.com\/da\/wp-json\/wp\/v2\/product"}],"about":[{"href":"https:\/\/aromasentia.com\/da\/wp-json\/wp\/v2\/types\/product"}],"replies":[{"embeddable":true,"href":"https:\/\/aromasentia.com\/da\/wp-json\/wp\/v2\/comments?post=201931"}],"version-history":[{"count":0,"href":"https:\/\/aromasentia.com\/da\/wp-json\/wp\/v2\/product\/201931\/revisions"}],"wp:featuredmedia":[{"embeddable":true,"href":"https:\/\/aromasentia.com\/da\/wp-json\/wp\/v2\/media\/322717"}],"wp:attachment":[{"href":"https:\/\/aromasentia.com\/da\/wp-json\/wp\/v2\/media?parent=201931"}],"wp:term":[{"taxonomy":"product_brand","embeddable":true,"href":"https:\/\/aromasentia.com\/da\/wp-json\/wp\/v2\/product_brand?post=201931"},{"taxonomy":"product_cat","embeddable":true,"href":"https:\/\/aromasentia.com\/da\/wp-json\/wp\/v2\/product_cat?post=201931"},{"taxonomy":"product_tag","embeddable":true,"href":"https:\/\/aromasentia.com\/da\/wp-json\/wp\/v2\/product_tag?post=201931"}],"curies":[{"name":"wp","href":"https:\/\/api.w.org\/{rel}","templated":true}]}}