{"id":201930,"date":"2025-03-21T14:44:08","date_gmt":"2025-03-21T14:44:08","guid":{"rendered":"https:\/\/aromasentia.com\/product\/hemp-trekking-rolling-backpack-sunset-orange\/"},"modified":"2025-06-22T03:41:21","modified_gmt":"2025-06-22T03:41:21","slug":"hamp-trekking-rullende-rygsaek-sunset-orange","status":"publish","type":"product","link":"https:\/\/aromasentia.com\/da\/hamp-trekking-rullende-rygsaek-sunset-orange\/","title":{"rendered":"Hamp Trekking Rullende Rygs\u00e6k &#8211; Sunset Orange"},"content":{"rendered":"<p>Naviger ubesv\u00e6ret rundt p\u00e5 dine rejser med Hemp Trekking Rolling Backpack &#8211; Sunset Orange. Denne innovative rygs\u00e6k kombinerer det praktiske ved en rullende kuffert med fleksibiliteten ved trekkingstropper, perfekt til den dynamiske rejsende. Den er fremstillet af modstandsdygtig hamp i en levende solnedgangsorange og er b\u00e5de holdbar og i\u00f8jnefaldende. Dens store rummelighed og fleksible design g\u00f8r den til en ideel, milj\u00f8bevidst f\u00f8lgesvend til eventyr, der nemt f\u00f8rer dig fra bylandskaber til barske stier.<\/p>\n","protected":false},"excerpt":{"rendered":"<p>Naviger ubesv\u00e6ret rundt p\u00e5 dine rejser med Hemp Trekking Rolling Backpack &#8211; Sunset Orange. Denne innovative rygs\u00e6k kombinerer det praktiske ved en rullende kuffert med fleksibiliteten ved trekkingstropper, perfekt til den dynamiske rejsende. Den er fremstillet af modstandsdygtig hamp i en levende solnedgangsorange og er b\u00e5de holdbar og i\u00f8jnefaldende. Dens store rummelighed og fleksible design [&hellip;]<\/p>\n","protected":false},"featured_media":322692,"comment_status":"closed","ping_status":"open","template":"","meta":{"_angie_page":false},"product_brand":[],"product_cat":[7878,25823,7861],"product_tag":[],"class_list":{"0":"post-201930","1":"product","2":"type-product","3":"status-publish","4":"has-post-thumbnail","6":"product_cat-bomuldstasker-og-skuldertasker-nepal","7":"product_cat-rygsaekke","8":"product_cat-tasker-og-rygsaekke","9":"pa_collection-pure-hemp-and-cotton-bags-da","10":"pa_made-in-nepal","12":"first","13":"instock","14":"purchasable","15":"product-type-simple"},"supplier_id":null,"supplier_sku":"HempB-39","barcode":null,"atum_controlled":true,"out_stock_date":null,"out_stock_threshold":null,"inheritable":false,"inbound_stock":null,"stock_on_hold":0,"sold_today":0,"sales_last_days":0,"reserved_stock":null,"customer_returns":null,"warehouse_damage":null,"lost_in_post":null,"other_logs":null,"out_stock_days":0,"lost_sales":0,"has_location":null,"update_date":"2026-04-27T07:07:04","atum_locations":[],"atum_stock_status":"instock","restock_status":false,"low_stock_amount":"","sales_update_date":"2026-01-30T01:24:52","calc_backorders":null,"_links":{"self":[{"href":"https:\/\/aromasentia.com\/da\/wp-json\/wp\/v2\/product\/201930","targetHints":{"allow":["GET"]}}],"collection":[{"href":"https:\/\/aromasentia.com\/da\/wp-json\/wp\/v2\/product"}],"about":[{"href":"https:\/\/aromasentia.com\/da\/wp-json\/wp\/v2\/types\/product"}],"replies":[{"embeddable":true,"href":"https:\/\/aromasentia.com\/da\/wp-json\/wp\/v2\/comments?post=201930"}],"version-history":[{"count":0,"href":"https:\/\/aromasentia.com\/da\/wp-json\/wp\/v2\/product\/201930\/revisions"}],"wp:featuredmedia":[{"embeddable":true,"href":"https:\/\/aromasentia.com\/da\/wp-json\/wp\/v2\/media\/322692"}],"wp:attachment":[{"href":"https:\/\/aromasentia.com\/da\/wp-json\/wp\/v2\/media?parent=201930"}],"wp:term":[{"taxonomy":"product_brand","embeddable":true,"href":"https:\/\/aromasentia.com\/da\/wp-json\/wp\/v2\/product_brand?post=201930"},{"taxonomy":"product_cat","embeddable":true,"href":"https:\/\/aromasentia.com\/da\/wp-json\/wp\/v2\/product_cat?post=201930"},{"taxonomy":"product_tag","embeddable":true,"href":"https:\/\/aromasentia.com\/da\/wp-json\/wp\/v2\/product_tag?post=201930"}],"curies":[{"name":"wp","href":"https:\/\/api.w.org\/{rel}","templated":true}]}}