{"id":201929,"date":"2025-03-21T14:44:08","date_gmt":"2025-03-21T14:44:08","guid":{"rendered":"https:\/\/aromasentia.com\/product\/hemp-trekking-rolling-backpack-sage\/"},"modified":"2025-06-22T03:41:20","modified_gmt":"2025-06-22T03:41:20","slug":"hamp-trekking-rullende-rygsaek-salvie","status":"publish","type":"product","link":"https:\/\/aromasentia.com\/da\/hamp-trekking-rullende-rygsaek-salvie\/","title":{"rendered":"Hamp Trekking Rullende Rygs\u00e6k &#8211; Salvie"},"content":{"rendered":"<p>Rejs nemt med Hemp Trekking Rolling Backpack &#8211; Sage. Denne alsidige rygs\u00e6k har hjul, s\u00e5 den nemt kan rulles gennem lufthavne eller bygader, kombineret med traditionelle rygs\u00e6kremme til trekking. Den er lavet af slidst\u00e6rkt hamp i en beroligende salviegr\u00f8n og er designet til den eventyrlystne rejsende. Dens rummelige indre og robuste konstruktion g\u00f8r den til et milj\u00f8venligt og yderst praktisk valg til l\u00e6ngere rejser og varieret terr\u00e6n.<\/p>\n","protected":false},"excerpt":{"rendered":"<p>Rejs nemt med Hemp Trekking Rolling Backpack &#8211; Sage. Denne alsidige rygs\u00e6k har hjul, s\u00e5 den nemt kan rulles gennem lufthavne eller bygader, kombineret med traditionelle rygs\u00e6kremme til trekking. Den er lavet af slidst\u00e6rkt hamp i en beroligende salviegr\u00f8n og er designet til den eventyrlystne rejsende. Dens rummelige indre og robuste konstruktion g\u00f8r den til [&hellip;]<\/p>\n","protected":false},"featured_media":322643,"comment_status":"closed","ping_status":"open","template":"","meta":{"_angie_page":false},"product_brand":[],"product_cat":[7878,25823,7861],"product_tag":[],"class_list":{"0":"post-201929","1":"product","2":"type-product","3":"status-publish","4":"has-post-thumbnail","6":"product_cat-bomuldstasker-og-skuldertasker-nepal","7":"product_cat-rygsaekke","8":"product_cat-tasker-og-rygsaekke","9":"pa_collection-pure-hemp-and-cotton-bags-da","10":"pa_made-in-nepal","12":"first","13":"instock","14":"purchasable","15":"product-type-simple"},"supplier_id":null,"supplier_sku":"HempB-38","barcode":null,"atum_controlled":true,"out_stock_date":null,"out_stock_threshold":null,"inheritable":false,"inbound_stock":null,"stock_on_hold":0,"sold_today":0,"sales_last_days":0,"reserved_stock":null,"customer_returns":null,"warehouse_damage":null,"lost_in_post":null,"other_logs":null,"out_stock_days":0,"lost_sales":0,"has_location":null,"update_date":"2026-04-27T07:07:04","atum_locations":[],"atum_stock_status":"instock","restock_status":false,"low_stock_amount":"","sales_update_date":"2026-01-30T01:24:59","calc_backorders":null,"_links":{"self":[{"href":"https:\/\/aromasentia.com\/da\/wp-json\/wp\/v2\/product\/201929","targetHints":{"allow":["GET"]}}],"collection":[{"href":"https:\/\/aromasentia.com\/da\/wp-json\/wp\/v2\/product"}],"about":[{"href":"https:\/\/aromasentia.com\/da\/wp-json\/wp\/v2\/types\/product"}],"replies":[{"embeddable":true,"href":"https:\/\/aromasentia.com\/da\/wp-json\/wp\/v2\/comments?post=201929"}],"version-history":[{"count":0,"href":"https:\/\/aromasentia.com\/da\/wp-json\/wp\/v2\/product\/201929\/revisions"}],"wp:featuredmedia":[{"embeddable":true,"href":"https:\/\/aromasentia.com\/da\/wp-json\/wp\/v2\/media\/322643"}],"wp:attachment":[{"href":"https:\/\/aromasentia.com\/da\/wp-json\/wp\/v2\/media?parent=201929"}],"wp:term":[{"taxonomy":"product_brand","embeddable":true,"href":"https:\/\/aromasentia.com\/da\/wp-json\/wp\/v2\/product_brand?post=201929"},{"taxonomy":"product_cat","embeddable":true,"href":"https:\/\/aromasentia.com\/da\/wp-json\/wp\/v2\/product_cat?post=201929"},{"taxonomy":"product_tag","embeddable":true,"href":"https:\/\/aromasentia.com\/da\/wp-json\/wp\/v2\/product_tag?post=201929"}],"curies":[{"name":"wp","href":"https:\/\/api.w.org\/{rel}","templated":true}]}}