{"id":201928,"date":"2025-03-21T14:44:08","date_gmt":"2025-03-21T14:44:08","guid":{"rendered":"https:\/\/aromasentia.com\/product\/hemp-adventure-backpack-kathmandu\/"},"modified":"2025-06-22T03:41:20","modified_gmt":"2025-06-22T03:41:20","slug":"hemp-adventure-rygsaek-kathmandu","status":"publish","type":"product","link":"https:\/\/aromasentia.com\/da\/hemp-adventure-rygsaek-kathmandu\/","title":{"rendered":"Hemp Adventure-Rygs\u00e6k &#8211; Kathmandu"},"content":{"rendered":"<p>Udforsk verden med Hemp Adventure Backpack &#8211; Kathmandu. Inspireret af den livlige \u00e5nd i Nepals hovedstad er denne rygs\u00e6k fremstillet af st\u00e6rk, b\u00e6redygtig hamp og klar til dine udforskninger i byen eller i det fri. Forvent et design med fokus p\u00e5 det praktiske, med rigelig opbevaring og komfortable b\u00e6refunktioner. Dens etnisk inspirerede eller naturlige look g\u00f8r den til et unikt og milj\u00f8bevidst valg for rejsende og eventyrere, der s\u00e6tter pris p\u00e5 holdbarhed og et strejf af global stil.<\/p>\n","protected":false},"excerpt":{"rendered":"<p>Udforsk verden med Hemp Adventure Backpack &#8211; Kathmandu. Inspireret af den livlige \u00e5nd i Nepals hovedstad er denne rygs\u00e6k fremstillet af st\u00e6rk, b\u00e6redygtig hamp og klar til dine udforskninger i byen eller i det fri. Forvent et design med fokus p\u00e5 det praktiske, med rigelig opbevaring og komfortable b\u00e6refunktioner. Dens etnisk inspirerede eller naturlige look [&hellip;]<\/p>\n","protected":false},"featured_media":322626,"comment_status":"closed","ping_status":"open","template":"","meta":{"_angie_page":false},"product_brand":[],"product_cat":[7878,25823,7861],"product_tag":[],"class_list":{"0":"post-201928","1":"product","2":"type-product","3":"status-publish","4":"has-post-thumbnail","6":"product_cat-bomuldstasker-og-skuldertasker-nepal","7":"product_cat-rygsaekke","8":"product_cat-tasker-og-rygsaekke","9":"pa_collection-pure-hemp-and-cotton-bags-da","10":"pa_made-in-nepal","12":"first","13":"instock","14":"purchasable","15":"product-type-simple"},"supplier_id":null,"supplier_sku":"HempB-37","barcode":null,"atum_controlled":true,"out_stock_date":null,"out_stock_threshold":null,"inheritable":false,"inbound_stock":null,"stock_on_hold":0,"sold_today":0,"sales_last_days":0,"reserved_stock":null,"customer_returns":null,"warehouse_damage":null,"lost_in_post":null,"other_logs":null,"out_stock_days":0,"lost_sales":0,"has_location":null,"update_date":"2026-04-30T13:08:10","atum_locations":[],"atum_stock_status":"instock","restock_status":false,"low_stock_amount":"","sales_update_date":"2026-01-30T01:24:52","calc_backorders":null,"_links":{"self":[{"href":"https:\/\/aromasentia.com\/da\/wp-json\/wp\/v2\/product\/201928","targetHints":{"allow":["GET"]}}],"collection":[{"href":"https:\/\/aromasentia.com\/da\/wp-json\/wp\/v2\/product"}],"about":[{"href":"https:\/\/aromasentia.com\/da\/wp-json\/wp\/v2\/types\/product"}],"replies":[{"embeddable":true,"href":"https:\/\/aromasentia.com\/da\/wp-json\/wp\/v2\/comments?post=201928"}],"version-history":[{"count":0,"href":"https:\/\/aromasentia.com\/da\/wp-json\/wp\/v2\/product\/201928\/revisions"}],"wp:featuredmedia":[{"embeddable":true,"href":"https:\/\/aromasentia.com\/da\/wp-json\/wp\/v2\/media\/322626"}],"wp:attachment":[{"href":"https:\/\/aromasentia.com\/da\/wp-json\/wp\/v2\/media?parent=201928"}],"wp:term":[{"taxonomy":"product_brand","embeddable":true,"href":"https:\/\/aromasentia.com\/da\/wp-json\/wp\/v2\/product_brand?post=201928"},{"taxonomy":"product_cat","embeddable":true,"href":"https:\/\/aromasentia.com\/da\/wp-json\/wp\/v2\/product_cat?post=201928"},{"taxonomy":"product_tag","embeddable":true,"href":"https:\/\/aromasentia.com\/da\/wp-json\/wp\/v2\/product_tag?post=201928"}],"curies":[{"name":"wp","href":"https:\/\/api.w.org\/{rel}","templated":true}]}}