{"id":201927,"date":"2025-03-21T14:44:08","date_gmt":"2025-03-21T14:44:08","guid":{"rendered":"https:\/\/aromasentia.com\/product\/hemp-adventure-backpack-annapurna\/"},"modified":"2025-06-22T03:41:19","modified_gmt":"2025-06-22T03:41:19","slug":"hemp-adventure-rygsaek-annapurna","status":"publish","type":"product","link":"https:\/\/aromasentia.com\/da\/hemp-adventure-rygsaek-annapurna\/","title":{"rendered":"Hemp Adventure-Rygs\u00e6k &#8211; Annapurna"},"content":{"rendered":"<p>Begiv dig ud p\u00e5 dine rejser med Hemp Adventure Backpack &#8211; Annapurna. Rygs\u00e6kken er opkaldt efter den majest\u00e6tiske Himalaya-bjergk\u00e6de og er fremstillet af slidst\u00e6rkt hamp til barske eventyr. Den har sandsynligvis flere rum, komfortable stropper og et design, der er bygget til udforskning og brug. Dens naturlige, jordn\u00e6re \u00e6stetik afspejler en k\u00e6rlighed til naturen, hvilket g\u00f8r den til en p\u00e5lidelig og milj\u00f8venlig ledsager for vandrere, rejsende og alle, der s\u00f8ger en robust rygs\u00e6k til deres n\u00e6ste store eventyr.<\/p>\n","protected":false},"excerpt":{"rendered":"<p>Begiv dig ud p\u00e5 dine rejser med Hemp Adventure Backpack &#8211; Annapurna. Rygs\u00e6kken er opkaldt efter den majest\u00e6tiske Himalaya-bjergk\u00e6de og er fremstillet af slidst\u00e6rkt hamp til barske eventyr. Den har sandsynligvis flere rum, komfortable stropper og et design, der er bygget til udforskning og brug. Dens naturlige, jordn\u00e6re \u00e6stetik afspejler en k\u00e6rlighed til naturen, hvilket [&hellip;]<\/p>\n","protected":false},"featured_media":322601,"comment_status":"closed","ping_status":"open","template":"","meta":{"_angie_page":false},"product_brand":[],"product_cat":[7878,25823,7861],"product_tag":[],"class_list":{"0":"post-201927","1":"product","2":"type-product","3":"status-publish","4":"has-post-thumbnail","6":"product_cat-bomuldstasker-og-skuldertasker-nepal","7":"product_cat-rygsaekke","8":"product_cat-tasker-og-rygsaekke","9":"pa_collection-pure-hemp-and-cotton-bags-da","10":"pa_made-in-nepal","12":"first","13":"instock","14":"purchasable","15":"product-type-simple"},"supplier_id":null,"supplier_sku":"HempB-36","barcode":null,"atum_controlled":true,"out_stock_date":null,"out_stock_threshold":null,"inheritable":false,"inbound_stock":null,"stock_on_hold":0,"sold_today":0,"sales_last_days":0,"reserved_stock":null,"customer_returns":null,"warehouse_damage":null,"lost_in_post":null,"other_logs":null,"out_stock_days":0,"lost_sales":0,"has_location":null,"update_date":"2026-04-27T07:07:04","atum_locations":[],"atum_stock_status":"instock","restock_status":false,"low_stock_amount":"","sales_update_date":"2026-01-30T01:25:02","calc_backorders":null,"_links":{"self":[{"href":"https:\/\/aromasentia.com\/da\/wp-json\/wp\/v2\/product\/201927","targetHints":{"allow":["GET"]}}],"collection":[{"href":"https:\/\/aromasentia.com\/da\/wp-json\/wp\/v2\/product"}],"about":[{"href":"https:\/\/aromasentia.com\/da\/wp-json\/wp\/v2\/types\/product"}],"replies":[{"embeddable":true,"href":"https:\/\/aromasentia.com\/da\/wp-json\/wp\/v2\/comments?post=201927"}],"version-history":[{"count":0,"href":"https:\/\/aromasentia.com\/da\/wp-json\/wp\/v2\/product\/201927\/revisions"}],"wp:featuredmedia":[{"embeddable":true,"href":"https:\/\/aromasentia.com\/da\/wp-json\/wp\/v2\/media\/322601"}],"wp:attachment":[{"href":"https:\/\/aromasentia.com\/da\/wp-json\/wp\/v2\/media?parent=201927"}],"wp:term":[{"taxonomy":"product_brand","embeddable":true,"href":"https:\/\/aromasentia.com\/da\/wp-json\/wp\/v2\/product_brand?post=201927"},{"taxonomy":"product_cat","embeddable":true,"href":"https:\/\/aromasentia.com\/da\/wp-json\/wp\/v2\/product_cat?post=201927"},{"taxonomy":"product_tag","embeddable":true,"href":"https:\/\/aromasentia.com\/da\/wp-json\/wp\/v2\/product_tag?post=201927"}],"curies":[{"name":"wp","href":"https:\/\/api.w.org\/{rel}","templated":true}]}}