{"id":201926,"date":"2025-03-21T14:44:08","date_gmt":"2025-03-21T14:44:08","guid":{"rendered":"https:\/\/aromasentia.com\/product\/large-boxy-hemp-backpack-wine-cream\/"},"modified":"2025-06-22T03:41:19","modified_gmt":"2025-06-22T03:41:19","slug":"stor-boxy-hamp-rygsaek-vin-og-floede","status":"publish","type":"product","link":"https:\/\/aromasentia.com\/da\/stor-boxy-hamp-rygsaek-vin-og-floede\/","title":{"rendered":"Stor Boxy Hamp-Rygs\u00e6k &#8211; Vin Og Fl\u00f8de"},"content":{"rendered":"<p>Rejs med stil med Large Boxy Hemp Backpack &#8211; Wine &#038; Cream. Denne sofistikerede rygs\u00e6k er lavet af modstandsdygtigt hampestof og har en elegant farvepalet af fyldig vinr\u00f8d i kontrast til bl\u00f8d creme. Dens rummelige, kasseformede design sikrer rigelig plads til alle dine vigtigste ting, uanset om det er til arbejde, studier eller fritid. Denne milj\u00f8venlige rygs\u00e6k er holdbar og har et strejf af raffineret farve og er et smart og praktisk valg for den bevidste forbruger.<\/p>\n","protected":false},"excerpt":{"rendered":"<p>Rejs med stil med Large Boxy Hemp Backpack &#8211; Wine &#038; Cream. Denne sofistikerede rygs\u00e6k er lavet af modstandsdygtigt hampestof og har en elegant farvepalet af fyldig vinr\u00f8d i kontrast til bl\u00f8d creme. Dens rummelige, kasseformede design sikrer rigelig plads til alle dine vigtigste ting, uanset om det er til arbejde, studier eller fritid. Denne [&hellip;]<\/p>\n","protected":false},"featured_media":322576,"comment_status":"closed","ping_status":"open","template":"","meta":{"_angie_page":false},"product_brand":[],"product_cat":[7878,25823,7861],"product_tag":[],"class_list":{"0":"post-201926","1":"product","2":"type-product","3":"status-publish","4":"has-post-thumbnail","6":"product_cat-bomuldstasker-og-skuldertasker-nepal","7":"product_cat-rygsaekke","8":"product_cat-tasker-og-rygsaekke","9":"pa_collection-pure-hemp-and-cotton-bags-da","10":"pa_made-in-nepal","12":"first","13":"instock","14":"purchasable","15":"product-type-simple"},"supplier_id":null,"supplier_sku":"HempB-35","barcode":null,"atum_controlled":true,"out_stock_date":null,"out_stock_threshold":null,"inheritable":false,"inbound_stock":null,"stock_on_hold":0,"sold_today":0,"sales_last_days":0,"reserved_stock":null,"customer_returns":null,"warehouse_damage":null,"lost_in_post":null,"other_logs":null,"out_stock_days":0,"lost_sales":0,"has_location":null,"update_date":"2026-04-27T07:07:42","atum_locations":[],"atum_stock_status":"instock","restock_status":false,"low_stock_amount":"","sales_update_date":"2026-01-30T01:24:58","calc_backorders":null,"_links":{"self":[{"href":"https:\/\/aromasentia.com\/da\/wp-json\/wp\/v2\/product\/201926","targetHints":{"allow":["GET"]}}],"collection":[{"href":"https:\/\/aromasentia.com\/da\/wp-json\/wp\/v2\/product"}],"about":[{"href":"https:\/\/aromasentia.com\/da\/wp-json\/wp\/v2\/types\/product"}],"replies":[{"embeddable":true,"href":"https:\/\/aromasentia.com\/da\/wp-json\/wp\/v2\/comments?post=201926"}],"version-history":[{"count":0,"href":"https:\/\/aromasentia.com\/da\/wp-json\/wp\/v2\/product\/201926\/revisions"}],"wp:featuredmedia":[{"embeddable":true,"href":"https:\/\/aromasentia.com\/da\/wp-json\/wp\/v2\/media\/322576"}],"wp:attachment":[{"href":"https:\/\/aromasentia.com\/da\/wp-json\/wp\/v2\/media?parent=201926"}],"wp:term":[{"taxonomy":"product_brand","embeddable":true,"href":"https:\/\/aromasentia.com\/da\/wp-json\/wp\/v2\/product_brand?post=201926"},{"taxonomy":"product_cat","embeddable":true,"href":"https:\/\/aromasentia.com\/da\/wp-json\/wp\/v2\/product_cat?post=201926"},{"taxonomy":"product_tag","embeddable":true,"href":"https:\/\/aromasentia.com\/da\/wp-json\/wp\/v2\/product_tag?post=201926"}],"curies":[{"name":"wp","href":"https:\/\/api.w.org\/{rel}","templated":true}]}}