{"id":201925,"date":"2025-03-21T14:44:08","date_gmt":"2025-03-21T14:44:08","guid":{"rendered":"https:\/\/aromasentia.com\/product\/large-boxy-hemp-backpack-teal-sage\/"},"modified":"2025-06-22T03:41:19","modified_gmt":"2025-06-22T03:41:19","slug":"stor-boxy-hamp-rygsaek-teal-salvie","status":"publish","type":"product","link":"https:\/\/aromasentia.com\/da\/stor-boxy-hamp-rygsaek-teal-salvie\/","title":{"rendered":"Stor Boxy Hamp-Rygs\u00e6k &#8211; Teal &#038; Salvie"},"content":{"rendered":"<p>Omfavn jordfarverne med Large Boxy Hemp Backpack &#8211; Teal &#038; Sage. Denne praktiske og stilfulde rygs\u00e6k er fremstillet af slidst\u00e6rkt hamp i en beroligende blanding af bl\u00e5gr\u00f8n og d\u00e6mpet salviegr\u00f8n. Det gener\u00f8se boxy-design giver masser af opbevaringsplads til dine ejendele, hvilket g\u00f8r den ideel til daglig brug eller weekendeventyr. Med sine b\u00e6redygtige materialer og behagelige brug er den en perfekt blanding af milj\u00f8bevidsthed, funktionalitet og underspillet naturlig stil.<\/p>\n","protected":false},"excerpt":{"rendered":"<p>Omfavn jordfarverne med Large Boxy Hemp Backpack &#8211; Teal &#038; Sage. Denne praktiske og stilfulde rygs\u00e6k er fremstillet af slidst\u00e6rkt hamp i en beroligende blanding af bl\u00e5gr\u00f8n og d\u00e6mpet salviegr\u00f8n. Det gener\u00f8se boxy-design giver masser af opbevaringsplads til dine ejendele, hvilket g\u00f8r den ideel til daglig brug eller weekendeventyr. Med sine b\u00e6redygtige materialer og behagelige [&hellip;]<\/p>\n","protected":false},"featured_media":322559,"comment_status":"closed","ping_status":"open","template":"","meta":{"_angie_page":false},"product_brand":[],"product_cat":[7878,25823,7861],"product_tag":[],"class_list":{"0":"post-201925","1":"product","2":"type-product","3":"status-publish","4":"has-post-thumbnail","6":"product_cat-bomuldstasker-og-skuldertasker-nepal","7":"product_cat-rygsaekke","8":"product_cat-tasker-og-rygsaekke","9":"pa_collection-pure-hemp-and-cotton-bags-da","10":"pa_made-in-nepal","12":"first","13":"instock","14":"purchasable","15":"product-type-simple"},"supplier_id":null,"supplier_sku":"HempB-34","barcode":null,"atum_controlled":true,"out_stock_date":null,"out_stock_threshold":null,"inheritable":false,"inbound_stock":null,"stock_on_hold":0,"sold_today":0,"sales_last_days":0,"reserved_stock":null,"customer_returns":null,"warehouse_damage":null,"lost_in_post":null,"other_logs":null,"out_stock_days":0,"lost_sales":0,"has_location":null,"update_date":"2026-04-27T07:07:42","atum_locations":[],"atum_stock_status":"instock","restock_status":false,"low_stock_amount":"","sales_update_date":"2026-02-06T00:01:26","calc_backorders":null,"_links":{"self":[{"href":"https:\/\/aromasentia.com\/da\/wp-json\/wp\/v2\/product\/201925","targetHints":{"allow":["GET"]}}],"collection":[{"href":"https:\/\/aromasentia.com\/da\/wp-json\/wp\/v2\/product"}],"about":[{"href":"https:\/\/aromasentia.com\/da\/wp-json\/wp\/v2\/types\/product"}],"replies":[{"embeddable":true,"href":"https:\/\/aromasentia.com\/da\/wp-json\/wp\/v2\/comments?post=201925"}],"version-history":[{"count":0,"href":"https:\/\/aromasentia.com\/da\/wp-json\/wp\/v2\/product\/201925\/revisions"}],"wp:featuredmedia":[{"embeddable":true,"href":"https:\/\/aromasentia.com\/da\/wp-json\/wp\/v2\/media\/322559"}],"wp:attachment":[{"href":"https:\/\/aromasentia.com\/da\/wp-json\/wp\/v2\/media?parent=201925"}],"wp:term":[{"taxonomy":"product_brand","embeddable":true,"href":"https:\/\/aromasentia.com\/da\/wp-json\/wp\/v2\/product_brand?post=201925"},{"taxonomy":"product_cat","embeddable":true,"href":"https:\/\/aromasentia.com\/da\/wp-json\/wp\/v2\/product_cat?post=201925"},{"taxonomy":"product_tag","embeddable":true,"href":"https:\/\/aromasentia.com\/da\/wp-json\/wp\/v2\/product_tag?post=201925"}],"curies":[{"name":"wp","href":"https:\/\/api.w.org\/{rel}","templated":true}]}}