{"id":201924,"date":"2025-03-21T14:44:08","date_gmt":"2025-03-21T14:44:08","guid":{"rendered":"https:\/\/aromasentia.com\/product\/large-boxy-hemp-backpack-teal-tumeric\/"},"modified":"2025-06-22T03:41:18","modified_gmt":"2025-06-22T03:41:18","slug":"stor-boxy-hamp-rygsaek-teal-tumeric","status":"publish","type":"product","link":"https:\/\/aromasentia.com\/da\/stor-boxy-hamp-rygsaek-teal-tumeric\/","title":{"rendered":"Stor Boxy Hamp-Rygs\u00e6k &#8211; Teal &#038; Tumeric"},"content":{"rendered":"<p>B\u00e6r dine vigtigste ting i levende, milj\u00f8venlig stil med Large Boxy Hemp Backpack &#8211; Teal &#038; Tumeric. Denne rummelige rygs\u00e6k kombinerer slidst\u00e6rkt hampestof med en sl\u00e5ende farvekombination af dyb bl\u00e5gr\u00f8n og varm tumericgul. Dens kasseformede silhuet giver rigelig plads til b\u00f8ger, en b\u00e6rbar computer eller daglige forn\u00f8denheder, mens flere rum sandsynligvis hj\u00e6lper med at organisere. Et b\u00e6redygtigt og i\u00f8jnefaldende valg for studerende, pendlere eller andre, der s\u00f8ger en robust og unikt farvet rygs\u00e6k.<\/p>\n","protected":false},"excerpt":{"rendered":"<p>B\u00e6r dine vigtigste ting i levende, milj\u00f8venlig stil med Large Boxy Hemp Backpack &#8211; Teal &#038; Tumeric. Denne rummelige rygs\u00e6k kombinerer slidst\u00e6rkt hampestof med en sl\u00e5ende farvekombination af dyb bl\u00e5gr\u00f8n og varm tumericgul. Dens kasseformede silhuet giver rigelig plads til b\u00f8ger, en b\u00e6rbar computer eller daglige forn\u00f8denheder, mens flere rum sandsynligvis hj\u00e6lper med at organisere. [&hellip;]<\/p>\n","protected":false},"featured_media":322534,"comment_status":"closed","ping_status":"open","template":"","meta":{"_angie_page":false},"product_brand":[],"product_cat":[7878,25823,7861],"product_tag":[],"class_list":{"0":"post-201924","1":"product","2":"type-product","3":"status-publish","4":"has-post-thumbnail","6":"product_cat-bomuldstasker-og-skuldertasker-nepal","7":"product_cat-rygsaekke","8":"product_cat-tasker-og-rygsaekke","9":"pa_collection-pure-hemp-and-cotton-bags-da","10":"pa_made-in-nepal","12":"first","13":"instock","14":"purchasable","15":"product-type-simple"},"supplier_id":null,"supplier_sku":"HempB-33","barcode":null,"atum_controlled":true,"out_stock_date":null,"out_stock_threshold":null,"inheritable":false,"inbound_stock":null,"stock_on_hold":0,"sold_today":0,"sales_last_days":0,"reserved_stock":null,"customer_returns":null,"warehouse_damage":null,"lost_in_post":null,"other_logs":null,"out_stock_days":0,"lost_sales":0,"has_location":null,"update_date":"2026-04-27T07:07:42","atum_locations":[],"atum_stock_status":"instock","restock_status":false,"low_stock_amount":"","sales_update_date":"2026-01-30T01:25:00","calc_backorders":null,"_links":{"self":[{"href":"https:\/\/aromasentia.com\/da\/wp-json\/wp\/v2\/product\/201924","targetHints":{"allow":["GET"]}}],"collection":[{"href":"https:\/\/aromasentia.com\/da\/wp-json\/wp\/v2\/product"}],"about":[{"href":"https:\/\/aromasentia.com\/da\/wp-json\/wp\/v2\/types\/product"}],"replies":[{"embeddable":true,"href":"https:\/\/aromasentia.com\/da\/wp-json\/wp\/v2\/comments?post=201924"}],"version-history":[{"count":0,"href":"https:\/\/aromasentia.com\/da\/wp-json\/wp\/v2\/product\/201924\/revisions"}],"wp:featuredmedia":[{"embeddable":true,"href":"https:\/\/aromasentia.com\/da\/wp-json\/wp\/v2\/media\/322534"}],"wp:attachment":[{"href":"https:\/\/aromasentia.com\/da\/wp-json\/wp\/v2\/media?parent=201924"}],"wp:term":[{"taxonomy":"product_brand","embeddable":true,"href":"https:\/\/aromasentia.com\/da\/wp-json\/wp\/v2\/product_brand?post=201924"},{"taxonomy":"product_cat","embeddable":true,"href":"https:\/\/aromasentia.com\/da\/wp-json\/wp\/v2\/product_cat?post=201924"},{"taxonomy":"product_tag","embeddable":true,"href":"https:\/\/aromasentia.com\/da\/wp-json\/wp\/v2\/product_tag?post=201924"}],"curies":[{"name":"wp","href":"https:\/\/api.w.org\/{rel}","templated":true}]}}