{"id":201915,"date":"2025-03-21T14:44:41","date_gmt":"2025-03-21T14:44:41","guid":{"rendered":"https:\/\/aromasentia.com\/product\/lrg-nepal-sling-bag-adjustable-strap-sunrise-orange\/"},"modified":"2025-06-22T03:41:13","modified_gmt":"2025-06-22T03:41:13","slug":"stor-nepal-sling-bag-justerbar-rem-sunrise-orange","status":"publish","type":"product","link":"https:\/\/aromasentia.com\/da\/stor-nepal-sling-bag-justerbar-rem-sunrise-orange\/","title":{"rendered":"Stor Nepal Sling Bag (Justerbar Rem) &#8211; Sunrise Orange"},"content":{"rendered":"<h5><strong>Wholesale Nepal Sling Bag &#8211; Sunrise Orange<\/strong><\/h5>\n<p>Denne taske er perfekt til hverdagsbrug, og den vil helt sikkert v\u00e6kke opsigt, uanset hvor dine kunder g\u00e5r hen. Den justerbare rem g\u00f8r den behagelig at have p\u00e5, og de mange rum holder styr p\u00e5 tingene. Den udvendige lomme er perfekt til opbevaring af sm\u00e5ting, som du skal have hurtig adgang til, f.eks. din telefon eller dine n\u00f8gler. Hovedrummet er stort nok til at rumme alle de vigtigste ting, f.eks. pung og solbriller.<\/p>\n<p><strong>Farve:<\/strong> Sunrise Orange<\/p>\n<p><strong>Justerbar rem:<\/strong> ca. 60 cm &#8211; 118 cm<\/p>\n<p>Lukning med lynl\u00e5s<\/p>\n<p>Et hovedrum<\/p>\n<p>En udvendig lomme<\/p>\n<p><strong>Dimensioner:&nbsp;<\/strong>25 cm bred, 26 cm h\u00f8j og 7 cm dyb<\/p>\n<p><strong>Materiale:<\/strong> Bomuld<\/p>\n<p>Ved at have Nepal Sling Bag &#8211; Sunrise Orange p\u00e5 lager kan du tilbyde dine kunder et trendy og praktisk produkt. Dens unikke blanding af stil, b\u00e6redygtighed og funktionalitet g\u00f8r den til en v\u00e6rdifuld tilf\u00f8jelse til enhver butik, der \u00f8nsker at v\u00e6re p\u00e5 forkant med udviklingen.<\/p>\n","protected":false},"excerpt":{"rendered":"<p>Wholesale Nepal Sling Bag &#8211; Sunrise Orange Denne taske er perfekt til hverdagsbrug, og den vil helt sikkert v\u00e6kke opsigt, uanset hvor dine kunder g\u00e5r hen. Den justerbare rem g\u00f8r den behagelig at have p\u00e5, og de mange rum holder styr p\u00e5 tingene. Den udvendige lomme er perfekt til opbevaring af sm\u00e5ting, som du skal [&hellip;]<\/p>\n","protected":false},"featured_media":326072,"comment_status":"closed","ping_status":"open","template":"","meta":{"_angie_page":false},"product_brand":[],"product_cat":[7878,25830,7861],"product_tag":[],"class_list":{"0":"post-201915","1":"product","2":"type-product","3":"status-publish","4":"has-post-thumbnail","6":"product_cat-bomuldstasker-og-skuldertasker-nepal","7":"product_cat-sling-bags","8":"product_cat-tasker-og-rygsaekke","9":"pa_collection-nepal-sling-bags-da","10":"pa_made-in-indien","12":"first","13":"instock","14":"purchasable","15":"product-type-simple"},"supplier_id":null,"supplier_sku":"NSBag-14","barcode":null,"atum_controlled":true,"out_stock_date":null,"out_stock_threshold":null,"inheritable":false,"inbound_stock":null,"stock_on_hold":0,"sold_today":0,"sales_last_days":0,"reserved_stock":null,"customer_returns":null,"warehouse_damage":null,"lost_in_post":null,"other_logs":null,"out_stock_days":0,"lost_sales":0,"has_location":null,"update_date":"2026-04-27T07:15:48","atum_locations":[],"atum_stock_status":"instock","restock_status":false,"low_stock_amount":"","sales_update_date":"2026-01-30T01:26:16","calc_backorders":null,"_links":{"self":[{"href":"https:\/\/aromasentia.com\/da\/wp-json\/wp\/v2\/product\/201915","targetHints":{"allow":["GET"]}}],"collection":[{"href":"https:\/\/aromasentia.com\/da\/wp-json\/wp\/v2\/product"}],"about":[{"href":"https:\/\/aromasentia.com\/da\/wp-json\/wp\/v2\/types\/product"}],"replies":[{"embeddable":true,"href":"https:\/\/aromasentia.com\/da\/wp-json\/wp\/v2\/comments?post=201915"}],"version-history":[{"count":0,"href":"https:\/\/aromasentia.com\/da\/wp-json\/wp\/v2\/product\/201915\/revisions"}],"wp:featuredmedia":[{"embeddable":true,"href":"https:\/\/aromasentia.com\/da\/wp-json\/wp\/v2\/media\/326072"}],"wp:attachment":[{"href":"https:\/\/aromasentia.com\/da\/wp-json\/wp\/v2\/media?parent=201915"}],"wp:term":[{"taxonomy":"product_brand","embeddable":true,"href":"https:\/\/aromasentia.com\/da\/wp-json\/wp\/v2\/product_brand?post=201915"},{"taxonomy":"product_cat","embeddable":true,"href":"https:\/\/aromasentia.com\/da\/wp-json\/wp\/v2\/product_cat?post=201915"},{"taxonomy":"product_tag","embeddable":true,"href":"https:\/\/aromasentia.com\/da\/wp-json\/wp\/v2\/product_tag?post=201915"}],"curies":[{"name":"wp","href":"https:\/\/api.w.org\/{rel}","templated":true}]}}