{"id":201901,"date":"2025-03-21T14:44:41","date_gmt":"2025-03-21T14:44:41","guid":{"rendered":"https:\/\/aromasentia.com\/product\/mini-shopping-basket-16x10x12cm-olive\/"},"modified":"2025-06-22T03:41:06","modified_gmt":"2025-06-22T03:41:06","slug":"mini-indkoebskurv-16x10x12cm-oliven","status":"publish","type":"product","link":"https:\/\/aromasentia.com\/da\/mini-indkoebskurv-16x10x12cm-oliven\/","title":{"rendered":"Mini Indk\u00f8bskurv &#8211; 16X10X12cm &#8211; Oliven"},"content":{"rendered":"<p>Endelig kan du skille dig af med de grimme plastikkurve og erstatte dem med disse <strong>Aroma Sentia-ping<\/strong> mini-indk\u00f8bskurve i jute og bomuld &#8211; 16x10x12cm &#8211; olivengr\u00f8n.<\/strong><\/p>\n<p>Kurvene kan stables, s\u00e5 du kan stable dem i indgangen til din butik, v\u00e6lge en farve, der matcher dit design, og du kan personligg\u00f8re dem med dit logo &#8211; stemple eller sy det p\u00e5.<\/p>\n<p>Bl\u00f8de, st\u00e6rke h\u00e5ndtag, bomuldsforet, matchende farver.<\/p>\n<p>Hvad er der ikke at elske? De er billigere end plastik, mere venlige, bl\u00f8dere, og i dine kunders h\u00e6nder vil de bruge flere penge.<\/p>\n<p><strong>Mini-kurve er perfekte til kosmetik-\/aromaterapibutikker, de kan endda bruges til f\u00e6rdige gavekurve fyldt med l\u00e6kkerier. <\/strong><\/p>\n<p><strong><span style=\"color: rgb(184, 49, 47);\">Giv dine kunder en grund til at elske dig, g\u00e5 naturligt i dag.<\/span><\/strong><\/p>\n","protected":false},"excerpt":{"rendered":"<p>Endelig kan du skille dig af med de grimme plastikkurve og erstatte dem med disse Aroma Sentia-ping mini-indk\u00f8bskurve i jute og bomuld &#8211; 16x10x12cm &#8211; olivengr\u00f8n. Kurvene kan stables, s\u00e5 du kan stable dem i indgangen til din butik, v\u00e6lge en farve, der matcher dit design, og du kan personligg\u00f8re dem med dit logo &#8211; [&hellip;]<\/p>\n","protected":false},"featured_media":325826,"comment_status":"closed","ping_status":"open","template":"","meta":{"_angie_page":false},"product_brand":[],"product_cat":[7870,7861],"product_tag":[],"class_list":{"0":"post-201901","1":"product","2":"type-product","3":"status-publish","4":"has-post-thumbnail","6":"product_cat-jutetasker-og-kurve","7":"product_cat-tasker-og-rygsaekke","8":"pa_collection-stacking-natural-jute-shopping-baskets-da","9":"pa_made-in-indien","11":"first","12":"instock","13":"purchasable","14":"product-type-simple"},"supplier_id":null,"supplier_sku":"NATSB-10","barcode":null,"atum_controlled":true,"out_stock_date":null,"out_stock_threshold":null,"inheritable":false,"inbound_stock":null,"stock_on_hold":0,"sold_today":0,"sales_last_days":0,"reserved_stock":null,"customer_returns":null,"warehouse_damage":null,"lost_in_post":null,"other_logs":null,"out_stock_days":0,"lost_sales":0,"has_location":null,"update_date":"2026-04-27T07:14:44","atum_locations":[],"atum_stock_status":"instock","restock_status":false,"low_stock_amount":"","sales_update_date":"2026-02-06T00:00:47","calc_backorders":null,"_links":{"self":[{"href":"https:\/\/aromasentia.com\/da\/wp-json\/wp\/v2\/product\/201901","targetHints":{"allow":["GET"]}}],"collection":[{"href":"https:\/\/aromasentia.com\/da\/wp-json\/wp\/v2\/product"}],"about":[{"href":"https:\/\/aromasentia.com\/da\/wp-json\/wp\/v2\/types\/product"}],"replies":[{"embeddable":true,"href":"https:\/\/aromasentia.com\/da\/wp-json\/wp\/v2\/comments?post=201901"}],"version-history":[{"count":0,"href":"https:\/\/aromasentia.com\/da\/wp-json\/wp\/v2\/product\/201901\/revisions"}],"wp:featuredmedia":[{"embeddable":true,"href":"https:\/\/aromasentia.com\/da\/wp-json\/wp\/v2\/media\/325826"}],"wp:attachment":[{"href":"https:\/\/aromasentia.com\/da\/wp-json\/wp\/v2\/media?parent=201901"}],"wp:term":[{"taxonomy":"product_brand","embeddable":true,"href":"https:\/\/aromasentia.com\/da\/wp-json\/wp\/v2\/product_brand?post=201901"},{"taxonomy":"product_cat","embeddable":true,"href":"https:\/\/aromasentia.com\/da\/wp-json\/wp\/v2\/product_cat?post=201901"},{"taxonomy":"product_tag","embeddable":true,"href":"https:\/\/aromasentia.com\/da\/wp-json\/wp\/v2\/product_tag?post=201901"}],"curies":[{"name":"wp","href":"https:\/\/api.w.org\/{rel}","templated":true}]}}