{"id":201880,"date":"2025-03-21T14:44:48","date_gmt":"2025-03-21T14:44:48","guid":{"rendered":"https:\/\/aromasentia.com\/product\/lrg-nepal-sling-bag-adjustable-strap-deep-sea-blues\/"},"modified":"2025-06-22T03:40:55","modified_gmt":"2025-06-22T03:40:55","slug":"stor-nepal-sling-bag-justerbar-rem-deep-sea-blues","status":"publish","type":"product","link":"https:\/\/aromasentia.com\/da\/stor-nepal-sling-bag-justerbar-rem-deep-sea-blues\/","title":{"rendered":"Stor Nepal Sling Bag (Justerbar Rem) &#8211; Deep Sea Blues"},"content":{"rendered":"<p>Udvid din beholdning med den funktionsrige <strong>Wholesale Large Nepal Sling Bag &#8211; Deep Sea Blues<\/strong>! Denne rummelige og stilfulde slyngetaske, der er fremstillet i Indien, er perfekt til hverdagens eventyr og vil med garanti blive et hit hos dine kunder.<\/p>\n<p><strong>Her er, hvad der g\u00f8r Lrg Nepal Sling Bag til et fremragende valg for forhandlere:<\/strong><\/p>\n<p><strong>Rummeligt rum:&nbsp;<\/strong>Dette store hovedrum med en sikker lynl\u00e5slukning kan nemt rumme hverdagens vigtigste ting og selv st\u00f8rre ting som en vandflaske eller en lille tablet.<\/p>\n<p><strong>Flere lommer til organisering:<\/strong> Hold mindre ting organiseret og let tilg\u00e6ngelige med en praktisk baglomme og ekstra lommer foran med lynl\u00e5slukning.<\/p>\n<p><strong>Justerbar komfort:&nbsp;<\/strong> Den brede, justerbare rem (60-118 cm) sikrer en behagelig pasform til alle kropstyper og fordeler v\u00e6gten j\u00e6vnt, s\u00e5 den er nem at b\u00e6re.<\/p>\n<p><strong>Deep Sea Chic:<\/strong> Det f\u00e6ngslende design har lodrette striber i forskellige bl\u00e5 nuancer, som skaber et strejf af nautisk flair.<\/p>\n<p><strong>G\u00e5 ikke glip af denne rummelige og stilfulde taske!<\/strong> <\/p>\n","protected":false},"excerpt":{"rendered":"<p>Udvid din beholdning med den funktionsrige Wholesale Large Nepal Sling Bag &#8211; Deep Sea Blues! Denne rummelige og stilfulde slyngetaske, der er fremstillet i Indien, er perfekt til hverdagens eventyr og vil med garanti blive et hit hos dine kunder. Her er, hvad der g\u00f8r Lrg Nepal Sling Bag til et fremragende valg for forhandlere: [&hellip;]<\/p>\n","protected":false},"featured_media":326148,"comment_status":"closed","ping_status":"open","template":"","meta":{"_angie_page":false},"product_brand":[],"product_cat":[7878,25830,7861],"product_tag":[],"class_list":{"0":"post-201880","1":"product","2":"type-product","3":"status-publish","4":"has-post-thumbnail","6":"product_cat-bomuldstasker-og-skuldertasker-nepal","7":"product_cat-sling-bags","8":"product_cat-tasker-og-rygsaekke","9":"pa_collection-nepal-sling-bags-da","10":"pa_made-in-indien","12":"first","13":"instock","14":"purchasable","15":"product-type-simple"},"supplier_id":null,"supplier_sku":"NSBag-18","barcode":null,"atum_controlled":true,"out_stock_date":null,"out_stock_threshold":null,"inheritable":false,"inbound_stock":null,"stock_on_hold":0,"sold_today":0,"sales_last_days":0,"reserved_stock":null,"customer_returns":null,"warehouse_damage":null,"lost_in_post":null,"other_logs":null,"out_stock_days":0,"lost_sales":0,"has_location":null,"update_date":"2026-04-27T07:15:48","atum_locations":[],"atum_stock_status":"instock","restock_status":false,"low_stock_amount":"","sales_update_date":"2026-01-30T01:26:16","calc_backorders":null,"_links":{"self":[{"href":"https:\/\/aromasentia.com\/da\/wp-json\/wp\/v2\/product\/201880","targetHints":{"allow":["GET"]}}],"collection":[{"href":"https:\/\/aromasentia.com\/da\/wp-json\/wp\/v2\/product"}],"about":[{"href":"https:\/\/aromasentia.com\/da\/wp-json\/wp\/v2\/types\/product"}],"replies":[{"embeddable":true,"href":"https:\/\/aromasentia.com\/da\/wp-json\/wp\/v2\/comments?post=201880"}],"version-history":[{"count":0,"href":"https:\/\/aromasentia.com\/da\/wp-json\/wp\/v2\/product\/201880\/revisions"}],"wp:featuredmedia":[{"embeddable":true,"href":"https:\/\/aromasentia.com\/da\/wp-json\/wp\/v2\/media\/326148"}],"wp:attachment":[{"href":"https:\/\/aromasentia.com\/da\/wp-json\/wp\/v2\/media?parent=201880"}],"wp:term":[{"taxonomy":"product_brand","embeddable":true,"href":"https:\/\/aromasentia.com\/da\/wp-json\/wp\/v2\/product_brand?post=201880"},{"taxonomy":"product_cat","embeddable":true,"href":"https:\/\/aromasentia.com\/da\/wp-json\/wp\/v2\/product_cat?post=201880"},{"taxonomy":"product_tag","embeddable":true,"href":"https:\/\/aromasentia.com\/da\/wp-json\/wp\/v2\/product_tag?post=201880"}],"curies":[{"name":"wp","href":"https:\/\/api.w.org\/{rel}","templated":true}]}}