{"id":201879,"date":"2025-03-21T14:44:48","date_gmt":"2025-03-21T14:44:48","guid":{"rendered":"https:\/\/aromasentia.com\/product\/lrg-nepal-sling-bag-adjustable-strap-spring-meadows-green-blue\/"},"modified":"2025-06-22T03:40:55","modified_gmt":"2025-06-22T03:40:55","slug":"stor-nepal-sling-bag-justerbar-rem-spring-meadows-green-blue","status":"publish","type":"product","link":"https:\/\/aromasentia.com\/da\/stor-nepal-sling-bag-justerbar-rem-spring-meadows-green-blue\/","title":{"rendered":"Stor Nepal Sling Bag (Justerbar Rem) &#8211; Spring meadows Green &#038; Blue"},"content":{"rendered":"<p>Opgrader din beholdning med den funktionsrige <strong>Wholesale Large Nepal Sling Bag &#8211; Spring Meadows Green &amp; Blue<\/strong>! Denne rummelige og stilfulde slyngetaske, der er fremstillet i Indien, er en perfekt ledsager til hverdagens eventyr og vil med garanti blive et hit hos dine kunder.<\/p>\n<p><strong>Her er, hvad der g\u00f8r Lrg Nepal Sling Bag til et fremragende valg for forhandlere:<\/strong><\/p>\n<p><strong>Rummeligt rum:<\/strong> Dette store hovedrum med en sikker lynl\u00e5slukning kan nemt rumme hverdagens vigtigste ting som en pung, telefon, vandflaske og meget mere.<\/p>\n<p><strong>Flere lommer til organisering:&nbsp;<\/strong>Hold mindre ting organiseret og lettilg\u00e6ngelige med en praktisk baglomme og ekstra forlommer med lynl\u00e5slukning.<\/p>\n<p><strong>Justerbar komfort:&nbsp;<\/strong>Den brede, justerbare rem (60-118 cm) sikrer en behagelig pasform til alle kropstyper og fordeler v\u00e6gten j\u00e6vnt, s\u00e5 den er nem at b\u00e6re.<\/p>\n<p><strong>I\u00f8jnefaldende design:<\/strong> De lodrette striber i skiftevis lysegr\u00f8n og bl\u00e5gr\u00f8n skaber et stilfuldt og i\u00f8jnefaldende look, som passer til ethvert outfit.<\/p>\n<p><strong>V\u00e6r den f\u00f8rste til at tilbyde denne funktionsrige taske til dine kunder!<\/strong><\/p>\n","protected":false},"excerpt":{"rendered":"<p>Opgrader din beholdning med den funktionsrige Wholesale Large Nepal Sling Bag &#8211; Spring Meadows Green &amp; Blue! Denne rummelige og stilfulde slyngetaske, der er fremstillet i Indien, er en perfekt ledsager til hverdagens eventyr og vil med garanti blive et hit hos dine kunder. Her er, hvad der g\u00f8r Lrg Nepal Sling Bag til et [&hellip;]<\/p>\n","protected":false},"featured_media":326123,"comment_status":"closed","ping_status":"open","template":"","meta":{"_angie_page":false},"product_brand":[],"product_cat":[7878,25830,7861],"product_tag":[],"class_list":{"0":"post-201879","1":"product","2":"type-product","3":"status-publish","4":"has-post-thumbnail","6":"product_cat-bomuldstasker-og-skuldertasker-nepal","7":"product_cat-sling-bags","8":"product_cat-tasker-og-rygsaekke","9":"pa_collection-nepal-sling-bags-da","10":"pa_made-in-indien","12":"first","13":"instock","14":"purchasable","15":"product-type-simple"},"supplier_id":null,"supplier_sku":"NSBag-17","barcode":null,"atum_controlled":true,"out_stock_date":null,"out_stock_threshold":null,"inheritable":false,"inbound_stock":null,"stock_on_hold":0,"sold_today":0,"sales_last_days":0,"reserved_stock":null,"customer_returns":null,"warehouse_damage":null,"lost_in_post":null,"other_logs":null,"out_stock_days":0,"lost_sales":0,"has_location":null,"update_date":"2026-04-27T07:15:48","atum_locations":[],"atum_stock_status":"instock","restock_status":false,"low_stock_amount":"","sales_update_date":"2026-01-30T01:24:49","calc_backorders":null,"_links":{"self":[{"href":"https:\/\/aromasentia.com\/da\/wp-json\/wp\/v2\/product\/201879","targetHints":{"allow":["GET"]}}],"collection":[{"href":"https:\/\/aromasentia.com\/da\/wp-json\/wp\/v2\/product"}],"about":[{"href":"https:\/\/aromasentia.com\/da\/wp-json\/wp\/v2\/types\/product"}],"replies":[{"embeddable":true,"href":"https:\/\/aromasentia.com\/da\/wp-json\/wp\/v2\/comments?post=201879"}],"version-history":[{"count":0,"href":"https:\/\/aromasentia.com\/da\/wp-json\/wp\/v2\/product\/201879\/revisions"}],"wp:featuredmedia":[{"embeddable":true,"href":"https:\/\/aromasentia.com\/da\/wp-json\/wp\/v2\/media\/326123"}],"wp:attachment":[{"href":"https:\/\/aromasentia.com\/da\/wp-json\/wp\/v2\/media?parent=201879"}],"wp:term":[{"taxonomy":"product_brand","embeddable":true,"href":"https:\/\/aromasentia.com\/da\/wp-json\/wp\/v2\/product_brand?post=201879"},{"taxonomy":"product_cat","embeddable":true,"href":"https:\/\/aromasentia.com\/da\/wp-json\/wp\/v2\/product_cat?post=201879"},{"taxonomy":"product_tag","embeddable":true,"href":"https:\/\/aromasentia.com\/da\/wp-json\/wp\/v2\/product_tag?post=201879"}],"curies":[{"name":"wp","href":"https:\/\/api.w.org\/{rel}","templated":true}]}}