{"id":201856,"date":"2025-03-21T14:44:59","date_gmt":"2025-03-21T14:44:59","guid":{"rendered":"https:\/\/aromasentia.com\/product\/recycled-big-rug-bag-shades-of-dusk\/"},"modified":"2025-06-22T03:40:43","modified_gmt":"2025-06-22T03:40:43","slug":"genanvendt-stor-taeppepose-nuancer-af-skumring","status":"publish","type":"product","link":"https:\/\/aromasentia.com\/da\/genanvendt-stor-taeppepose-nuancer-af-skumring\/","title":{"rendered":"Genanvendt Stor T\u00e6ppepose &#8211; Nuancer Af Skumring"},"content":{"rendered":"<p>B\u00e6r tusm\u00f8rkets sk\u00f8nhed med denne Recycled Big Rug Bag &#8211; Shades of Dusk. Denne store, milj\u00f8venlige taske er lavet af genbrugte t\u00e6ppestykker med en f\u00e6ngslende blanding af farver, der minder om tusm\u00f8rke &#8211; m\u00e5ske dybe bl\u00e5, lilla, orange og gr\u00e5. Dens robuste, strukturerede design og unikke karakter g\u00f8r den b\u00e5de praktisk og kunstnerisk. Perfekt til dem, der s\u00e6tter pris p\u00e5 b\u00e6redygtig mode og et strejf af dramatisk, naturlig sk\u00f8nhed i deres hverdagstilbeh\u00f8r.<\/p>\n","protected":false},"excerpt":{"rendered":"<p>B\u00e6r tusm\u00f8rkets sk\u00f8nhed med denne Recycled Big Rug Bag &#8211; Shades of Dusk. Denne store, milj\u00f8venlige taske er lavet af genbrugte t\u00e6ppestykker med en f\u00e6ngslende blanding af farver, der minder om tusm\u00f8rke &#8211; m\u00e5ske dybe bl\u00e5, lilla, orange og gr\u00e5. Dens robuste, strukturerede design og unikke karakter g\u00f8r den b\u00e5de praktisk og kunstnerisk. Perfekt til [&hellip;]<\/p>\n","protected":false},"featured_media":328924,"comment_status":"closed","ping_status":"open","template":"","meta":[],"product_brand":[],"product_cat":[7860,7861],"product_tag":[],"class_list":{"0":"post-201856","1":"product","2":"type-product","3":"status-publish","4":"has-post-thumbnail","6":"product_cat-oekologiske-tasker","7":"product_cat-tasker-og-rygsaekke","8":"pa_collection-recycled-big-rug-bags-da","9":"pa_made-in-indien","11":"first","12":"instock","13":"purchasable","14":"product-type-simple"},"supplier_id":null,"supplier_sku":"RRBag-04","barcode":null,"atum_controlled":true,"out_stock_date":null,"out_stock_threshold":null,"inheritable":false,"inbound_stock":null,"stock_on_hold":0,"sold_today":0,"sales_last_days":0,"reserved_stock":null,"customer_returns":null,"warehouse_damage":null,"lost_in_post":null,"other_logs":null,"out_stock_days":0,"lost_sales":0,"has_location":null,"update_date":"2026-02-06T00:01:16","atum_locations":[],"atum_stock_status":"instock","restock_status":false,"low_stock_amount":"","sales_update_date":"2026-02-06T00:01:16","calc_backorders":null,"_links":{"self":[{"href":"https:\/\/aromasentia.com\/da\/wp-json\/wp\/v2\/product\/201856","targetHints":{"allow":["GET"]}}],"collection":[{"href":"https:\/\/aromasentia.com\/da\/wp-json\/wp\/v2\/product"}],"about":[{"href":"https:\/\/aromasentia.com\/da\/wp-json\/wp\/v2\/types\/product"}],"replies":[{"embeddable":true,"href":"https:\/\/aromasentia.com\/da\/wp-json\/wp\/v2\/comments?post=201856"}],"version-history":[{"count":0,"href":"https:\/\/aromasentia.com\/da\/wp-json\/wp\/v2\/product\/201856\/revisions"}],"wp:featuredmedia":[{"embeddable":true,"href":"https:\/\/aromasentia.com\/da\/wp-json\/wp\/v2\/media\/328924"}],"wp:attachment":[{"href":"https:\/\/aromasentia.com\/da\/wp-json\/wp\/v2\/media?parent=201856"}],"wp:term":[{"taxonomy":"product_brand","embeddable":true,"href":"https:\/\/aromasentia.com\/da\/wp-json\/wp\/v2\/product_brand?post=201856"},{"taxonomy":"product_cat","embeddable":true,"href":"https:\/\/aromasentia.com\/da\/wp-json\/wp\/v2\/product_cat?post=201856"},{"taxonomy":"product_tag","embeddable":true,"href":"https:\/\/aromasentia.com\/da\/wp-json\/wp\/v2\/product_tag?post=201856"}],"curies":[{"name":"wp","href":"https:\/\/api.w.org\/{rel}","templated":true}]}}