{"id":201855,"date":"2025-03-21T14:44:59","date_gmt":"2025-03-21T14:44:59","guid":{"rendered":"https:\/\/aromasentia.com\/product\/recycled-big-rug-bag-shades-of-lavender\/"},"modified":"2025-06-22T03:40:43","modified_gmt":"2025-06-22T03:40:43","slug":"genanvendt-stor-taeppepose-nuancer-af-lavendel","status":"publish","type":"product","link":"https:\/\/aromasentia.com\/da\/genanvendt-stor-taeppepose-nuancer-af-lavendel\/","title":{"rendered":"Genanvendt Stor T\u00e6ppepose &#8211; Nuancer Af Lavendel"},"content":{"rendered":"<p>Tilf\u00f8j et strejf af fredfyldte farver med denne Recycled Big Rug Bag &#8211; Shades of Lavender. Denne rummelige taske er fremstillet af holdbare genbrugsmaterialer fra t\u00e6pper og har en beroligende palet af lavendel og lilla nuancer. Hvert stykke er unikt og tilbyder et milj\u00f8bevidst og kunstnerisk struktureret tilbeh\u00f8r til dine daglige behov. Den store st\u00f8rrelse er ideel til shopping, rejser eller som en karakteristisk carry-all, der giver et strejf af rolig sk\u00f8nhed og b\u00e6redygtig stil til dit ensemble.<\/p>\n","protected":false},"excerpt":{"rendered":"<p>Tilf\u00f8j et strejf af fredfyldte farver med denne Recycled Big Rug Bag &#8211; Shades of Lavender. Denne rummelige taske er fremstillet af holdbare genbrugsmaterialer fra t\u00e6pper og har en beroligende palet af lavendel og lilla nuancer. Hvert stykke er unikt og tilbyder et milj\u00f8bevidst og kunstnerisk struktureret tilbeh\u00f8r til dine daglige behov. Den store st\u00f8rrelse [&hellip;]<\/p>\n","protected":false},"featured_media":328915,"comment_status":"closed","ping_status":"open","template":"","meta":[],"product_brand":[],"product_cat":[26830,25839,25957,7860,7861],"product_tag":[],"class_list":{"0":"post-201855","1":"product","2":"type-product","3":"status-publish","4":"has-post-thumbnail","6":"product_cat-blomster","7":"product_cat-dufte-aromaer","8":"product_cat-lavendel","9":"product_cat-oekologiske-tasker","10":"product_cat-tasker-og-rygsaekke","11":"pa_collection-recycled-big-rug-bags-da","12":"pa_made-in-indien","14":"first","15":"instock","16":"purchasable","17":"product-type-simple"},"supplier_id":null,"supplier_sku":"RRBag-03","barcode":null,"atum_controlled":true,"out_stock_date":null,"out_stock_threshold":null,"inheritable":false,"inbound_stock":null,"stock_on_hold":0,"sold_today":0,"sales_last_days":0,"reserved_stock":null,"customer_returns":null,"warehouse_damage":null,"lost_in_post":null,"other_logs":null,"out_stock_days":0,"lost_sales":0,"has_location":null,"update_date":"2026-02-06T00:01:24","atum_locations":[],"atum_stock_status":"instock","restock_status":false,"low_stock_amount":"","sales_update_date":"2026-02-06T00:01:24","calc_backorders":null,"_links":{"self":[{"href":"https:\/\/aromasentia.com\/da\/wp-json\/wp\/v2\/product\/201855","targetHints":{"allow":["GET"]}}],"collection":[{"href":"https:\/\/aromasentia.com\/da\/wp-json\/wp\/v2\/product"}],"about":[{"href":"https:\/\/aromasentia.com\/da\/wp-json\/wp\/v2\/types\/product"}],"replies":[{"embeddable":true,"href":"https:\/\/aromasentia.com\/da\/wp-json\/wp\/v2\/comments?post=201855"}],"version-history":[{"count":0,"href":"https:\/\/aromasentia.com\/da\/wp-json\/wp\/v2\/product\/201855\/revisions"}],"wp:featuredmedia":[{"embeddable":true,"href":"https:\/\/aromasentia.com\/da\/wp-json\/wp\/v2\/media\/328915"}],"wp:attachment":[{"href":"https:\/\/aromasentia.com\/da\/wp-json\/wp\/v2\/media?parent=201855"}],"wp:term":[{"taxonomy":"product_brand","embeddable":true,"href":"https:\/\/aromasentia.com\/da\/wp-json\/wp\/v2\/product_brand?post=201855"},{"taxonomy":"product_cat","embeddable":true,"href":"https:\/\/aromasentia.com\/da\/wp-json\/wp\/v2\/product_cat?post=201855"},{"taxonomy":"product_tag","embeddable":true,"href":"https:\/\/aromasentia.com\/da\/wp-json\/wp\/v2\/product_tag?post=201855"}],"curies":[{"name":"wp","href":"https:\/\/api.w.org\/{rel}","templated":true}]}}