{"id":201853,"date":"2025-03-21T14:44:59","date_gmt":"2025-03-21T14:44:59","guid":{"rendered":"https:\/\/aromasentia.com\/product\/recycled-big-rug-bag-shades-of-mushrooms\/"},"modified":"2025-06-22T03:40:42","modified_gmt":"2025-06-22T03:40:42","slug":"genanvendt-stor-taeppepose-nuancer-af-svampe","status":"publish","type":"product","link":"https:\/\/aromasentia.com\/da\/genanvendt-stor-taeppepose-nuancer-af-svampe\/","title":{"rendered":"Genanvendt Stor T\u00e6ppepose &#8211; Nuancer Af Svampe"},"content":{"rendered":"<p>B\u00e6r din verden i unik, milj\u00f8venlig stil med denne Recycled Big Rug Bag &#8211; Shades of Mushrooms. Denne store og holdbare taske er fremstillet af genbrugte t\u00e6ppematerialer og har en jordn\u00e6r palet af svampeinspirerede nuancer &#8211; brune, beige og gr\u00e5. Hver taske er sandsynligvis unik p\u00e5 grund af sin genbrugskarakter, hvilket giver et helt unikt, b\u00e6redygtigt tilbeh\u00f8r. Dens gener\u00f8se st\u00f8rrelse g\u00f8r den perfekt til shopping, strandture eller som en karakteristisk hverdagstaske med et rustikt, struktureret udtryk.<\/p>\n","protected":false},"excerpt":{"rendered":"<p>B\u00e6r din verden i unik, milj\u00f8venlig stil med denne Recycled Big Rug Bag &#8211; Shades of Mushrooms. Denne store og holdbare taske er fremstillet af genbrugte t\u00e6ppematerialer og har en jordn\u00e6r palet af svampeinspirerede nuancer &#8211; brune, beige og gr\u00e5. Hver taske er sandsynligvis unik p\u00e5 grund af sin genbrugskarakter, hvilket giver et helt unikt, [&hellip;]<\/p>\n","protected":false},"featured_media":328897,"comment_status":"closed","ping_status":"open","template":"","meta":{"_angie_page":false},"product_brand":[],"product_cat":[7860,7861],"product_tag":[],"class_list":{"0":"post-201853","1":"product","2":"type-product","3":"status-publish","4":"has-post-thumbnail","6":"product_cat-oekologiske-tasker","7":"product_cat-tasker-og-rygsaekke","8":"pa_collection-recycled-big-rug-bags-da","9":"pa_made-in-indien","11":"first","12":"instock","13":"purchasable","14":"product-type-simple"},"supplier_id":null,"supplier_sku":"RRBag-01","barcode":null,"atum_controlled":true,"out_stock_date":null,"out_stock_threshold":null,"inheritable":false,"inbound_stock":null,"stock_on_hold":0,"sold_today":0,"sales_last_days":0,"reserved_stock":null,"customer_returns":null,"warehouse_damage":null,"lost_in_post":null,"other_logs":null,"out_stock_days":0,"lost_sales":0,"has_location":null,"update_date":"2026-04-27T07:19:52","atum_locations":[],"atum_stock_status":"instock","restock_status":false,"low_stock_amount":"","sales_update_date":"2025-09-05T00:23:42","calc_backorders":null,"_links":{"self":[{"href":"https:\/\/aromasentia.com\/da\/wp-json\/wp\/v2\/product\/201853","targetHints":{"allow":["GET"]}}],"collection":[{"href":"https:\/\/aromasentia.com\/da\/wp-json\/wp\/v2\/product"}],"about":[{"href":"https:\/\/aromasentia.com\/da\/wp-json\/wp\/v2\/types\/product"}],"replies":[{"embeddable":true,"href":"https:\/\/aromasentia.com\/da\/wp-json\/wp\/v2\/comments?post=201853"}],"version-history":[{"count":0,"href":"https:\/\/aromasentia.com\/da\/wp-json\/wp\/v2\/product\/201853\/revisions"}],"wp:featuredmedia":[{"embeddable":true,"href":"https:\/\/aromasentia.com\/da\/wp-json\/wp\/v2\/media\/328897"}],"wp:attachment":[{"href":"https:\/\/aromasentia.com\/da\/wp-json\/wp\/v2\/media?parent=201853"}],"wp:term":[{"taxonomy":"product_brand","embeddable":true,"href":"https:\/\/aromasentia.com\/da\/wp-json\/wp\/v2\/product_brand?post=201853"},{"taxonomy":"product_cat","embeddable":true,"href":"https:\/\/aromasentia.com\/da\/wp-json\/wp\/v2\/product_cat?post=201853"},{"taxonomy":"product_tag","embeddable":true,"href":"https:\/\/aromasentia.com\/da\/wp-json\/wp\/v2\/product_tag?post=201853"}],"curies":[{"name":"wp","href":"https:\/\/api.w.org\/{rel}","templated":true}]}}