{"id":201848,"date":"2025-03-21T14:44:59","date_gmt":"2025-03-21T14:44:59","guid":{"rendered":"https:\/\/aromasentia.com\/product\/reversible-jute-cotton-big-bag-teal\/"},"modified":"2025-06-22T03:40:40","modified_gmt":"2025-06-22T03:40:40","slug":"vendbar-big-bag-i-jute-og-bomuld-blaagroen","status":"publish","type":"product","link":"https:\/\/aromasentia.com\/da\/vendbar-big-bag-i-jute-og-bomuld-blaagroen\/","title":{"rendered":"Vendbar Big Bag I Jute Og Bomuld &#8211; Bl\u00e5gr\u00f8n"},"content":{"rendered":"<p><strong><span style=\"color: rgb(75, 80, 88);\">Jute &#038; Bomuld Vendbar Stor Taske \u2013 Bl\u00e5gr\u00f8n | Bedst S\u00e6lgende Milj\u00f8venlig Tote<\/span><\/strong><\/p>\n<p><span style=\"color: rgb(75, 80, 88);\">B\u00e6redygtige tasker er et must-have i detailhandlen! Denne Jute &#038; Bomuld Vendbare Store Taske i Bl\u00e5gr\u00f8n er en tops\u00e6lger for milj\u00f8bevidste butikker. H\u00e5ndlavet i Indien af 100% naturlig jute og bomuld, det er et plastikfrit, genanvendeligt og bionedbrydeligt alternativ, der lever op til nutidens shoppingtrends.<\/span><\/p>\n<h6><span style=\"color: rgb(75, 80, 88);\">N\u00f8glefunktioner:<\/span><\/h6>\n<p><span style=\"color: rgb(75, 80, 88);\">\u2705 Vendbart Design \u2013 Skift mellem dristig bl\u00e5gr\u00f8n bomuld og klassisk jute for to stilfulde looks.<\/span><\/p>\n<p><span style=\"color: rgb(75, 80, 88);\">\u2705 Rummelig og let \u2013 49&#215;40 cm st\u00f8rrelse, perfekt til shopping, arbejde eller daglige \u00e6rinder.<\/span><\/p>\n<p><span style=\"color: rgb(75, 80, 88);\">\u2705 Ekstra opbevaring \u2013 Frontlomme for hurtig adgang til de vigtigste ting.<\/span><\/p>\n<p><span style=\"color: rgb(75, 80, 88);\">\u2705 St\u00e6rke og sikre \u2013 Holdbare h\u00e5ndtag med en stilfuld tr\u00e6knaplukning.<\/span><\/p>\n<p><span style=\"color: rgb(75, 80, 88);\">\u2714 H\u00f8j eftersp\u00f8rgsel \u2013 Perfekt til \u00f8kobutikker, butikker og livsstilsforhandlere.<\/span><\/p>\n<p><span style=\"color: rgb(75, 80, 88);\">\u2714 B\u00e6redygtig og genanvendelig \u2013 plastikfri og bionedbrydelig.<\/span><\/p>\n<p><span style=\"color: rgb(75, 80, 88);\">\u2714 Stilfuld og praktisk \u2013 alsidig til hverdagsbrug.<\/span><\/p>\n<p><span style=\"color: rgb(75, 80, 88);\">Bestil i dag og tilbyd dine kunder en elegant og b\u00e6redygtig shoppingl\u00f8sning!<\/span><\/p>\n","protected":false},"excerpt":{"rendered":"<p>Jute &#038; Bomuld Vendbar Stor Taske \u2013 Bl\u00e5gr\u00f8n | Bedst S\u00e6lgende Milj\u00f8venlig Tote B\u00e6redygtige tasker er et must-have i detailhandlen! Denne Jute &#038; Bomuld Vendbare Store Taske i Bl\u00e5gr\u00f8n er en tops\u00e6lger for milj\u00f8bevidste butikker. H\u00e5ndlavet i Indien af 100% naturlig jute og bomuld, det er et plastikfrit, genanvendeligt og bionedbrydeligt alternativ, der lever op [&hellip;]<\/p>\n","protected":false},"featured_media":328708,"comment_status":"closed","ping_status":"open","template":"","meta":{"_angie_page":false},"product_brand":[],"product_cat":[7870,7861],"product_tag":[],"class_list":{"0":"post-201848","1":"product","2":"type-product","3":"status-publish","4":"has-post-thumbnail","6":"product_cat-jutetasker-og-kurve","7":"product_cat-tasker-og-rygsaekke","8":"pa_collection-reversible-jute-cotton-big-bag-da","9":"pa_made-in-indien","11":"first","12":"instock","13":"purchasable","14":"product-type-simple"},"supplier_id":null,"supplier_sku":"RevB-03","barcode":null,"atum_controlled":true,"out_stock_date":null,"out_stock_threshold":null,"inheritable":false,"inbound_stock":null,"stock_on_hold":0,"sold_today":0,"sales_last_days":0,"reserved_stock":null,"customer_returns":null,"warehouse_damage":null,"lost_in_post":null,"other_logs":null,"out_stock_days":0,"lost_sales":0,"has_location":null,"update_date":"2026-04-28T01:00:32","atum_locations":[],"atum_stock_status":"instock","restock_status":false,"low_stock_amount":"","sales_update_date":"2025-09-05T00:23:42","calc_backorders":null,"_links":{"self":[{"href":"https:\/\/aromasentia.com\/da\/wp-json\/wp\/v2\/product\/201848","targetHints":{"allow":["GET"]}}],"collection":[{"href":"https:\/\/aromasentia.com\/da\/wp-json\/wp\/v2\/product"}],"about":[{"href":"https:\/\/aromasentia.com\/da\/wp-json\/wp\/v2\/types\/product"}],"replies":[{"embeddable":true,"href":"https:\/\/aromasentia.com\/da\/wp-json\/wp\/v2\/comments?post=201848"}],"version-history":[{"count":0,"href":"https:\/\/aromasentia.com\/da\/wp-json\/wp\/v2\/product\/201848\/revisions"}],"wp:featuredmedia":[{"embeddable":true,"href":"https:\/\/aromasentia.com\/da\/wp-json\/wp\/v2\/media\/328708"}],"wp:attachment":[{"href":"https:\/\/aromasentia.com\/da\/wp-json\/wp\/v2\/media?parent=201848"}],"wp:term":[{"taxonomy":"product_brand","embeddable":true,"href":"https:\/\/aromasentia.com\/da\/wp-json\/wp\/v2\/product_brand?post=201848"},{"taxonomy":"product_cat","embeddable":true,"href":"https:\/\/aromasentia.com\/da\/wp-json\/wp\/v2\/product_cat?post=201848"},{"taxonomy":"product_tag","embeddable":true,"href":"https:\/\/aromasentia.com\/da\/wp-json\/wp\/v2\/product_tag?post=201848"}],"curies":[{"name":"wp","href":"https:\/\/api.w.org\/{rel}","templated":true}]}}