{"id":201847,"date":"2025-03-21T14:44:59","date_gmt":"2025-03-21T14:44:59","guid":{"rendered":"https:\/\/aromasentia.com\/product\/reversible-jute-cotton-big-bag-pink\/"},"modified":"2025-06-22T03:40:40","modified_gmt":"2025-06-22T03:40:40","slug":"vendbar-big-bag-i-jute-og-bomuld-pink","status":"publish","type":"product","link":"https:\/\/aromasentia.com\/da\/vendbar-big-bag-i-jute-og-bomuld-pink\/","title":{"rendered":"Vendbar Big Bag I Jute Og Bomuld &#8211; Pink"},"content":{"rendered":"<p><span style=\"color: rgb(75, 80, 88);\"><strong>Jute &#038; Bomuld Vendbar Stor Taske \u2013 Pink | Milj\u00f8venlig &#038; Stilfuld<\/strong><\/span><\/p>\n<p><span style=\"color: rgb(75, 80, 88);\">B\u00e6redygtige indk\u00f8bsposer er et must i detailhandlen! Jute &#038; Bomuld Vendbar Stor Taske i Pink er perfekt til milj\u00f8bevidste kunder, der \u00f8nsker stil, alsidighed og b\u00e6redygtighed. H\u00e5ndlavet i Indien af 100% naturlig jute og bomuld, det er et holdbart, genanvendeligt og plastikfrit alternativ, der lever op til nutidens milj\u00f8venlige shoppingtrends.<\/span><\/p>\n<p><span style=\"color: rgb(75, 80, 88);\">N\u00f8glefunktioner:<\/span><\/p>\n<p><span style=\"color: rgb(75, 80, 88);\">\u2705 Vendbart Design \u2013 Bl\u00f8d pink bomuld p\u00e5 den ene side, klassisk jute p\u00e5 den anden.<\/span><\/p>\n<p><span style=\"color: rgb(75, 80, 88);\">\u2705 Rummelig og praktisk \u2013 49&#215;40 cm, perfekt til shopping, arbejde og rejser.<\/span><\/p>\n<p><span style=\"color: rgb(75, 80, 88);\">\u2705 Ekstra opbevaring \u2013 Forlomme for nem adgang til de vigtigste ting.<\/span><\/p>\n<p><span style=\"color: rgb(75, 80, 88);\">\u2705 Sikker og holdbar \u2013 Robuste h\u00e5ndtag og tr\u00e6knaplukning for ekstra sikkerhed.<\/span><\/p>\n<p><span style=\"color: rgb(75, 80, 88);\"><\/span><\/p>\n<p><span style=\"color: rgb(75, 80, 88);\">\u2714 H\u00f8j eftersp\u00f8rgsel \u2013 Ideel til butikker, \u00f8kobutikker og b\u00e6redygtige m\u00e6rker.<\/span><\/p>\n<p><span style=\"color: rgb(75, 80, 88);\">\u2714 Plastikfri og bionedbrydelig \u2013 et must-have for milj\u00f8bevidste kunder.<\/span><\/p>\n<p><span style=\"color: rgb(75, 80, 88);\">\u2714 Trendy og funktionel \u2013 appellerer til kunder, der s\u00f8ger b\u00e5de mode og praktisk anvendelighed.<\/span><\/p>\n<p><span style=\"color: rgb(141, 186, 216);\"><strong>Bestil nu og tilbyd dine kunder en elegant og b\u00e6redygtig shoppingl\u00f8sning!<\/strong><\/span><\/p>\n","protected":false},"excerpt":{"rendered":"<p>Jute &#038; Bomuld Vendbar Stor Taske \u2013 Pink | Milj\u00f8venlig &#038; Stilfuld B\u00e6redygtige indk\u00f8bsposer er et must i detailhandlen! Jute &#038; Bomuld Vendbar Stor Taske i Pink er perfekt til milj\u00f8bevidste kunder, der \u00f8nsker stil, alsidighed og b\u00e6redygtighed. H\u00e5ndlavet i Indien af 100% naturlig jute og bomuld, det er et holdbart, genanvendeligt og plastikfrit alternativ, [&hellip;]<\/p>\n","protected":false},"featured_media":328659,"comment_status":"closed","ping_status":"open","template":"","meta":{"_angie_page":false},"product_brand":[],"product_cat":[7870,7861],"product_tag":[],"class_list":{"0":"post-201847","1":"product","2":"type-product","3":"status-publish","4":"has-post-thumbnail","6":"product_cat-jutetasker-og-kurve","7":"product_cat-tasker-og-rygsaekke","8":"pa_collection-reversible-jute-cotton-big-bag-da","9":"pa_made-in-indien","11":"first","12":"instock","13":"purchasable","14":"product-type-simple"},"supplier_id":null,"supplier_sku":"RevB-02","barcode":null,"atum_controlled":true,"out_stock_date":null,"out_stock_threshold":null,"inheritable":false,"inbound_stock":null,"stock_on_hold":0,"sold_today":0,"sales_last_days":0,"reserved_stock":null,"customer_returns":null,"warehouse_damage":null,"lost_in_post":null,"other_logs":null,"out_stock_days":0,"lost_sales":0,"has_location":null,"update_date":"2026-04-28T01:00:32","atum_locations":[],"atum_stock_status":"instock","restock_status":false,"low_stock_amount":"","sales_update_date":"2026-01-20T05:13:03","calc_backorders":null,"_links":{"self":[{"href":"https:\/\/aromasentia.com\/da\/wp-json\/wp\/v2\/product\/201847","targetHints":{"allow":["GET"]}}],"collection":[{"href":"https:\/\/aromasentia.com\/da\/wp-json\/wp\/v2\/product"}],"about":[{"href":"https:\/\/aromasentia.com\/da\/wp-json\/wp\/v2\/types\/product"}],"replies":[{"embeddable":true,"href":"https:\/\/aromasentia.com\/da\/wp-json\/wp\/v2\/comments?post=201847"}],"version-history":[{"count":0,"href":"https:\/\/aromasentia.com\/da\/wp-json\/wp\/v2\/product\/201847\/revisions"}],"wp:featuredmedia":[{"embeddable":true,"href":"https:\/\/aromasentia.com\/da\/wp-json\/wp\/v2\/media\/328659"}],"wp:attachment":[{"href":"https:\/\/aromasentia.com\/da\/wp-json\/wp\/v2\/media?parent=201847"}],"wp:term":[{"taxonomy":"product_brand","embeddable":true,"href":"https:\/\/aromasentia.com\/da\/wp-json\/wp\/v2\/product_brand?post=201847"},{"taxonomy":"product_cat","embeddable":true,"href":"https:\/\/aromasentia.com\/da\/wp-json\/wp\/v2\/product_cat?post=201847"},{"taxonomy":"product_tag","embeddable":true,"href":"https:\/\/aromasentia.com\/da\/wp-json\/wp\/v2\/product_tag?post=201847"}],"curies":[{"name":"wp","href":"https:\/\/api.w.org\/{rel}","templated":true}]}}