{"id":201846,"date":"2025-03-21T14:44:59","date_gmt":"2025-03-21T14:44:59","guid":{"rendered":"https:\/\/aromasentia.com\/product\/reversible-jute-cotton-big-bag-pistachio\/"},"modified":"2025-06-22T03:40:39","modified_gmt":"2025-06-22T03:40:39","slug":"vendbar-big-bag-i-jute-og-bomuld-pistacie","status":"publish","type":"product","link":"https:\/\/aromasentia.com\/da\/vendbar-big-bag-i-jute-og-bomuld-pistacie\/","title":{"rendered":"Vendbar Big Bag I Jute Og Bomuld &#8211; Pistacie"},"content":{"rendered":"<p><span style=\"color: rgb(75, 80, 88);\"><strong>Vendbar stor taske i jute og bomuld \u2013 pistacien\u00f8d | Milj\u00f8venlig og alsidig<\/strong><\/span><\/p>\n<p><span style=\"color: rgb(75, 80, 88);\">Fyld din butik med en uundv\u00e6rlig b\u00e6redygtig tote-taske! Den vendbare store taske i jute og bomuld i pistacien\u00f8d tilbyder den perfekte blanding af stil, b\u00e6redygtighed og praktisk anvendelighed, hvilket g\u00f8r den ideel til milj\u00f8bevidste detailhandlere.<\/span><\/p>\n<p><span style=\"color: rgb(75, 80, 88);\">H\u00e5ndlavet i Indien af 100% naturlig jute og bomuld. Denne holdbare, genanvendelige og plastikfri taske giver kunderne en stilfuld og etisk shoppingl\u00f8sning. Det vendbare design tilbyder to looks i \u00e9t \u2013 bl\u00f8d pistaciebomuld til hverdagsbrug og rustik jute for en naturlig, jordagtig fornemmelse.<\/span><\/p>\n<h6><span style=\"color: rgb(75, 80, 88);\">N\u00f8glefunktioner:<\/span><\/h6>\n<p><span style=\"color: rgb(75, 80, 88);\">\u2705 Vendbart to-i-en-design \u2013 Skift mellem bomuld og jute for alsidig styling.<\/span><\/p>\n<p><span style=\"color: rgb(75, 80, 88);\">\u2705 Rummelig og funktionel \u2013 49&#215;40 cm st\u00f8rrelse, ideel til shopping, pendling eller afslappede udflugter.<\/span><\/p>\n<p><span style=\"color: rgb(75, 80, 88);\">\u2705 Ekstra opbevaringsplads \u2013 Praktisk frontlomme for hurtig adgang til de vigtigste ting.<\/span><\/p>\n<p><span style=\"color: rgb(75, 80, 88);\">\u2705 Holdbar og sikker \u2013 st\u00e6rke h\u00e5ndtag med en stilfuld tr\u00e6knaplukning.<\/span><\/p>\n<p><span style=\"color: rgb(75, 80, 88);\">\u2714 H\u00f8j eftersp\u00f8rgsel \u2013 perfekt til butikker, gavebutikker og b\u00e6redygtige m\u00e6rker.<\/span><\/p>\n<p><span style=\"color: rgb(75, 80, 88);\">\u2714 Plastikfri og bionedbrydelig \u2013 appellerer til milj\u00f8bevidste kunder.<\/span><\/p>\n<p><span style=\"color: rgb(75, 80, 88);\">\u2714 Trendy og praktisk \u2013 Et moderigtigt alternativ til engangsposer.<\/span><\/p>\n<p><span style=\"color: rgb(141, 186, 216);\"><strong>F\u00e5 varer op nu, og tilbyd dine kunder en stilfuld og milj\u00f8venlig shoppingl\u00f8sning!<\/strong><\/span><\/p>\n","protected":false},"excerpt":{"rendered":"<p>Vendbar stor taske i jute og bomuld \u2013 pistacien\u00f8d | Milj\u00f8venlig og alsidig Fyld din butik med en uundv\u00e6rlig b\u00e6redygtig tote-taske! Den vendbare store taske i jute og bomuld i pistacien\u00f8d tilbyder den perfekte blanding af stil, b\u00e6redygtighed og praktisk anvendelighed, hvilket g\u00f8r den ideel til milj\u00f8bevidste detailhandlere. H\u00e5ndlavet i Indien af 100% naturlig jute [&hellip;]<\/p>\n","protected":false},"featured_media":328610,"comment_status":"closed","ping_status":"open","template":"","meta":{"_angie_page":false},"product_brand":[],"product_cat":[7870,7861],"product_tag":[],"class_list":{"0":"post-201846","1":"product","2":"type-product","3":"status-publish","4":"has-post-thumbnail","6":"product_cat-jutetasker-og-kurve","7":"product_cat-tasker-og-rygsaekke","8":"pa_collection-reversible-jute-cotton-big-bag-da","9":"pa_made-in-indien","11":"first","12":"instock","13":"purchasable","14":"product-type-simple"},"supplier_id":null,"supplier_sku":"RevB-01","barcode":null,"atum_controlled":true,"out_stock_date":null,"out_stock_threshold":null,"inheritable":false,"inbound_stock":null,"stock_on_hold":0,"sold_today":0,"sales_last_days":0,"reserved_stock":null,"customer_returns":null,"warehouse_damage":null,"lost_in_post":null,"other_logs":null,"out_stock_days":0,"lost_sales":0,"has_location":null,"update_date":"2026-04-28T01:00:32","atum_locations":[],"atum_stock_status":"instock","restock_status":false,"low_stock_amount":"","sales_update_date":"2025-09-05T00:23:41","calc_backorders":null,"_links":{"self":[{"href":"https:\/\/aromasentia.com\/da\/wp-json\/wp\/v2\/product\/201846","targetHints":{"allow":["GET"]}}],"collection":[{"href":"https:\/\/aromasentia.com\/da\/wp-json\/wp\/v2\/product"}],"about":[{"href":"https:\/\/aromasentia.com\/da\/wp-json\/wp\/v2\/types\/product"}],"replies":[{"embeddable":true,"href":"https:\/\/aromasentia.com\/da\/wp-json\/wp\/v2\/comments?post=201846"}],"version-history":[{"count":0,"href":"https:\/\/aromasentia.com\/da\/wp-json\/wp\/v2\/product\/201846\/revisions"}],"wp:featuredmedia":[{"embeddable":true,"href":"https:\/\/aromasentia.com\/da\/wp-json\/wp\/v2\/media\/328610"}],"wp:attachment":[{"href":"https:\/\/aromasentia.com\/da\/wp-json\/wp\/v2\/media?parent=201846"}],"wp:term":[{"taxonomy":"product_brand","embeddable":true,"href":"https:\/\/aromasentia.com\/da\/wp-json\/wp\/v2\/product_brand?post=201846"},{"taxonomy":"product_cat","embeddable":true,"href":"https:\/\/aromasentia.com\/da\/wp-json\/wp\/v2\/product_cat?post=201846"},{"taxonomy":"product_tag","embeddable":true,"href":"https:\/\/aromasentia.com\/da\/wp-json\/wp\/v2\/product_tag?post=201846"}],"curies":[{"name":"wp","href":"https:\/\/api.w.org\/{rel}","templated":true}]}}