{"id":201836,"date":"2025-03-21T14:45:04","date_gmt":"2025-03-21T14:45:04","guid":{"rendered":"https:\/\/aromasentia.com\/product\/tye-dye-cotton-bag-6oz-38x42x12cm-mandela-magento-black-handle\/"},"modified":"2025-06-22T03:40:33","modified_gmt":"2025-06-22T03:40:33","slug":"tye-dye-bomuldstaske-6oz-38x42x12cm-mandela-magento-sort-haandtag","status":"publish","type":"product","link":"https:\/\/aromasentia.com\/da\/tye-dye-bomuldstaske-6oz-38x42x12cm-mandela-magento-sort-haandtag\/","title":{"rendered":"Tye-Dye Bomuldstaske (6Oz) &#8211; 38X42X12cm &#8211; mandela &#8211; magento &#8211; Sort H\u00e5ndtag"},"content":{"rendered":"<p><span style=\"color: rgb(75, 80, 88);\"><strong>Tie-Dye bomuldstaske med mandala-m\u00f8nster,<\/strong> i en smuk magenta nuance og med et naturligt h\u00e5ndtag.<\/span><\/p>\n<p><span style=\"color: rgb(75, 80, 88);\">Lavet af <strong>bomuldsmateriale af h\u00f8j kvalitet<\/strong> er denne taske b\u00e5de bl\u00f8d og holdbar, hvilket g\u00f8r den til en p\u00e5lidelig ledsager p\u00e5 alle dine rejser. Den unikke tie-dye-teknik, der bruges til at skabe taskens fantastiske m\u00f8nster, sikrer, at ingen to tasker er n\u00f8jagtig ens.<\/span><\/p>\n<p><span style=\"color: rgb(75, 80, 88);\"><em>M\u00e5l: 38x42x12 cm, h\u00e5ndtagsl\u00e6ngde: 34 cm<\/em><\/span><\/p>\n","protected":false},"excerpt":{"rendered":"<p>Tie-Dye bomuldstaske med mandala-m\u00f8nster, i en smuk magenta nuance og med et naturligt h\u00e5ndtag. Lavet af bomuldsmateriale af h\u00f8j kvalitet er denne taske b\u00e5de bl\u00f8d og holdbar, hvilket g\u00f8r den til en p\u00e5lidelig ledsager p\u00e5 alle dine rejser. Den unikke tie-dye-teknik, der bruges til at skabe taskens fantastiske m\u00f8nster, sikrer, at ingen to tasker er [&hellip;]<\/p>\n","protected":false},"featured_media":329432,"comment_status":"closed","ping_status":"open","template":"","meta":[],"product_brand":[],"product_cat":[7878,7860,7861],"product_tag":[],"class_list":{"0":"post-201836","1":"product","2":"type-product","3":"status-publish","4":"has-post-thumbnail","6":"product_cat-bomuldstasker-og-skuldertasker-nepal","7":"product_cat-oekologiske-tasker","8":"product_cat-tasker-og-rygsaekke","9":"pa_collection-tie-dye-cotton-bags-da","10":"pa_made-in-indien","12":"first","13":"instock","14":"purchasable","15":"product-type-simple"},"supplier_id":null,"supplier_sku":"TDB-07","barcode":null,"atum_controlled":true,"out_stock_date":null,"out_stock_threshold":null,"inheritable":false,"inbound_stock":null,"stock_on_hold":0,"sold_today":0,"sales_last_days":0,"reserved_stock":null,"customer_returns":null,"warehouse_damage":null,"lost_in_post":null,"other_logs":null,"out_stock_days":0,"lost_sales":0,"has_location":null,"update_date":"2026-01-30T01:25:34","atum_locations":[],"atum_stock_status":"instock","restock_status":false,"low_stock_amount":"","sales_update_date":"2026-01-30T01:25:34","calc_backorders":null,"_links":{"self":[{"href":"https:\/\/aromasentia.com\/da\/wp-json\/wp\/v2\/product\/201836","targetHints":{"allow":["GET"]}}],"collection":[{"href":"https:\/\/aromasentia.com\/da\/wp-json\/wp\/v2\/product"}],"about":[{"href":"https:\/\/aromasentia.com\/da\/wp-json\/wp\/v2\/types\/product"}],"replies":[{"embeddable":true,"href":"https:\/\/aromasentia.com\/da\/wp-json\/wp\/v2\/comments?post=201836"}],"version-history":[{"count":0,"href":"https:\/\/aromasentia.com\/da\/wp-json\/wp\/v2\/product\/201836\/revisions"}],"wp:featuredmedia":[{"embeddable":true,"href":"https:\/\/aromasentia.com\/da\/wp-json\/wp\/v2\/media\/329432"}],"wp:attachment":[{"href":"https:\/\/aromasentia.com\/da\/wp-json\/wp\/v2\/media?parent=201836"}],"wp:term":[{"taxonomy":"product_brand","embeddable":true,"href":"https:\/\/aromasentia.com\/da\/wp-json\/wp\/v2\/product_brand?post=201836"},{"taxonomy":"product_cat","embeddable":true,"href":"https:\/\/aromasentia.com\/da\/wp-json\/wp\/v2\/product_cat?post=201836"},{"taxonomy":"product_tag","embeddable":true,"href":"https:\/\/aromasentia.com\/da\/wp-json\/wp\/v2\/product_tag?post=201836"}],"curies":[{"name":"wp","href":"https:\/\/api.w.org\/{rel}","templated":true}]}}