{"id":201830,"date":"2025-03-21T14:45:04","date_gmt":"2025-03-21T14:45:04","guid":{"rendered":"https:\/\/aromasentia.com\/product\/tye-dye-cotton-bag-6oz-38x42x12cm-compass-blue-natural-handle\/"},"modified":"2025-06-22T03:40:31","modified_gmt":"2025-06-22T03:40:31","slug":"tye-dye-bomuldstaske-6oz-38x42x12cm-kompas-blaa-naturligt-haandtag","status":"publish","type":"product","link":"https:\/\/aromasentia.com\/da\/tye-dye-bomuldstaske-6oz-38x42x12cm-kompas-blaa-naturligt-haandtag\/","title":{"rendered":"Tye-Dye Bomuldstaske (6Oz) &#8211; 38X42X12cm &#8211; Kompas &#8211; Bl\u00e5 &#8211; Naturligt H\u00e5ndtag"},"content":{"rendered":"<p><strong><span style=\"color: rgb(75, 80, 88);\">Denne naturlige Tye-Dye bomuldstaske<\/span><\/strong><span style=\"color: rgb(75, 80, 88);\"> er et stilfuldt og milj\u00f8venligt tilbeh\u00f8r, der helt sikkert vil fange alles opm\u00e6rksomhed. Denne rummelige taske m\u00e5ler <strong>38x42x12cm<\/strong> og er h\u00e5ndlavet af 100% naturlig bomuld. Den har et unikt tie-dye design med bl\u00e5 ringe, hvilket g\u00f8r hver taske unik.<\/span><\/p>\n<p><span style=\"color: rgb(75, 80, 88);\">Tasken er ogs\u00e5 designet med naturlige h\u00e5ndtag, der giver et bl\u00f8dere look og g\u00f8r den nem at b\u00e6re. Det slidst\u00e6rke bomuldsmateriale sikrer, at tasken er st\u00e6rk nok til at holde tunge genstande, mens det lange h\u00e5ndtag g\u00f8r den behagelig at b\u00e6re over skulderen.<\/span><\/p>\n<p><span style=\"color: rgb(75, 80, 88);\"><strong>Naturlig Tye-Dye bomuldstaske &#8211; Compass &#8211; Bl\u00e5 med naturlige h\u00e5ndtag<\/strong> er perfekt til dem, der leder efter et b\u00e6redygtigt alternativ til traditionelle indk\u00f8bsposer.<\/span><\/p>\n<p><span style=\"color: rgb(75, 80, 88);\"><em>M\u00e5l: 38x42x12cm, h\u00e5ndtagsl\u00e6ngde: 33 cm<\/em><\/span><\/p>\n","protected":false},"excerpt":{"rendered":"<p>Denne naturlige Tye-Dye bomuldstaske er et stilfuldt og milj\u00f8venligt tilbeh\u00f8r, der helt sikkert vil fange alles opm\u00e6rksomhed. Denne rummelige taske m\u00e5ler 38x42x12cm og er h\u00e5ndlavet af 100% naturlig bomuld. Den har et unikt tie-dye design med bl\u00e5 ringe, hvilket g\u00f8r hver taske unik. Tasken er ogs\u00e5 designet med naturlige h\u00e5ndtag, der giver et bl\u00f8dere look [&hellip;]<\/p>\n","protected":false},"featured_media":329282,"comment_status":"closed","ping_status":"open","template":"","meta":{"_angie_page":false},"product_brand":[],"product_cat":[7878,7860,7861],"product_tag":[],"class_list":{"0":"post-201830","1":"product","2":"type-product","3":"status-publish","4":"has-post-thumbnail","6":"product_cat-bomuldstasker-og-skuldertasker-nepal","7":"product_cat-oekologiske-tasker","8":"product_cat-tasker-og-rygsaekke","9":"pa_collection-tie-dye-cotton-bags-da","10":"pa_made-in-indien","12":"first","13":"instock","14":"purchasable","15":"product-type-simple"},"supplier_id":null,"supplier_sku":"TDB-01","barcode":null,"atum_controlled":true,"out_stock_date":null,"out_stock_threshold":null,"inheritable":false,"inbound_stock":null,"stock_on_hold":0,"sold_today":0,"sales_last_days":0,"reserved_stock":null,"customer_returns":null,"warehouse_damage":null,"lost_in_post":null,"other_logs":null,"out_stock_days":0,"lost_sales":0,"has_location":null,"update_date":"2026-04-27T07:24:06","atum_locations":[],"atum_stock_status":"instock","restock_status":false,"low_stock_amount":"","sales_update_date":"2025-09-05T00:23:46","calc_backorders":null,"_links":{"self":[{"href":"https:\/\/aromasentia.com\/da\/wp-json\/wp\/v2\/product\/201830","targetHints":{"allow":["GET"]}}],"collection":[{"href":"https:\/\/aromasentia.com\/da\/wp-json\/wp\/v2\/product"}],"about":[{"href":"https:\/\/aromasentia.com\/da\/wp-json\/wp\/v2\/types\/product"}],"replies":[{"embeddable":true,"href":"https:\/\/aromasentia.com\/da\/wp-json\/wp\/v2\/comments?post=201830"}],"version-history":[{"count":0,"href":"https:\/\/aromasentia.com\/da\/wp-json\/wp\/v2\/product\/201830\/revisions"}],"wp:featuredmedia":[{"embeddable":true,"href":"https:\/\/aromasentia.com\/da\/wp-json\/wp\/v2\/media\/329282"}],"wp:attachment":[{"href":"https:\/\/aromasentia.com\/da\/wp-json\/wp\/v2\/media?parent=201830"}],"wp:term":[{"taxonomy":"product_brand","embeddable":true,"href":"https:\/\/aromasentia.com\/da\/wp-json\/wp\/v2\/product_brand?post=201830"},{"taxonomy":"product_cat","embeddable":true,"href":"https:\/\/aromasentia.com\/da\/wp-json\/wp\/v2\/product_cat?post=201830"},{"taxonomy":"product_tag","embeddable":true,"href":"https:\/\/aromasentia.com\/da\/wp-json\/wp\/v2\/product_tag?post=201830"}],"curies":[{"name":"wp","href":"https:\/\/api.w.org\/{rel}","templated":true}]}}