{"id":201829,"date":"2025-03-21T14:45:04","date_gmt":"2025-03-21T14:45:04","guid":{"rendered":"https:\/\/aromasentia.com\/product\/soft-blend-shoulder-tote-tumeric\/"},"modified":"2025-06-22T03:40:30","modified_gmt":"2025-06-22T03:40:30","slug":"skuldertaske-i-bloed-blanding-tumeric","status":"publish","type":"product","link":"https:\/\/aromasentia.com\/da\/skuldertaske-i-bloed-blanding-tumeric\/","title":{"rendered":"Skuldertaske I Bl\u00f8d Blanding -Tumeric"},"content":{"rendered":"<p><span style=\"color: rgb(75, 80, 88);\"><strong>Giv dine kunders stil varme og energi med vores Soft Blend Shoulder Tote i gurkemeje.<\/strong><\/span><\/p>\n<p><span style=\"color: rgb(75, 80, 88);\">Denne taske har en sl\u00e5ende kombination af gyldne gule og varme orange farver, inspireret af de rige, jordagtige toner af gurkemeje. Gurkemeje-nuancerne tilf\u00f8jer et strejf af livlighed og eksotisk flair, hvilket g\u00f8r denne tote til et i\u00f8jnefaldende tilbeh\u00f8r til enhver lejlighed.<\/span><\/p>\n<p><span style=\"color: rgb(75, 80, 88);\">Uanset om de skal til en sommerfestival eller en solrig stranddag, vil denne taske helt sikkert komplementere deres look.<\/span><\/p>\n<p><span style=\"color: rgb(75, 80, 88);\">Lavet af bl\u00f8dvasket jute og foret med bomuld, lover den b\u00e5de komfort og holdbarhed. Batikfarvet design sikrer, at hver taske er unik, og den magnetiske trykknaplukning holder dine ejendele sikre.<\/span><\/p>\n<p><span style=\"color: rgb(75, 80, 88);\"><strong>Lad de varme nuancer af gurkemeje lyse din dag og din stil op.<\/strong><\/span><\/p>\n<p><span style=\"color: rgb(75, 80, 88);\"><strong>M\u00e5l:<\/strong><\/span><\/p>\n<p><span style=\"color: rgb(75, 80, 88);\">40x32x9cm<\/span><\/p>\n","protected":false},"excerpt":{"rendered":"<p>Giv dine kunders stil varme og energi med vores Soft Blend Shoulder Tote i gurkemeje. Denne taske har en sl\u00e5ende kombination af gyldne gule og varme orange farver, inspireret af de rige, jordagtige toner af gurkemeje. Gurkemeje-nuancerne tilf\u00f8jer et strejf af livlighed og eksotisk flair, hvilket g\u00f8r denne tote til et i\u00f8jnefaldende tilbeh\u00f8r til enhver [&hellip;]<\/p>\n","protected":false},"featured_media":329225,"comment_status":"closed","ping_status":"open","template":"","meta":{"_angie_page":false},"product_brand":[],"product_cat":[7860,7861],"product_tag":[],"class_list":{"0":"post-201829","1":"product","2":"type-product","3":"status-publish","4":"has-post-thumbnail","6":"product_cat-oekologiske-tasker","7":"product_cat-tasker-og-rygsaekke","8":"pa_collection-soft-blend-shoulder-totes-da","9":"pa_made-in-indien","11":"first","12":"instock","13":"purchasable","14":"product-type-simple"},"supplier_id":null,"supplier_sku":"SBST-04","barcode":null,"atum_controlled":true,"out_stock_date":null,"out_stock_threshold":null,"inheritable":false,"inbound_stock":null,"stock_on_hold":0,"sold_today":0,"sales_last_days":0,"reserved_stock":null,"customer_returns":null,"warehouse_damage":null,"lost_in_post":null,"other_logs":null,"out_stock_days":0,"lost_sales":0,"has_location":null,"update_date":"2026-04-27T07:20:29","atum_locations":[],"atum_stock_status":"instock","restock_status":false,"low_stock_amount":"","sales_update_date":"2026-01-30T01:25:38","calc_backorders":null,"_links":{"self":[{"href":"https:\/\/aromasentia.com\/da\/wp-json\/wp\/v2\/product\/201829","targetHints":{"allow":["GET"]}}],"collection":[{"href":"https:\/\/aromasentia.com\/da\/wp-json\/wp\/v2\/product"}],"about":[{"href":"https:\/\/aromasentia.com\/da\/wp-json\/wp\/v2\/types\/product"}],"replies":[{"embeddable":true,"href":"https:\/\/aromasentia.com\/da\/wp-json\/wp\/v2\/comments?post=201829"}],"version-history":[{"count":0,"href":"https:\/\/aromasentia.com\/da\/wp-json\/wp\/v2\/product\/201829\/revisions"}],"wp:featuredmedia":[{"embeddable":true,"href":"https:\/\/aromasentia.com\/da\/wp-json\/wp\/v2\/media\/329225"}],"wp:attachment":[{"href":"https:\/\/aromasentia.com\/da\/wp-json\/wp\/v2\/media?parent=201829"}],"wp:term":[{"taxonomy":"product_brand","embeddable":true,"href":"https:\/\/aromasentia.com\/da\/wp-json\/wp\/v2\/product_brand?post=201829"},{"taxonomy":"product_cat","embeddable":true,"href":"https:\/\/aromasentia.com\/da\/wp-json\/wp\/v2\/product_cat?post=201829"},{"taxonomy":"product_tag","embeddable":true,"href":"https:\/\/aromasentia.com\/da\/wp-json\/wp\/v2\/product_tag?post=201829"}],"curies":[{"name":"wp","href":"https:\/\/api.w.org\/{rel}","templated":true}]}}