{"id":201826,"date":"2025-03-21T14:45:04","date_gmt":"2025-03-21T14:45:04","guid":{"rendered":"https:\/\/aromasentia.com\/product\/soft-blend-shoulder-tote-antique-fuchsia\/"},"modified":"2025-06-22T03:40:29","modified_gmt":"2025-06-22T03:40:29","slug":"skuldertaske-i-bloed-blanding-antik-fuchsia","status":"publish","type":"product","link":"https:\/\/aromasentia.com\/da\/skuldertaske-i-bloed-blanding-antik-fuchsia\/","title":{"rendered":"Skuldertaske I Bl\u00f8d Blanding &#8211; Antik Fuchsia"},"content":{"rendered":"<p><span style=\"color: rgb(75, 80, 88);\"><strong>Tr\u00e6d ind i en verden af livlige farver med vores Soft Blend Shoulder Tote i Antique Fuchsia.<\/strong><\/span><\/p>\n<p><span style=\"color: rgb(75, 80, 88);\">Denne i\u00f8jnefaldende taske har en blanding af fyldige lilla og pink farver, der minder om en smuk solnedgang. De antikke fuchsia toner skaber en f\u00f8lelse af elegance og charme, hvilket g\u00f8r den til et perfekt tilbeh\u00f8r til b\u00e5de afslappede udflugter og s\u00e6rlige lejligheder.<\/span><\/p>\n<p><span style=\"color: rgb(75, 80, 88);\">Lavt af bl\u00f8d, vasket jute og foret med behagelig bomuld, sikrer denne tote b\u00e5de komfort og holdbarhed. Det unikke tie-dye-m\u00f8nster garanterer, at ingen to tasker er ens, hvilket tilf\u00f8jer et strejf af individualitet til din kundes stil.<\/span><\/p>\n<p><span style=\"color: rgb(75, 80, 88);\"><strong>Opbevar de vigtigste ting med den praktiske magnetiske trykknaplukning, og giv et markant udtryk, uanset hvor du befinder dig.<\/strong><\/span><\/p>\n<p><span style=\"color: rgb(75, 80, 88);\"><strong>M\u00e5l:<\/strong><\/span><\/p>\n<p><span style=\"color: rgb(75, 80, 88);\">40x32x9cm<\/span><\/p>\n","protected":false},"excerpt":{"rendered":"<p>Tr\u00e6d ind i en verden af livlige farver med vores Soft Blend Shoulder Tote i Antique Fuchsia. Denne i\u00f8jnefaldende taske har en blanding af fyldige lilla og pink farver, der minder om en smuk solnedgang. De antikke fuchsia toner skaber en f\u00f8lelse af elegance og charme, hvilket g\u00f8r den til et perfekt tilbeh\u00f8r til b\u00e5de [&hellip;]<\/p>\n","protected":false},"featured_media":329110,"comment_status":"closed","ping_status":"open","template":"","meta":{"_angie_page":false},"product_brand":[],"product_cat":[7860,7861],"product_tag":[],"class_list":{"0":"post-201826","1":"product","2":"type-product","3":"status-publish","4":"has-post-thumbnail","6":"product_cat-oekologiske-tasker","7":"product_cat-tasker-og-rygsaekke","8":"pa_collection-soft-blend-shoulder-totes-da","9":"pa_made-in-indien","11":"first","12":"instock","13":"purchasable","14":"product-type-simple"},"supplier_id":null,"supplier_sku":"SBST-01","barcode":null,"atum_controlled":true,"out_stock_date":null,"out_stock_threshold":null,"inheritable":false,"inbound_stock":null,"stock_on_hold":0,"sold_today":0,"sales_last_days":0,"reserved_stock":null,"customer_returns":null,"warehouse_damage":null,"lost_in_post":null,"other_logs":null,"out_stock_days":0,"lost_sales":0,"has_location":null,"update_date":"2026-04-27T07:20:29","atum_locations":[],"atum_stock_status":"instock","restock_status":false,"low_stock_amount":"","sales_update_date":"2026-01-30T01:25:38","calc_backorders":null,"_links":{"self":[{"href":"https:\/\/aromasentia.com\/da\/wp-json\/wp\/v2\/product\/201826","targetHints":{"allow":["GET"]}}],"collection":[{"href":"https:\/\/aromasentia.com\/da\/wp-json\/wp\/v2\/product"}],"about":[{"href":"https:\/\/aromasentia.com\/da\/wp-json\/wp\/v2\/types\/product"}],"replies":[{"embeddable":true,"href":"https:\/\/aromasentia.com\/da\/wp-json\/wp\/v2\/comments?post=201826"}],"version-history":[{"count":0,"href":"https:\/\/aromasentia.com\/da\/wp-json\/wp\/v2\/product\/201826\/revisions"}],"wp:featuredmedia":[{"embeddable":true,"href":"https:\/\/aromasentia.com\/da\/wp-json\/wp\/v2\/media\/329110"}],"wp:attachment":[{"href":"https:\/\/aromasentia.com\/da\/wp-json\/wp\/v2\/media?parent=201826"}],"wp:term":[{"taxonomy":"product_brand","embeddable":true,"href":"https:\/\/aromasentia.com\/da\/wp-json\/wp\/v2\/product_brand?post=201826"},{"taxonomy":"product_cat","embeddable":true,"href":"https:\/\/aromasentia.com\/da\/wp-json\/wp\/v2\/product_cat?post=201826"},{"taxonomy":"product_tag","embeddable":true,"href":"https:\/\/aromasentia.com\/da\/wp-json\/wp\/v2\/product_tag?post=201826"}],"curies":[{"name":"wp","href":"https:\/\/api.w.org\/{rel}","templated":true}]}}