{"id":201824,"date":"2025-03-21T14:45:04","date_gmt":"2025-03-21T14:45:04","guid":{"rendered":"https:\/\/aromasentia.com\/product\/phone-holder-bag-stripes-multi-and-white-owl-decor\/"},"modified":"2025-06-22T03:40:28","modified_gmt":"2025-06-22T03:40:28","slug":"mobilholdere-taske-striber-multi-og-hvid-ugle-indretning","status":"publish","type":"product","link":"https:\/\/aromasentia.com\/da\/mobilholdere-taske-striber-multi-og-hvid-ugle-indretning\/","title":{"rendered":"Mobilholdere Taske Striber multi Og Hvid &#8211; Ugle Indretning"},"content":{"rendered":"<p><span style=\"color: rgb(75, 80, 88);\"><strong>Telefonholdertasken \u2013 Striber Multi &#038; Hvid \u2013 Owl D&eacute;cor<\/strong> er et sjovt og funktionelt tilbeh\u00f8r designet til at beskytte smartphones, samtidig med at det tilf\u00f8jer et strejf af legende charme. Med et muntert stribet m\u00f8nster og en unik uglefiltdekoration er denne taske perfekt til kunder, der elsker farverige og finurlige designs.<\/span><\/p>\n<p><span style=\"color: rgb(75, 80, 88);\">Produktegenskaber:<\/span><\/p>\n<p><span style=\"color: rgb(75, 80, 88);\">\u2705 H\u00e5ndlavet i Nepal \u2013 Fremstillet af bl\u00f8de, holdbare materialer for langvarig kvalitet.<\/span><\/p>\n<p><span style=\"color: rgb(75, 80, 88);\">\u2705 Charmerende ugledesign \u2013 Sikkert fastgjort filtdekoration giver et unikt touch.<\/span><\/p>\n<p><span style=\"color: rgb(75, 80, 88);\">\u2705 H\u00e5ndfri bekvemmelighed \u2013 Lang rem giver mulighed for komfortabel crossbody- eller skulderbrug.<\/span><\/p>\n<p><span style=\"color: rgb(75, 80, 88);\">\u2705 Stilfuld og beskyttende \u2013 Holder smartphones sikre og forbedrer samtidig ethvert outfit med et livligt look.<\/span><\/p>\n<p><span style=\"color: rgb(75, 80, 88);\">Denne telefontaske er en perfekt tilf\u00f8jelse til butikker, gavebutikker og onlinebutikker og er en dejlig blanding af stil og praktisk anvendelighed.<\/span><\/p>\n","protected":false},"excerpt":{"rendered":"<p>Telefonholdertasken \u2013 Striber Multi &#038; Hvid \u2013 Owl D&eacute;cor er et sjovt og funktionelt tilbeh\u00f8r designet til at beskytte smartphones, samtidig med at det tilf\u00f8jer et strejf af legende charme. Med et muntert stribet m\u00f8nster og en unik uglefiltdekoration er denne taske perfekt til kunder, der elsker farverige og finurlige designs. Produktegenskaber: \u2705 H\u00e5ndlavet i [&hellip;]<\/p>\n","protected":false},"featured_media":329044,"comment_status":"closed","ping_status":"open","template":"","meta":{"_angie_page":false},"product_brand":[],"product_cat":[7860,7861],"product_tag":[],"class_list":{"0":"post-201824","1":"product","2":"type-product","3":"status-publish","4":"has-post-thumbnail","6":"product_cat-oekologiske-tasker","7":"product_cat-tasker-og-rygsaekke","8":"pa_collection-phone-holder-bags-da","9":"pa_made-in-nepal","11":"first","12":"instock","13":"purchasable","14":"product-type-simple"},"supplier_id":null,"supplier_sku":"SBPN-03","barcode":null,"atum_controlled":true,"out_stock_date":null,"out_stock_threshold":null,"inheritable":false,"inbound_stock":null,"stock_on_hold":0,"sold_today":0,"sales_last_days":0,"reserved_stock":null,"customer_returns":null,"warehouse_damage":null,"lost_in_post":null,"other_logs":null,"out_stock_days":0,"lost_sales":0,"has_location":null,"update_date":"2026-04-29T13:02:36","atum_locations":[],"atum_stock_status":"instock","restock_status":false,"low_stock_amount":"","sales_update_date":"2026-01-20T05:14:25","calc_backorders":null,"_links":{"self":[{"href":"https:\/\/aromasentia.com\/da\/wp-json\/wp\/v2\/product\/201824","targetHints":{"allow":["GET"]}}],"collection":[{"href":"https:\/\/aromasentia.com\/da\/wp-json\/wp\/v2\/product"}],"about":[{"href":"https:\/\/aromasentia.com\/da\/wp-json\/wp\/v2\/types\/product"}],"replies":[{"embeddable":true,"href":"https:\/\/aromasentia.com\/da\/wp-json\/wp\/v2\/comments?post=201824"}],"version-history":[{"count":0,"href":"https:\/\/aromasentia.com\/da\/wp-json\/wp\/v2\/product\/201824\/revisions"}],"wp:featuredmedia":[{"embeddable":true,"href":"https:\/\/aromasentia.com\/da\/wp-json\/wp\/v2\/media\/329044"}],"wp:attachment":[{"href":"https:\/\/aromasentia.com\/da\/wp-json\/wp\/v2\/media?parent=201824"}],"wp:term":[{"taxonomy":"product_brand","embeddable":true,"href":"https:\/\/aromasentia.com\/da\/wp-json\/wp\/v2\/product_brand?post=201824"},{"taxonomy":"product_cat","embeddable":true,"href":"https:\/\/aromasentia.com\/da\/wp-json\/wp\/v2\/product_cat?post=201824"},{"taxonomy":"product_tag","embeddable":true,"href":"https:\/\/aromasentia.com\/da\/wp-json\/wp\/v2\/product_tag?post=201824"}],"curies":[{"name":"wp","href":"https:\/\/api.w.org\/{rel}","templated":true}]}}