{"id":201823,"date":"2025-03-21T14:45:04","date_gmt":"2025-03-21T14:45:04","guid":{"rendered":"https:\/\/aromasentia.com\/product\/phone-holder-bag-stripes-pink-bunny-decor\/"},"modified":"2025-06-22T03:40:28","modified_gmt":"2025-06-22T03:40:28","slug":"mobilholdere-taske-striber-pink-bunny-decor","status":"publish","type":"product","link":"https:\/\/aromasentia.com\/da\/mobilholdere-taske-striber-pink-bunny-decor\/","title":{"rendered":"Mobilholdere Taske Striber Pink &#8211; Bunny Decor"},"content":{"rendered":"<p><span style=\"color: rgb(75, 80, 88);\"><strong>Telefonholdertasken \u2013 Striber i lyser\u00f8d \u2013 Kanindekoration<\/strong> er et charmerende og praktisk tilbeh\u00f8r, perfekt til at b\u00e6re og beskytte smartphones med stil. Med et bl\u00f8dt lyser\u00f8dt stribet m\u00f8nster og en yndig kaninfiltdekoration tilf\u00f8jer denne taske et legende og finurligt touch til hverdagens essentielle ting.<\/span><\/p>\n<p><span style=\"color: rgb(75, 80, 88);\"><strong>Produktegenskaber:<\/strong><\/span><\/p>\n<p><span style=\"color: rgb(75, 80, 88);\">\u2705 H\u00e5ndlavet i Nepal \u2013 Fremstillet af bl\u00f8de, holdbare materialer til langvarig brug.<\/span><\/p>\n<p><span style=\"color: rgb(75, 80, 88);\">\u2705 S\u00f8dt kanindesign \u2013 Sikkert fastgjort filtdekoration giver et unikt og i\u00f8jnefaldende look.<\/span><\/p>\n<p><span style=\"color: rgb(75, 80, 88);\">\u2705 H\u00e5ndfri bekvemmelighed \u2013 Lang rem g\u00f8r det nemt at b\u00e6re den p\u00e5 tv\u00e6rs af kroppen eller p\u00e5 skulderen.<\/span><\/p>\n<p><span style=\"color: rgb(75, 80, 88);\">\u2705 Stilfuld og beskyttende \u2013 Holder smartphones sikre, samtidig med at den forbedrer ethvert outfit med et sjovt og farverigt design.<\/span><\/p>\n<p><span style=\"color: rgb(75, 80, 88);\">Perfekt til butikker, gavebutikker og onlinebutikker. Denne telefontaske er et must-have for kunder, der elsker praktiske accessories med et s\u00f8dt, h\u00e5ndlavet look.<\/span><\/p>\n","protected":false},"excerpt":{"rendered":"<p>Telefonholdertasken \u2013 Striber i lyser\u00f8d \u2013 Kanindekoration er et charmerende og praktisk tilbeh\u00f8r, perfekt til at b\u00e6re og beskytte smartphones med stil. Med et bl\u00f8dt lyser\u00f8dt stribet m\u00f8nster og en yndig kaninfiltdekoration tilf\u00f8jer denne taske et legende og finurligt touch til hverdagens essentielle ting. Produktegenskaber: \u2705 H\u00e5ndlavet i Nepal \u2013 Fremstillet af bl\u00f8de, holdbare materialer [&hellip;]<\/p>\n","protected":false},"featured_media":329011,"comment_status":"closed","ping_status":"open","template":"","meta":{"_angie_page":false},"product_brand":[],"product_cat":[7860,7861],"product_tag":[],"class_list":{"0":"post-201823","1":"product","2":"type-product","3":"status-publish","4":"has-post-thumbnail","6":"product_cat-oekologiske-tasker","7":"product_cat-tasker-og-rygsaekke","8":"pa_collection-phone-holder-bags-da","9":"pa_made-in-nepal","11":"first","12":"instock","13":"purchasable","14":"product-type-simple"},"supplier_id":null,"supplier_sku":"SBPN-02","barcode":null,"atum_controlled":true,"out_stock_date":null,"out_stock_threshold":null,"inheritable":false,"inbound_stock":null,"stock_on_hold":0,"sold_today":0,"sales_last_days":0,"reserved_stock":null,"customer_returns":null,"warehouse_damage":null,"lost_in_post":null,"other_logs":null,"out_stock_days":0,"lost_sales":0,"has_location":null,"update_date":"2026-04-27T07:20:29","atum_locations":[],"atum_stock_status":"instock","restock_status":false,"low_stock_amount":"","sales_update_date":"2026-01-30T01:26:09","calc_backorders":null,"_links":{"self":[{"href":"https:\/\/aromasentia.com\/da\/wp-json\/wp\/v2\/product\/201823","targetHints":{"allow":["GET"]}}],"collection":[{"href":"https:\/\/aromasentia.com\/da\/wp-json\/wp\/v2\/product"}],"about":[{"href":"https:\/\/aromasentia.com\/da\/wp-json\/wp\/v2\/types\/product"}],"replies":[{"embeddable":true,"href":"https:\/\/aromasentia.com\/da\/wp-json\/wp\/v2\/comments?post=201823"}],"version-history":[{"count":0,"href":"https:\/\/aromasentia.com\/da\/wp-json\/wp\/v2\/product\/201823\/revisions"}],"wp:featuredmedia":[{"embeddable":true,"href":"https:\/\/aromasentia.com\/da\/wp-json\/wp\/v2\/media\/329011"}],"wp:attachment":[{"href":"https:\/\/aromasentia.com\/da\/wp-json\/wp\/v2\/media?parent=201823"}],"wp:term":[{"taxonomy":"product_brand","embeddable":true,"href":"https:\/\/aromasentia.com\/da\/wp-json\/wp\/v2\/product_brand?post=201823"},{"taxonomy":"product_cat","embeddable":true,"href":"https:\/\/aromasentia.com\/da\/wp-json\/wp\/v2\/product_cat?post=201823"},{"taxonomy":"product_tag","embeddable":true,"href":"https:\/\/aromasentia.com\/da\/wp-json\/wp\/v2\/product_tag?post=201823"}],"curies":[{"name":"wp","href":"https:\/\/api.w.org\/{rel}","templated":true}]}}