{"id":201822,"date":"2025-03-21T14:45:04","date_gmt":"2025-03-21T14:45:04","guid":{"rendered":"https:\/\/aromasentia.com\/product\/phone-holder-bag-stripes-green-flower-decor\/"},"modified":"2025-06-22T03:40:28","modified_gmt":"2025-06-22T03:40:28","slug":"mobilholdere-taske-striber-groen-blomsterdekoration","status":"publish","type":"product","link":"https:\/\/aromasentia.com\/da\/mobilholdere-taske-striber-groen-blomsterdekoration\/","title":{"rendered":"Mobilholdere Taske Striber Gr\u00f8n &#8211; Blomsterdekoration"},"content":{"rendered":"<p><span style=\"color: rgb(75, 80, 88);\"> <strong>Telefonholdertasken \u2013 Striber Gr\u00f8nne \u2013 Blomsterdekoration<\/strong> er et stilfuldt og funktionelt tilbeh\u00f8r designet til at holde smartphones sikre, samtidig med at det tilf\u00f8jer et strejf af charme. Med et forfriskende gr\u00f8nt stribet m\u00f8nster og en delikat blomsterfiltdekoration er denne taske perfekt til kunder, der s\u00e6tter pris p\u00e5 farverige, h\u00e5ndlavede designs.<\/span><\/p>\n<p><span style=\"color: rgb(75, 80, 88);\"><strong>Produktegenskaber:<\/strong><\/span><\/p>\n<p><span style=\"color: rgb(75, 80, 88);\">\u2705 H\u00e5ndlavet i Nepal \u2013 Lavet af bl\u00f8de, holdbare materialer for langvarig kvalitet.<\/span><\/p>\n<p><span style=\"color: rgb(75, 80, 88);\">\u2705 Elegant blomsterdesign \u2013 Sikkert fastgjort filtdekoration giver et unikt, naturinspireret look.<\/span><\/p>\n<p><span style=\"color: rgb(75, 80, 88);\">\u2705 H\u00e5ndfri bekvemmelighed \u2013 Lang rem giver mulighed for komfortabel crossbody- eller skulderbrug.<\/span><\/p>\n<p><span style=\"color: rgb(75, 80, 88);\">\u2705 Beskyttende og stilfuld \u2013 Holder smartphones sikre, samtidig med at den forbedrer ethvert outfit med et sjovt og levende design.<\/span><\/p>\n<p><span style=\"color: rgb(75, 80, 88);\">Ideel til butikker, gavebutikker og onlinebutikker. Denne telefontaske er en smuk blanding af funktionalitet og h\u00e5ndlavet kunst.<\/span><\/p>\n","protected":false},"excerpt":{"rendered":"<p>Telefonholdertasken \u2013 Striber Gr\u00f8nne \u2013 Blomsterdekoration er et stilfuldt og funktionelt tilbeh\u00f8r designet til at holde smartphones sikre, samtidig med at det tilf\u00f8jer et strejf af charme. Med et forfriskende gr\u00f8nt stribet m\u00f8nster og en delikat blomsterfiltdekoration er denne taske perfekt til kunder, der s\u00e6tter pris p\u00e5 farverige, h\u00e5ndlavede designs. Produktegenskaber: \u2705 H\u00e5ndlavet i Nepal [&hellip;]<\/p>\n","protected":false},"featured_media":328978,"comment_status":"closed","ping_status":"open","template":"","meta":{"_angie_page":false},"product_brand":[],"product_cat":[7860,7861],"product_tag":[],"class_list":{"0":"post-201822","1":"product","2":"type-product","3":"status-publish","4":"has-post-thumbnail","6":"product_cat-oekologiske-tasker","7":"product_cat-tasker-og-rygsaekke","8":"pa_collection-phone-holder-bags-da","9":"pa_made-in-nepal","11":"first","12":"instock","13":"purchasable","14":"product-type-simple"},"supplier_id":null,"supplier_sku":"SBPN-01","barcode":null,"atum_controlled":true,"out_stock_date":null,"out_stock_threshold":null,"inheritable":false,"inbound_stock":null,"stock_on_hold":0,"sold_today":0,"sales_last_days":0,"reserved_stock":null,"customer_returns":null,"warehouse_damage":null,"lost_in_post":null,"other_logs":null,"out_stock_days":0,"lost_sales":0,"has_location":null,"update_date":"2026-04-27T07:20:29","atum_locations":[],"atum_stock_status":"instock","restock_status":false,"low_stock_amount":"","sales_update_date":"2026-01-30T01:26:18","calc_backorders":null,"_links":{"self":[{"href":"https:\/\/aromasentia.com\/da\/wp-json\/wp\/v2\/product\/201822","targetHints":{"allow":["GET"]}}],"collection":[{"href":"https:\/\/aromasentia.com\/da\/wp-json\/wp\/v2\/product"}],"about":[{"href":"https:\/\/aromasentia.com\/da\/wp-json\/wp\/v2\/types\/product"}],"replies":[{"embeddable":true,"href":"https:\/\/aromasentia.com\/da\/wp-json\/wp\/v2\/comments?post=201822"}],"version-history":[{"count":0,"href":"https:\/\/aromasentia.com\/da\/wp-json\/wp\/v2\/product\/201822\/revisions"}],"wp:featuredmedia":[{"embeddable":true,"href":"https:\/\/aromasentia.com\/da\/wp-json\/wp\/v2\/media\/328978"}],"wp:attachment":[{"href":"https:\/\/aromasentia.com\/da\/wp-json\/wp\/v2\/media?parent=201822"}],"wp:term":[{"taxonomy":"product_brand","embeddable":true,"href":"https:\/\/aromasentia.com\/da\/wp-json\/wp\/v2\/product_brand?post=201822"},{"taxonomy":"product_cat","embeddable":true,"href":"https:\/\/aromasentia.com\/da\/wp-json\/wp\/v2\/product_cat?post=201822"},{"taxonomy":"product_tag","embeddable":true,"href":"https:\/\/aromasentia.com\/da\/wp-json\/wp\/v2\/product_tag?post=201822"}],"curies":[{"name":"wp","href":"https:\/\/api.w.org\/{rel}","templated":true}]}}