{"id":201816,"date":"2025-03-21T14:45:09","date_gmt":"2025-03-21T14:45:09","guid":{"rendered":"https:\/\/aromasentia.com\/product\/yoga-and-festival-pants-thai-fisherman-mandala-mantra-on-grey\/"},"modified":"2025-06-22T03:40:24","modified_gmt":"2025-06-22T03:40:24","slug":"yoga-og-festivalbukser-thai-fisherman-mandala-mantra-on-grey","status":"publish","type":"product","link":"https:\/\/aromasentia.com\/da\/yoga-og-festivalbukser-thai-fisherman-mandala-mantra-on-grey\/","title":{"rendered":"Yoga- Og Festivalbukser &#8211; Thai Fisherman Mandala mantra On Grey"},"content":{"rendered":"<p>Disse bukser er kendetegnet ved deres l\u00f8se og behagelige pasform, hvilket g\u00f8r dem til et fremragende valg til yoga og andre former for fysisk aktivitet samt til fritidst\u00f8j.&nbsp;<\/p>\n<p>Fremstillet af 100 % bomuld i Nepal &nbsp;<\/p>\n<p>Unisex og one size<\/p>\n<p>Bukserne leveres i en kompakt bomuldspose.<\/p>\n<p>Den gr\u00e5 farve i disse Thai Fisherman-yogabukser f\u00e5r dem til at se neutrale og afbalancerede ud og fremh\u00e6ver mandala-mantra-designene.<\/p>\n","protected":false},"excerpt":{"rendered":"<p>Disse bukser er kendetegnet ved deres l\u00f8se og behagelige pasform, hvilket g\u00f8r dem til et fremragende valg til yoga og andre former for fysisk aktivitet samt til fritidst\u00f8j.&nbsp; Fremstillet af 100 % bomuld i Nepal &nbsp; Unisex og one size Bukserne leveres i en kompakt bomuldspose. Den gr\u00e5 farve i disse Thai Fisherman-yogabukser f\u00e5r dem [&hellip;]<\/p>\n","protected":false},"featured_media":329658,"comment_status":"closed","ping_status":"open","template":"","meta":{"_angie_page":false},"product_brand":[],"product_cat":[26597,25831],"product_tag":[],"class_list":{"0":"post-201816","1":"product","2":"type-product","3":"status-publish","4":"has-post-thumbnail","6":"product_cat-bukser","7":"product_cat-toj","8":"pa_collection-yoga-and-festival-pants-da","9":"pa_made-in-nepal","11":"first","12":"instock","13":"purchasable","14":"product-type-simple"},"supplier_id":null,"supplier_sku":"YFP-07","barcode":null,"atum_controlled":true,"out_stock_date":null,"out_stock_threshold":null,"inheritable":false,"inbound_stock":null,"stock_on_hold":0,"sold_today":0,"sales_last_days":0,"reserved_stock":null,"customer_returns":null,"warehouse_damage":null,"lost_in_post":null,"other_logs":null,"out_stock_days":0,"lost_sales":0,"has_location":null,"update_date":"2026-05-08T05:21:54","atum_locations":[],"atum_stock_status":"instock","restock_status":false,"low_stock_amount":"","sales_update_date":"2025-09-05T00:23:49","calc_backorders":null,"_links":{"self":[{"href":"https:\/\/aromasentia.com\/da\/wp-json\/wp\/v2\/product\/201816","targetHints":{"allow":["GET"]}}],"collection":[{"href":"https:\/\/aromasentia.com\/da\/wp-json\/wp\/v2\/product"}],"about":[{"href":"https:\/\/aromasentia.com\/da\/wp-json\/wp\/v2\/types\/product"}],"replies":[{"embeddable":true,"href":"https:\/\/aromasentia.com\/da\/wp-json\/wp\/v2\/comments?post=201816"}],"version-history":[{"count":0,"href":"https:\/\/aromasentia.com\/da\/wp-json\/wp\/v2\/product\/201816\/revisions"}],"wp:featuredmedia":[{"embeddable":true,"href":"https:\/\/aromasentia.com\/da\/wp-json\/wp\/v2\/media\/329658"}],"wp:attachment":[{"href":"https:\/\/aromasentia.com\/da\/wp-json\/wp\/v2\/media?parent=201816"}],"wp:term":[{"taxonomy":"product_brand","embeddable":true,"href":"https:\/\/aromasentia.com\/da\/wp-json\/wp\/v2\/product_brand?post=201816"},{"taxonomy":"product_cat","embeddable":true,"href":"https:\/\/aromasentia.com\/da\/wp-json\/wp\/v2\/product_cat?post=201816"},{"taxonomy":"product_tag","embeddable":true,"href":"https:\/\/aromasentia.com\/da\/wp-json\/wp\/v2\/product_tag?post=201816"}],"curies":[{"name":"wp","href":"https:\/\/api.w.org\/{rel}","templated":true}]}}