{"id":201815,"date":"2025-03-21T14:45:09","date_gmt":"2025-03-21T14:45:09","guid":{"rendered":"https:\/\/aromasentia.com\/product\/yoga-and-festival-pants-aladdin-himalayan-print-on-orange\/"},"modified":"2025-06-22T03:40:23","modified_gmt":"2025-06-22T03:40:23","slug":"yoga-og-festivalbukser-aladdin-himalaya-print-paa-orange","status":"publish","type":"product","link":"https:\/\/aromasentia.com\/da\/yoga-og-festivalbukser-aladdin-himalaya-print-paa-orange\/","title":{"rendered":"Yoga- Og Festivalbukser &#8211; Aladdin Himalaya Print P\u00e5 Orange"},"content":{"rendered":"<p>Aladdin yogabukser er ber\u00f8mte for deres rummelige, flydende pasform. Med et drop-crotch-design giver de masser af plads til bev\u00e6gelsesfrihed og smidighed. Den rummelige pasform garanterer, at bukserne er behagelige og tillader fri bev\u00e6gelse takket v\u00e6re deres \u00e5ndbarhed.<\/p>\n<p>Fremstillet af 100 % bomuld i Nepal &nbsp;<\/p>\n<p>Unisex og one size<\/p>\n<p>Bukserne leveres i en kompakt bomuldspose.<\/p>\n<p>Den orange baggrund giver et strejf af farve, og Himalaya-m\u00f8nstrene tilf\u00f8jer et strejf af kultur og spiritualitet.&nbsp;<\/p>\n<p>Aladdin yogabukser er beregnet til yoga, men fungerer godt til forskellige aktiviteter og hverdagst\u00f8j. Mange mennesker kan lide at b\u00e6re dem afslappet med et bohemeagtigt pr\u00e6g, uanset om de slapper af, g\u00e5r \u00e6rinder eller kl\u00e6der sig p\u00e5 til en s\u00e6rlig begivenhed.&nbsp;<\/p>\n","protected":false},"excerpt":{"rendered":"<p>Aladdin yogabukser er ber\u00f8mte for deres rummelige, flydende pasform. Med et drop-crotch-design giver de masser af plads til bev\u00e6gelsesfrihed og smidighed. Den rummelige pasform garanterer, at bukserne er behagelige og tillader fri bev\u00e6gelse takket v\u00e6re deres \u00e5ndbarhed. Fremstillet af 100 % bomuld i Nepal &nbsp; Unisex og one size Bukserne leveres i en kompakt bomuldspose. [&hellip;]<\/p>\n","protected":false},"featured_media":329641,"comment_status":"closed","ping_status":"open","template":"","meta":{"_angie_page":false},"product_brand":[],"product_cat":[26597,25831],"product_tag":[],"class_list":{"0":"post-201815","1":"product","2":"type-product","3":"status-publish","4":"has-post-thumbnail","6":"product_cat-bukser","7":"product_cat-toj","8":"pa_collection-yoga-and-festival-pants-da","9":"pa_made-in-nepal","11":"first","12":"instock","13":"purchasable","14":"product-type-simple"},"supplier_id":null,"supplier_sku":"YFP-06","barcode":null,"atum_controlled":true,"out_stock_date":null,"out_stock_threshold":null,"inheritable":false,"inbound_stock":null,"stock_on_hold":0,"sold_today":0,"sales_last_days":0,"reserved_stock":null,"customer_returns":null,"warehouse_damage":null,"lost_in_post":null,"other_logs":null,"out_stock_days":0,"lost_sales":0,"has_location":null,"update_date":"2026-05-08T05:21:54","atum_locations":[],"atum_stock_status":"instock","restock_status":false,"low_stock_amount":"","sales_update_date":"2025-09-05T00:23:49","calc_backorders":null,"_links":{"self":[{"href":"https:\/\/aromasentia.com\/da\/wp-json\/wp\/v2\/product\/201815","targetHints":{"allow":["GET"]}}],"collection":[{"href":"https:\/\/aromasentia.com\/da\/wp-json\/wp\/v2\/product"}],"about":[{"href":"https:\/\/aromasentia.com\/da\/wp-json\/wp\/v2\/types\/product"}],"replies":[{"embeddable":true,"href":"https:\/\/aromasentia.com\/da\/wp-json\/wp\/v2\/comments?post=201815"}],"version-history":[{"count":0,"href":"https:\/\/aromasentia.com\/da\/wp-json\/wp\/v2\/product\/201815\/revisions"}],"wp:featuredmedia":[{"embeddable":true,"href":"https:\/\/aromasentia.com\/da\/wp-json\/wp\/v2\/media\/329641"}],"wp:attachment":[{"href":"https:\/\/aromasentia.com\/da\/wp-json\/wp\/v2\/media?parent=201815"}],"wp:term":[{"taxonomy":"product_brand","embeddable":true,"href":"https:\/\/aromasentia.com\/da\/wp-json\/wp\/v2\/product_brand?post=201815"},{"taxonomy":"product_cat","embeddable":true,"href":"https:\/\/aromasentia.com\/da\/wp-json\/wp\/v2\/product_cat?post=201815"},{"taxonomy":"product_tag","embeddable":true,"href":"https:\/\/aromasentia.com\/da\/wp-json\/wp\/v2\/product_tag?post=201815"}],"curies":[{"name":"wp","href":"https:\/\/api.w.org\/{rel}","templated":true}]}}