{"id":201813,"date":"2025-03-21T14:45:09","date_gmt":"2025-03-21T14:45:09","guid":{"rendered":"https:\/\/aromasentia.com\/product\/yoga-and-festival-pants-aladdin-himalayan-print-on-grey\/"},"modified":"2025-06-22T03:40:23","modified_gmt":"2025-06-22T03:40:23","slug":"yoga-og-festivalbukser-aladdin-himalaya-print-paa-graa","status":"publish","type":"product","link":"https:\/\/aromasentia.com\/da\/yoga-og-festivalbukser-aladdin-himalaya-print-paa-graa\/","title":{"rendered":"Yoga- Og Festivalbukser &#8211; Aladdin Himalaya Print P\u00e5 Gr\u00e5"},"content":{"rendered":"<p>Aladdin yogabukser er kendt for deres l\u00f8se, b\u00f8lgende pasform. De har en drop-crotch-stil, som giver rigelig plads til bev\u00e6gelse og fleksibilitet. Den l\u00f8se pasform sikrer, at bukserne er behagelige og \u00e5ndbare og giver mulighed for en bred vifte af bev\u00e6gelser.<\/p>\n<p>Fremstillet af 100 % bomuld i Nepal &nbsp;<\/p>\n<p>Unisex og one size<\/p>\n<p>Bukserne leveres i en kompakt bomuldspose.<\/p>\n<p>Den gr\u00e5 baggrund fremh\u00e6ver de livlige symboler og m\u00f8nstre, der er p\u00e5virket af Himalaya.<\/p>\n<p>Mens Aladdin yogabukser er designet med yoga i tankerne, er de alsidige nok til andre aktiviteter og daglig brug. Mange mennesker nyder dem som afslappede bukser i bohemestil, n\u00e5r de slapper af, l\u00f8ber \u00e6rinder eller endda kl\u00e6der sig ud til en s\u00e6rlig lejlighed.&nbsp;<\/p>\n","protected":false},"excerpt":{"rendered":"<p>Aladdin yogabukser er kendt for deres l\u00f8se, b\u00f8lgende pasform. De har en drop-crotch-stil, som giver rigelig plads til bev\u00e6gelse og fleksibilitet. Den l\u00f8se pasform sikrer, at bukserne er behagelige og \u00e5ndbare og giver mulighed for en bred vifte af bev\u00e6gelser. Fremstillet af 100 % bomuld i Nepal &nbsp; Unisex og one size Bukserne leveres i [&hellip;]<\/p>\n","protected":false},"featured_media":329599,"comment_status":"closed","ping_status":"open","template":"","meta":[],"product_brand":[],"product_cat":[26597,25831],"product_tag":[],"class_list":{"0":"post-201813","1":"product","2":"type-product","3":"status-publish","4":"has-post-thumbnail","6":"product_cat-bukser","7":"product_cat-toj","8":"pa_collection-yoga-and-festival-pants-da","9":"pa_made-in-nepal","11":"first","12":"instock","13":"purchasable","14":"product-type-simple"},"supplier_id":null,"supplier_sku":"YFP-04","barcode":null,"atum_controlled":true,"out_stock_date":null,"out_stock_threshold":null,"inheritable":false,"inbound_stock":null,"stock_on_hold":0,"sold_today":0,"sales_last_days":0,"reserved_stock":null,"customer_returns":null,"warehouse_damage":null,"lost_in_post":null,"other_logs":null,"out_stock_days":0,"lost_sales":0,"has_location":null,"update_date":"2026-01-30T15:29:34","atum_locations":[],"atum_stock_status":"instock","restock_status":false,"low_stock_amount":"","sales_update_date":"2025-09-05T00:23:49","calc_backorders":null,"_links":{"self":[{"href":"https:\/\/aromasentia.com\/da\/wp-json\/wp\/v2\/product\/201813","targetHints":{"allow":["GET"]}}],"collection":[{"href":"https:\/\/aromasentia.com\/da\/wp-json\/wp\/v2\/product"}],"about":[{"href":"https:\/\/aromasentia.com\/da\/wp-json\/wp\/v2\/types\/product"}],"replies":[{"embeddable":true,"href":"https:\/\/aromasentia.com\/da\/wp-json\/wp\/v2\/comments?post=201813"}],"version-history":[{"count":0,"href":"https:\/\/aromasentia.com\/da\/wp-json\/wp\/v2\/product\/201813\/revisions"}],"wp:featuredmedia":[{"embeddable":true,"href":"https:\/\/aromasentia.com\/da\/wp-json\/wp\/v2\/media\/329599"}],"wp:attachment":[{"href":"https:\/\/aromasentia.com\/da\/wp-json\/wp\/v2\/media?parent=201813"}],"wp:term":[{"taxonomy":"product_brand","embeddable":true,"href":"https:\/\/aromasentia.com\/da\/wp-json\/wp\/v2\/product_brand?post=201813"},{"taxonomy":"product_cat","embeddable":true,"href":"https:\/\/aromasentia.com\/da\/wp-json\/wp\/v2\/product_cat?post=201813"},{"taxonomy":"product_tag","embeddable":true,"href":"https:\/\/aromasentia.com\/da\/wp-json\/wp\/v2\/product_tag?post=201813"}],"curies":[{"name":"wp","href":"https:\/\/api.w.org\/{rel}","templated":true}]}}