{"id":201803,"date":"2025-03-22T13:29:09","date_gmt":"2025-03-22T13:29:09","guid":{"rendered":"https:\/\/aromasentia.com\/product\/bag-of-12-medium-african-tumble-stones-tigers-eye-golden\/"},"modified":"2025-06-22T03:40:19","modified_gmt":"2025-06-22T03:40:19","slug":"mellemstore-afrikanske-sten-tigeroeje-gylden-12stk","status":"publish","type":"product","link":"https:\/\/aromasentia.com\/da\/mellemstore-afrikanske-sten-tigeroeje-gylden-12stk\/","title":{"rendered":"Mellemstore Afrikanske Sten &#8211; Tiger\u00f8je &#8211; Gylden 12Stk."},"content":{"rendered":"<p>Tiger&#39;s eye er et sj\u00e6ldent mineral, der tilh\u00f8rer kvartsfamilien. Det har en gul og gulbrun farve, det er sk\u00f8rt og uigennemsigtigt. Det har f\u00e5et sit navn b\u00e5de p\u00e5 grund af farven og de optiske effekter, som solens str\u00e5ler for\u00e5rsager.&nbsp;<\/p>\n<p>Tigerens \u00f8je er en popul\u00e6r samler- og dekorationssten. Den bruges ofte som amulet. Den tilskrives mange forskellige egenskaber. Talismaner med tiger\u00f8je blev b\u00e5ret af krigere. I dag anbefales den til begyndende forretningsm\u00e6nd og folk, der dr\u00f8mmer om velstand og \u00f8konomisk uafh\u00e6ngighed.<\/p>\n<p>St\u00f8rrelse ca: 25 &#8211; 45 [mm]\/ 63 sten pr. 1 kg<\/p>\n","protected":false},"excerpt":{"rendered":"<p>Tiger&#39;s eye er et sj\u00e6ldent mineral, der tilh\u00f8rer kvartsfamilien. Det har en gul og gulbrun farve, det er sk\u00f8rt og uigennemsigtigt. Det har f\u00e5et sit navn b\u00e5de p\u00e5 grund af farven og de optiske effekter, som solens str\u00e5ler for\u00e5rsager.&nbsp; Tigerens \u00f8je er en popul\u00e6r samler- og dekorationssten. Den bruges ofte som amulet. Den tilskrives mange [&hellip;]<\/p>\n","protected":false},"featured_media":330697,"comment_status":"closed","ping_status":"open","template":"","meta":{"_angie_page":false},"product_brand":[],"product_cat":[6243,6869],"product_tag":[],"class_list":{"0":"post-201803","1":"product","2":"type-product","3":"status-publish","4":"has-post-thumbnail","6":"product_cat-esoteriske-gaver","7":"product_cat-lommesten","8":"pa_collection-medium-african-tumble-stones-da","9":"pa_made-in-sydafrika","11":"first","12":"outofstock","13":"purchasable","14":"product-type-simple"},"supplier_id":null,"supplier_sku":"ATumbleM-10","barcode":null,"atum_controlled":true,"out_stock_date":"2026-04-25 15:19:39","out_stock_threshold":null,"inheritable":false,"inbound_stock":null,"stock_on_hold":0,"sold_today":0,"sales_last_days":0,"reserved_stock":null,"customer_returns":null,"warehouse_damage":null,"lost_in_post":null,"other_logs":null,"out_stock_days":0,"lost_sales":0,"has_location":null,"update_date":"2026-04-28T06:42:57","atum_locations":[],"atum_stock_status":"outofstock","restock_status":false,"low_stock_amount":"","sales_update_date":"2025-10-09T03:23:56","calc_backorders":null,"_links":{"self":[{"href":"https:\/\/aromasentia.com\/da\/wp-json\/wp\/v2\/product\/201803","targetHints":{"allow":["GET"]}}],"collection":[{"href":"https:\/\/aromasentia.com\/da\/wp-json\/wp\/v2\/product"}],"about":[{"href":"https:\/\/aromasentia.com\/da\/wp-json\/wp\/v2\/types\/product"}],"replies":[{"embeddable":true,"href":"https:\/\/aromasentia.com\/da\/wp-json\/wp\/v2\/comments?post=201803"}],"version-history":[{"count":0,"href":"https:\/\/aromasentia.com\/da\/wp-json\/wp\/v2\/product\/201803\/revisions"}],"wp:featuredmedia":[{"embeddable":true,"href":"https:\/\/aromasentia.com\/da\/wp-json\/wp\/v2\/media\/330697"}],"wp:attachment":[{"href":"https:\/\/aromasentia.com\/da\/wp-json\/wp\/v2\/media?parent=201803"}],"wp:term":[{"taxonomy":"product_brand","embeddable":true,"href":"https:\/\/aromasentia.com\/da\/wp-json\/wp\/v2\/product_brand?post=201803"},{"taxonomy":"product_cat","embeddable":true,"href":"https:\/\/aromasentia.com\/da\/wp-json\/wp\/v2\/product_cat?post=201803"},{"taxonomy":"product_tag","embeddable":true,"href":"https:\/\/aromasentia.com\/da\/wp-json\/wp\/v2\/product_tag?post=201803"}],"curies":[{"name":"wp","href":"https:\/\/api.w.org\/{rel}","templated":true}]}}