{"id":201801,"date":"2025-03-22T13:29:09","date_gmt":"2025-03-22T13:29:09","guid":{"rendered":"https:\/\/aromasentia.com\/product\/bag-of-12-medium-african-tumble-stones-white-howlite-magnesite\/"},"modified":"2025-06-22T03:40:16","modified_gmt":"2025-06-22T03:40:16","slug":"mellemstore-afrikanske-sten-hvid-howlit-magnesit-12stk","status":"publish","type":"product","link":"https:\/\/aromasentia.com\/da\/mellemstore-afrikanske-sten-hvid-howlit-magnesit-12stk\/","title":{"rendered":"Mellemstore Afrikanske Sten &#8211; Hvid Howlit &#8211; magnesit 12Stk."},"content":{"rendered":"<p>Howlit er en m\u00e6lkehvid sten, ofte med sorte eller m\u00f8rkebrune indeslutninger. Et mineral, der er popul\u00e6rt blandt samlere. Howlite bringer lykke og held, stimulerer ogs\u00e5 fantasien og forbedrer hukommelsen.<\/p>\n<p>St\u00f8rrelse ca: 25 &#8211; 45 [mm]\/ 63 sten pr. 1 kg <\/p>\n","protected":false},"excerpt":{"rendered":"<p>Howlit er en m\u00e6lkehvid sten, ofte med sorte eller m\u00f8rkebrune indeslutninger. Et mineral, der er popul\u00e6rt blandt samlere. Howlite bringer lykke og held, stimulerer ogs\u00e5 fantasien og forbedrer hukommelsen. St\u00f8rrelse ca: 25 &#8211; 45 [mm]\/ 63 sten pr. 1 kg<\/p>\n","protected":false},"featured_media":330663,"comment_status":"closed","ping_status":"open","template":"","meta":[],"product_brand":[],"product_cat":[6243,25630,25222,6869,25669],"product_tag":[],"class_list":{"0":"post-201801","1":"product","2":"type-product","3":"status-publish","4":"has-post-thumbnail","6":"product_cat-esoteriske-gaver","7":"product_cat-howlite","8":"product_cat-krystaller-og-sten","9":"product_cat-lommesten","10":"product_cat-magnesit","11":"pa_collection-medium-african-tumble-stones-da","12":"pa_made-in-sydafrika","14":"first","15":"instock","16":"purchasable","17":"product-type-simple"},"supplier_id":null,"supplier_sku":"ATumbleM-07","barcode":null,"atum_controlled":true,"out_stock_date":null,"out_stock_threshold":null,"inheritable":false,"inbound_stock":null,"stock_on_hold":0,"sold_today":0,"sales_last_days":0,"reserved_stock":null,"customer_returns":null,"warehouse_damage":null,"lost_in_post":null,"other_logs":null,"out_stock_days":0,"lost_sales":0,"has_location":null,"update_date":"2026-02-06T00:01:52","atum_locations":[],"atum_stock_status":"instock","restock_status":false,"low_stock_amount":"","sales_update_date":"2026-02-06T00:01:52","calc_backorders":null,"_links":{"self":[{"href":"https:\/\/aromasentia.com\/da\/wp-json\/wp\/v2\/product\/201801","targetHints":{"allow":["GET"]}}],"collection":[{"href":"https:\/\/aromasentia.com\/da\/wp-json\/wp\/v2\/product"}],"about":[{"href":"https:\/\/aromasentia.com\/da\/wp-json\/wp\/v2\/types\/product"}],"replies":[{"embeddable":true,"href":"https:\/\/aromasentia.com\/da\/wp-json\/wp\/v2\/comments?post=201801"}],"version-history":[{"count":0,"href":"https:\/\/aromasentia.com\/da\/wp-json\/wp\/v2\/product\/201801\/revisions"}],"wp:featuredmedia":[{"embeddable":true,"href":"https:\/\/aromasentia.com\/da\/wp-json\/wp\/v2\/media\/330663"}],"wp:attachment":[{"href":"https:\/\/aromasentia.com\/da\/wp-json\/wp\/v2\/media?parent=201801"}],"wp:term":[{"taxonomy":"product_brand","embeddable":true,"href":"https:\/\/aromasentia.com\/da\/wp-json\/wp\/v2\/product_brand?post=201801"},{"taxonomy":"product_cat","embeddable":true,"href":"https:\/\/aromasentia.com\/da\/wp-json\/wp\/v2\/product_cat?post=201801"},{"taxonomy":"product_tag","embeddable":true,"href":"https:\/\/aromasentia.com\/da\/wp-json\/wp\/v2\/product_tag?post=201801"}],"curies":[{"name":"wp","href":"https:\/\/api.w.org\/{rel}","templated":true}]}}