{"id":201798,"date":"2025-03-22T13:29:09","date_gmt":"2025-03-22T13:29:09","guid":{"rendered":"https:\/\/aromasentia.com\/product\/bag-of-12-medium-african-tumble-stones-guinea-fowl-bag-of-12-medium\/"},"modified":"2025-06-22T03:40:15","modified_gmt":"2025-06-22T03:40:15","slug":"mellemstore-afrikanske-sten-perlehoens-mellemstore-12stk","status":"publish","type":"product","link":"https:\/\/aromasentia.com\/da\/mellemstore-afrikanske-sten-perlehoens-mellemstore-12stk\/","title":{"rendered":"Mellemstore Afrikanske Sten &#8211; Perleh\u00f8ns Mellemstore 12Stk."},"content":{"rendered":"<p>Perleh\u00f8nejaspis er en sort sten med hvide pletter. Den ligner fjerene fra perleh\u00f8ns fra Congo i Afrika. Den menes at st\u00f8tte meditation og udvikling af intuition og kreativitet. Den m\u00e5 ikke placeres i solen.<\/p>\n<p>St\u00f8rrelse ca: 25 &#8211; 45 [mm]\/ 63 sten pr. 1 kg<\/p>\n","protected":false},"excerpt":{"rendered":"<p>Perleh\u00f8nejaspis er en sort sten med hvide pletter. Den ligner fjerene fra perleh\u00f8ns fra Congo i Afrika. Den menes at st\u00f8tte meditation og udvikling af intuition og kreativitet. Den m\u00e5 ikke placeres i solen. St\u00f8rrelse ca: 25 &#8211; 45 [mm]\/ 63 sten pr. 1 kg<\/p>\n","protected":false},"featured_media":330612,"comment_status":"closed","ping_status":"open","template":"","meta":{"_angie_page":false},"product_brand":[],"product_cat":[6243,6869],"product_tag":[],"class_list":{"0":"post-201798","1":"product","2":"type-product","3":"status-publish","4":"has-post-thumbnail","6":"product_cat-esoteriske-gaver","7":"product_cat-lommesten","8":"pa_collection-medium-african-tumble-stones-da","9":"pa_made-in-sydafrika","11":"first","12":"instock","13":"purchasable","14":"product-type-simple"},"supplier_id":null,"supplier_sku":"ATumbleM-04","barcode":null,"atum_controlled":true,"out_stock_date":null,"out_stock_threshold":null,"inheritable":false,"inbound_stock":null,"stock_on_hold":0,"sold_today":0,"sales_last_days":0,"reserved_stock":null,"customer_returns":null,"warehouse_damage":null,"lost_in_post":null,"other_logs":null,"out_stock_days":0,"lost_sales":0,"has_location":null,"update_date":"2026-04-27T06:51:33","atum_locations":[],"atum_stock_status":"instock","restock_status":false,"low_stock_amount":"","sales_update_date":"2025-10-09T03:23:56","calc_backorders":null,"_links":{"self":[{"href":"https:\/\/aromasentia.com\/da\/wp-json\/wp\/v2\/product\/201798","targetHints":{"allow":["GET"]}}],"collection":[{"href":"https:\/\/aromasentia.com\/da\/wp-json\/wp\/v2\/product"}],"about":[{"href":"https:\/\/aromasentia.com\/da\/wp-json\/wp\/v2\/types\/product"}],"replies":[{"embeddable":true,"href":"https:\/\/aromasentia.com\/da\/wp-json\/wp\/v2\/comments?post=201798"}],"version-history":[{"count":0,"href":"https:\/\/aromasentia.com\/da\/wp-json\/wp\/v2\/product\/201798\/revisions"}],"wp:featuredmedia":[{"embeddable":true,"href":"https:\/\/aromasentia.com\/da\/wp-json\/wp\/v2\/media\/330612"}],"wp:attachment":[{"href":"https:\/\/aromasentia.com\/da\/wp-json\/wp\/v2\/media?parent=201798"}],"wp:term":[{"taxonomy":"product_brand","embeddable":true,"href":"https:\/\/aromasentia.com\/da\/wp-json\/wp\/v2\/product_brand?post=201798"},{"taxonomy":"product_cat","embeddable":true,"href":"https:\/\/aromasentia.com\/da\/wp-json\/wp\/v2\/product_cat?post=201798"},{"taxonomy":"product_tag","embeddable":true,"href":"https:\/\/aromasentia.com\/da\/wp-json\/wp\/v2\/product_tag?post=201798"}],"curies":[{"name":"wp","href":"https:\/\/api.w.org\/{rel}","templated":true}]}}